{"id":17996,"date":"2025-07-24T09:44:18","date_gmt":"2025-07-24T07:44:18","guid":{"rendered":"https:\/\/www.cuervoysobrinos.com\/swiss-savoir-faire\/"},"modified":"2026-04-17T13:14:12","modified_gmt":"2026-04-17T11:14:12","slug":"savoir-faire-suizo","status":"publish","type":"page","link":"https:\/\/www.cuervoysobrinos.com\/es\/savoir-faire-suizo\/","title":{"rendered":"Savoir Faire suizo"},"content":{"rendered":"\t\t<div data-elementor-type=\"wp-page\" data-elementor-id=\"17996\" class=\"elementor elementor-17996 elementor-1065\" data-elementor-post-type=\"page\">\n\t\t\t\t<div class=\"elementor-element elementor-element-3b14663 e-flex e-con-boxed e-con e-parent\" data-id=\"3b14663\" data-element_type=\"container\" data-e-type=\"container\">\n\t\t\t\t\t<div class=\"e-con-inner\">\n\t\t\t\t<div class=\"elementor-element elementor-element-fa893c4 elementor-widget elementor-widget-heading\" data-id=\"fa893c4\" data-element_type=\"widget\" data-e-type=\"widget\" data-widget_type=\"heading.default\">\n\t\t\t\t\t<h2 class=\"elementor-heading-title elementor-size-default\">Nuestra inspiraci\u00f3n<\/h2>\t\t\t\t<\/div>\n\t\t\t\t<div class=\"elementor-element elementor-element-e08e1dd elementor-widget elementor-widget-image\" data-id=\"e08e1dd\" data-element_type=\"widget\" data-e-type=\"widget\" data-widget_type=\"image.default\">\n\t\t\t\t\t\t\t\t\t\t\t\t\t\t\t<img fetchpriority=\"high\" decoding=\"async\" width=\"1920\" height=\"800\" src=\"https:\/\/www.cuervoysobrinos.com\/wp-content\/uploads\/2025\/07\/Header_Cuervo-y-Sobrinos_Savoir-Faire.png\" class=\"attachment-full size-full wp-image-17997\" alt=\"\" srcset=\"https:\/\/www.cuervoysobrinos.com\/wp-content\/uploads\/2025\/07\/Header_Cuervo-y-Sobrinos_Savoir-Faire.png 1920w, https:\/\/www.cuervoysobrinos.com\/wp-content\/uploads\/2025\/07\/Header_Cuervo-y-Sobrinos_Savoir-Faire-300x125.png 300w, https:\/\/www.cuervoysobrinos.com\/wp-content\/uploads\/2025\/07\/Header_Cuervo-y-Sobrinos_Savoir-Faire-600x250.png 600w, https:\/\/www.cuervoysobrinos.com\/wp-content\/uploads\/2025\/07\/Header_Cuervo-y-Sobrinos_Savoir-Faire-1024x427.png 1024w, https:\/\/www.cuervoysobrinos.com\/wp-content\/uploads\/2025\/07\/Header_Cuervo-y-Sobrinos_Savoir-Faire-768x320.png 768w, https:\/\/www.cuervoysobrinos.com\/wp-content\/uploads\/2025\/07\/Header_Cuervo-y-Sobrinos_Savoir-Faire-1536x640.png 1536w\" sizes=\"(max-width: 1920px) 100vw, 1920px\" \/>\t\t\t\t\t\t\t\t\t\t\t\t\t\t\t<\/div>\n\t\t\t\t\t<\/div>\n\t\t\t\t<\/div>\n\t\t<div class=\"elementor-element elementor-element-f1d8e76 e-flex e-con-boxed e-con e-parent\" data-id=\"f1d8e76\" data-element_type=\"container\" data-e-type=\"container\">\n\t\t\t\t\t<div class=\"e-con-inner\">\n\t\t<div class=\"elementor-element elementor-element-34c4719 e-con-full e-flex e-con e-child\" data-id=\"34c4719\" data-element_type=\"container\" data-e-type=\"container\">\n\t\t\t\t<div class=\"elementor-element elementor-element-39097e0 elementor-widget elementor-widget-text-editor\" data-id=\"39097e0\" data-element_type=\"widget\" data-e-type=\"widget\" data-widget_type=\"text-editor.default\">\n\t\t\t\t\t\t\t\t\t<p>Cuervo y Sobrinos produce sus relojes en Suiza. Su sede en Capolago tiene vistas al lago Lugano. Aqu\u00ed, los dise\u00f1adores y relojeros altamente cualificados se inspiran en diversas fuentes, incluyendo modelos anteriores.  <\/p>\t\t\t\t\t\t\t\t<\/div>\n\t\t\t\t<\/div>\n\t\t<div class=\"elementor-element elementor-element-35c704f e-con-full e-flex e-con e-child\" data-id=\"35c704f\" data-element_type=\"container\" data-e-type=\"container\">\n\t\t\t\t<div class=\"elementor-element elementor-element-5c45684 elementor-widget elementor-widget-text-editor\" data-id=\"5c45684\" data-element_type=\"widget\" data-e-type=\"widget\" data-widget_type=\"text-editor.default\">\n\t\t\t\t\t\t\t\t\t<p>Algunos dise\u00f1os est\u00e1n influenciados por el art d\u00e9co, un movimiento en las artes decorativas y la arquitectura que fue popular en las d\u00e9cadas de 1920 y 1930. En \u00faltima instancia, el enfoque reflexivo de la marca en el dise\u00f1o ha dado lugar al lanzamiento de relojes dotados de detalles refinados y una elegancia discreta. <\/p>\t\t\t\t\t\t\t\t<\/div>\n\t\t\t\t<\/div>\n\t\t\t\t\t<\/div>\n\t\t\t\t<\/div>\n\t\t\t\t<section class=\"elementor-section elementor-top-section elementor-element elementor-element-457f667 elementor-section-stretched elementor-section-boxed elementor-section-height-default elementor-section-height-default\" data-id=\"457f667\" data-element_type=\"section\" data-e-type=\"section\" data-settings=\"{&quot;stretch_section&quot;:&quot;section-stretched&quot;,&quot;background_background&quot;:&quot;classic&quot;}\">\n\t\t\t\t\t\t<div class=\"elementor-container elementor-column-gap-default\">\n\t\t\t\t\t<div class=\"elementor-column elementor-col-100 elementor-top-column elementor-element elementor-element-59b262b\" data-id=\"59b262b\" data-element_type=\"column\" data-e-type=\"column\">\n\t\t\t<div class=\"elementor-widget-wrap elementor-element-populated\">\n\t\t\t\t\t\t<section class=\"elementor-section elementor-inner-section elementor-element elementor-element-023cd8c elementor-section-boxed elementor-section-height-default elementor-section-height-default\" data-id=\"023cd8c\" data-element_type=\"section\" data-e-type=\"section\">\n\t\t\t\t\t\t<div class=\"elementor-container elementor-column-gap-default\">\n\t\t\t\t\t<div class=\"elementor-column elementor-col-50 elementor-inner-column elementor-element elementor-element-a65920f\" data-id=\"a65920f\" data-element_type=\"column\" data-e-type=\"column\" data-settings=\"{&quot;background_background&quot;:&quot;classic&quot;}\">\n\t\t\t<div class=\"elementor-widget-wrap elementor-element-populated\">\n\t\t\t\t\t\t<div class=\"elementor-element elementor-element-e2d9ec8 elementor-widget elementor-widget-heading\" data-id=\"e2d9ec8\" data-element_type=\"widget\" data-e-type=\"widget\" data-widget_type=\"heading.default\">\n\t\t\t\t\t<h3 class=\"elementor-heading-title elementor-size-default\">Enfoque razonado<\/h3>\t\t\t\t<\/div>\n\t\t\t\t<div class=\"elementor-element elementor-element-e6c1894 elementor-widget elementor-widget-text-editor\" data-id=\"e6c1894\" data-element_type=\"widget\" data-e-type=\"widget\" data-widget_type=\"text-editor.default\">\n\t\t\t\t\t\t\t\t\t<p>Adem\u00e1s, el taller de la empresa acoge a una variedad de expertos. Estas personas trabajan bajo el mismo techo y asumen la responsabilidad de una variedad de tareas, desde el dise\u00f1o hasta el montaje final. Cuervo y Sobrinos emplea una combinaci\u00f3n de t\u00e9cnicas modernas y tradicionales para crear relojes de gran calidad.  <\/p>\t\t\t\t\t\t\t\t<\/div>\n\t\t\t\t\t<\/div>\n\t\t<\/div>\n\t\t\t\t<div class=\"elementor-column elementor-col-50 elementor-inner-column elementor-element elementor-element-49932b7\" data-id=\"49932b7\" data-element_type=\"column\" data-e-type=\"column\">\n\t\t\t<div class=\"elementor-widget-wrap elementor-element-populated\">\n\t\t\t\t\t\t<div class=\"elementor-element elementor-element-aa50278 elementor-widget elementor-widget-image\" data-id=\"aa50278\" data-element_type=\"widget\" data-e-type=\"widget\" data-widget_type=\"image.default\">\n\t\t\t\t\t\t\t\t\t\t\t\t\t\t\t<img decoding=\"async\" width=\"625\" height=\"480\" src=\"https:\/\/www.cuervoysobrinos.com\/wp-content\/uploads\/2025\/07\/Watches_Cuervo-y-Sobrinos_Savoir-Faire.png\" class=\"attachment-large size-large wp-image-18001\" alt=\"\" srcset=\"https:\/\/www.cuervoysobrinos.com\/wp-content\/uploads\/2025\/07\/Watches_Cuervo-y-Sobrinos_Savoir-Faire.png 625w, https:\/\/www.cuervoysobrinos.com\/wp-content\/uploads\/2025\/07\/Watches_Cuervo-y-Sobrinos_Savoir-Faire-300x230.png 300w, https:\/\/www.cuervoysobrinos.com\/wp-content\/uploads\/2025\/07\/Watches_Cuervo-y-Sobrinos_Savoir-Faire-600x461.png 600w\" sizes=\"(max-width: 625px) 100vw, 625px\" \/>\t\t\t\t\t\t\t\t\t\t\t\t\t\t\t<\/div>\n\t\t\t\t\t<\/div>\n\t\t<\/div>\n\t\t\t\t\t<\/div>\n\t\t<\/section>\n\t\t\t\t\t<\/div>\n\t\t<\/div>\n\t\t\t\t\t<\/div>\n\t\t<\/section>\n\t\t\t\t<section class=\"elementor-section elementor-top-section elementor-element elementor-element-c380e2b elementor-section-stretched elementor-section-boxed elementor-section-height-default elementor-section-height-default\" data-id=\"c380e2b\" data-element_type=\"section\" data-e-type=\"section\" data-settings=\"{&quot;stretch_section&quot;:&quot;section-stretched&quot;,&quot;background_background&quot;:&quot;classic&quot;}\">\n\t\t\t\t\t\t<div class=\"elementor-container elementor-column-gap-default\">\n\t\t\t\t\t<div class=\"elementor-column elementor-col-100 elementor-top-column elementor-element elementor-element-895c1d2\" data-id=\"895c1d2\" data-element_type=\"column\" data-e-type=\"column\">\n\t\t\t<div class=\"elementor-widget-wrap elementor-element-populated\">\n\t\t\t\t\t\t<section class=\"elementor-section elementor-inner-section elementor-element elementor-element-38173ae elementor-section-boxed elementor-section-height-default elementor-section-height-default\" data-id=\"38173ae\" data-element_type=\"section\" data-e-type=\"section\" data-settings=\"{&quot;background_background&quot;:&quot;classic&quot;}\">\n\t\t\t\t\t\t<div class=\"elementor-container elementor-column-gap-default\">\n\t\t\t\t\t<div class=\"elementor-column elementor-col-50 elementor-inner-column elementor-element elementor-element-06aac16\" data-id=\"06aac16\" data-element_type=\"column\" data-e-type=\"column\" data-settings=\"{&quot;background_background&quot;:&quot;classic&quot;}\">\n\t\t\t<div class=\"elementor-widget-wrap elementor-element-populated\">\n\t\t\t\t\t\t<div class=\"elementor-element elementor-element-fa15178 elementor-widget elementor-widget-heading\" data-id=\"fa15178\" data-element_type=\"widget\" data-e-type=\"widget\" data-widget_type=\"heading.default\">\n\t\t\t\t\t<h3 class=\"elementor-heading-title elementor-size-default\">Controles de calidad<\/h3>\t\t\t\t<\/div>\n\t\t\t\t<div class=\"elementor-element elementor-element-93d826d elementor-widget elementor-widget-text-editor\" data-id=\"93d826d\" data-element_type=\"widget\" data-e-type=\"widget\" data-widget_type=\"text-editor.default\">\n\t\t\t\t\t\t\t\t\t<p>Los relojes de la empresa se someten a una serie de pruebas, asegurando que cumplen con los estrictos controles de calidad de la marca. Este proceso de revisi\u00f3n comienza con la recepci\u00f3n de materias primas y componentes y concluye cuando los relojes est\u00e1n empaquetados y listos para su env\u00edo. <\/p>\t\t\t\t\t\t\t\t<\/div>\n\t\t\t\t\t<\/div>\n\t\t<\/div>\n\t\t\t\t<div class=\"elementor-column elementor-col-50 elementor-inner-column elementor-element elementor-element-f13b593\" data-id=\"f13b593\" data-element_type=\"column\" data-e-type=\"column\" data-settings=\"{&quot;background_background&quot;:&quot;classic&quot;}\">\n\t\t\t<div class=\"elementor-widget-wrap elementor-element-populated\">\n\t\t\t\t\t\t<div class=\"elementor-element elementor-element-d5fffa6 elementor-widget elementor-widget-image\" data-id=\"d5fffa6\" data-element_type=\"widget\" data-e-type=\"widget\" data-widget_type=\"image.default\">\n\t\t\t\t\t\t\t\t\t\t\t\t\t\t\t<img decoding=\"async\" width=\"625\" height=\"417\" src=\"https:\/\/www.cuervoysobrinos.com\/wp-content\/uploads\/2025\/07\/Quality-controls_Cuervo-y-Sobrinos_Savoir-Faire-1.png\" class=\"attachment-large size-large wp-image-17998\" alt=\"\" srcset=\"https:\/\/www.cuervoysobrinos.com\/wp-content\/uploads\/2025\/07\/Quality-controls_Cuervo-y-Sobrinos_Savoir-Faire-1.png 625w, https:\/\/www.cuervoysobrinos.com\/wp-content\/uploads\/2025\/07\/Quality-controls_Cuervo-y-Sobrinos_Savoir-Faire-1-300x200.png 300w, https:\/\/www.cuervoysobrinos.com\/wp-content\/uploads\/2025\/07\/Quality-controls_Cuervo-y-Sobrinos_Savoir-Faire-1-600x400.png 600w\" sizes=\"(max-width: 625px) 100vw, 625px\" \/>\t\t\t\t\t\t\t\t\t\t\t\t\t\t\t<\/div>\n\t\t\t\t\t<\/div>\n\t\t<\/div>\n\t\t\t\t\t<\/div>\n\t\t<\/section>\n\t\t\t\t<section class=\"elementor-section elementor-inner-section elementor-element elementor-element-f2e52ec elementor-section-boxed elementor-section-height-default elementor-section-height-default\" data-id=\"f2e52ec\" data-element_type=\"section\" data-e-type=\"section\" data-settings=\"{&quot;background_background&quot;:&quot;classic&quot;}\">\n\t\t\t\t\t\t<div class=\"elementor-container elementor-column-gap-default\">\n\t\t\t\t\t<div class=\"elementor-column elementor-col-50 elementor-inner-column elementor-element elementor-element-e4563e7\" data-id=\"e4563e7\" data-element_type=\"column\" data-e-type=\"column\" data-settings=\"{&quot;background_background&quot;:&quot;classic&quot;}\">\n\t\t\t<div class=\"elementor-widget-wrap elementor-element-populated\">\n\t\t\t\t\t\t<div class=\"elementor-element elementor-element-5a4552c elementor-widget elementor-widget-image\" data-id=\"5a4552c\" data-element_type=\"widget\" data-e-type=\"widget\" data-widget_type=\"image.default\">\n\t\t\t\t\t\t\t\t\t\t\t\t\t\t\t<img loading=\"lazy\" decoding=\"async\" width=\"615\" height=\"410\" src=\"https:\/\/www.cuervoysobrinos.com\/wp-content\/uploads\/2025\/07\/Watches_Cuervo-y-Sobrinos_Savoir-Faire_CyS23-1.png\" class=\"attachment-large size-large wp-image-18000\" alt=\"\" srcset=\"https:\/\/www.cuervoysobrinos.com\/wp-content\/uploads\/2025\/07\/Watches_Cuervo-y-Sobrinos_Savoir-Faire_CyS23-1.png 615w, https:\/\/www.cuervoysobrinos.com\/wp-content\/uploads\/2025\/07\/Watches_Cuervo-y-Sobrinos_Savoir-Faire_CyS23-1-300x200.png 300w, https:\/\/www.cuervoysobrinos.com\/wp-content\/uploads\/2025\/07\/Watches_Cuervo-y-Sobrinos_Savoir-Faire_CyS23-1-600x400.png 600w\" sizes=\"(max-width: 615px) 100vw, 615px\" \/>\t\t\t\t\t\t\t\t\t\t\t\t\t\t\t<\/div>\n\t\t\t\t\t<\/div>\n\t\t<\/div>\n\t\t\t\t<div class=\"elementor-column elementor-col-50 elementor-inner-column elementor-element elementor-element-a55ab9b\" data-id=\"a55ab9b\" data-element_type=\"column\" data-e-type=\"column\" data-settings=\"{&quot;background_background&quot;:&quot;classic&quot;}\">\n\t\t\t<div class=\"elementor-widget-wrap elementor-element-populated\">\n\t\t\t\t\t\t<div class=\"elementor-element elementor-element-15600bd elementor-widget elementor-widget-image\" data-id=\"15600bd\" data-element_type=\"widget\" data-e-type=\"widget\" data-widget_type=\"image.default\">\n\t\t\t\t\t\t\t\t\t\t\t\t\t\t\t<img loading=\"lazy\" decoding=\"async\" width=\"615\" height=\"405\" src=\"https:\/\/www.cuervoysobrinos.com\/wp-content\/uploads\/2025\/07\/Watches_Cuervo-y-Sobrinos_Savoir-Faire_CyS-1.png\" class=\"attachment-large size-large wp-image-17999\" alt=\"\" srcset=\"https:\/\/www.cuervoysobrinos.com\/wp-content\/uploads\/2025\/07\/Watches_Cuervo-y-Sobrinos_Savoir-Faire_CyS-1.png 615w, https:\/\/www.cuervoysobrinos.com\/wp-content\/uploads\/2025\/07\/Watches_Cuervo-y-Sobrinos_Savoir-Faire_CyS-1-300x198.png 300w, https:\/\/www.cuervoysobrinos.com\/wp-content\/uploads\/2025\/07\/Watches_Cuervo-y-Sobrinos_Savoir-Faire_CyS-1-600x395.png 600w\" sizes=\"(max-width: 615px) 100vw, 615px\" \/>\t\t\t\t\t\t\t\t\t\t\t\t\t\t\t<\/div>\n\t\t\t\t\t<\/div>\n\t\t<\/div>\n\t\t\t\t\t<\/div>\n\t\t<\/section>\n\t\t\t\t\t<\/div>\n\t\t<\/div>\n\t\t\t\t\t<\/div>\n\t\t<\/section>\n\t\t\t\t<\/div>\n\t\t","protected":false},"excerpt":{"rendered":"<p>Nuestra inspiraci\u00f3n Cuervo y Sobrinos produce sus relojes en Suiza. Su sede en Capolago tiene vistas al lago Lugano. Aqu\u00ed, los dise\u00f1adores y relojeros altamente cualificados se inspiran en diversas fuentes, incluyendo modelos anteriores. Algunos dise\u00f1os est\u00e1n influenciados por el art d\u00e9co, un movimiento en las artes decorativas y la arquitectura que fue popular en &hellip; <br \/><a href=\"https:\/\/www.cuervoysobrinos.com\/es\/savoir-faire-suizo\/\" class=\"more-link\">Continue reading <span class=\"screen-reader-text\">Savoir Faire suizo<\/span><\/a><\/p>\n","protected":false},"author":6,"featured_media":0,"parent":0,"menu_order":0,"comment_status":"closed","ping_status":"closed","template":"","meta":{"_acf_changed":false,"footnotes":""},"class_list":["post-17996","page","type-page","status-publish","hentry"],"acf":[],"yoast_head":"<!-- This site is optimized with the Yoast SEO plugin v27.3 - https:\/\/yoast.com\/product\/yoast-seo-wordpress\/ -->\n<title>Savoir Faire suizo - CUERVO Y SOBRINOS<\/title>\n<meta name=\"robots\" content=\"index, follow, max-snippet:-1, max-image-preview:large, max-video-preview:-1\" \/>\n<link rel=\"canonical\" href=\"https:\/\/www.cuervoysobrinos.com\/es\/savoir-faire-suizo\/\" \/>\n<meta property=\"og:locale\" content=\"es_ES\" \/>\n<meta property=\"og:type\" content=\"article\" \/>\n<meta property=\"og:title\" content=\"Savoir Faire suizo - CUERVO Y SOBRINOS\" \/>\n<meta property=\"og:description\" content=\"Nuestra inspiraci\u00f3n Cuervo y Sobrinos produce sus relojes en Suiza. Su sede en Capolago tiene vistas al lago Lugano. Aqu\u00ed, los dise\u00f1adores y relojeros altamente cualificados se inspiran en diversas fuentes, incluyendo modelos anteriores. Algunos dise\u00f1os est\u00e1n influenciados por el art d\u00e9co, un movimiento en las artes decorativas y la arquitectura que fue popular en &hellip; Continue reading Savoir Faire suizo\" \/>\n<meta property=\"og:url\" content=\"https:\/\/www.cuervoysobrinos.com\/es\/savoir-faire-suizo\/\" \/>\n<meta property=\"og:site_name\" content=\"CUERVO Y SOBRINOS\" \/>\n<meta property=\"article:modified_time\" content=\"2026-04-17T11:14:12+00:00\" \/>\n<meta property=\"og:image\" content=\"https:\/\/www.cuervoysobrinos.com\/wp-content\/uploads\/2025\/07\/Header_Cuervo-y-Sobrinos_Savoir-Faire.png\" \/>\n<meta name=\"twitter:card\" content=\"summary_large_image\" \/>\n<meta name=\"twitter:label1\" content=\"Tiempo de lectura\" \/>\n\t<meta name=\"twitter:data1\" content=\"2 minutos\" \/>\n<script type=\"application\/ld+json\" class=\"yoast-schema-graph\">{\"@context\":\"https:\\\/\\\/schema.org\",\"@graph\":[{\"@type\":\"WebPage\",\"@id\":\"https:\\\/\\\/www.cuervoysobrinos.com\\\/es\\\/savoir-faire-suizo\\\/\",\"url\":\"https:\\\/\\\/www.cuervoysobrinos.com\\\/es\\\/savoir-faire-suizo\\\/\",\"name\":\"Savoir Faire suizo - CUERVO Y SOBRINOS\",\"isPartOf\":{\"@id\":\"https:\\\/\\\/www.cuervoysobrinos.com\\\/#website\"},\"primaryImageOfPage\":{\"@id\":\"https:\\\/\\\/www.cuervoysobrinos.com\\\/es\\\/savoir-faire-suizo\\\/#primaryimage\"},\"image\":{\"@id\":\"https:\\\/\\\/www.cuervoysobrinos.com\\\/es\\\/savoir-faire-suizo\\\/#primaryimage\"},\"thumbnailUrl\":\"https:\\\/\\\/www.cuervoysobrinos.com\\\/wp-content\\\/uploads\\\/2025\\\/07\\\/Header_Cuervo-y-Sobrinos_Savoir-Faire.png\",\"datePublished\":\"2025-07-24T07:44:18+00:00\",\"dateModified\":\"2026-04-17T11:14:12+00:00\",\"breadcrumb\":{\"@id\":\"https:\\\/\\\/www.cuervoysobrinos.com\\\/es\\\/savoir-faire-suizo\\\/#breadcrumb\"},\"inLanguage\":\"es\",\"potentialAction\":[{\"@type\":\"ReadAction\",\"target\":[\"https:\\\/\\\/www.cuervoysobrinos.com\\\/es\\\/savoir-faire-suizo\\\/\"]}]},{\"@type\":\"ImageObject\",\"inLanguage\":\"es\",\"@id\":\"https:\\\/\\\/www.cuervoysobrinos.com\\\/es\\\/savoir-faire-suizo\\\/#primaryimage\",\"url\":\"https:\\\/\\\/www.cuervoysobrinos.com\\\/wp-content\\\/uploads\\\/2025\\\/07\\\/Header_Cuervo-y-Sobrinos_Savoir-Faire.png\",\"contentUrl\":\"https:\\\/\\\/www.cuervoysobrinos.com\\\/wp-content\\\/uploads\\\/2025\\\/07\\\/Header_Cuervo-y-Sobrinos_Savoir-Faire.png\"},{\"@type\":\"BreadcrumbList\",\"@id\":\"https:\\\/\\\/www.cuervoysobrinos.com\\\/es\\\/savoir-faire-suizo\\\/#breadcrumb\",\"itemListElement\":[{\"@type\":\"ListItem\",\"position\":1,\"name\":\"Home\",\"item\":\"https:\\\/\\\/www.cuervoysobrinos.com\\\/es\\\/\"},{\"@type\":\"ListItem\",\"position\":2,\"name\":\"Savoir Faire suizo\"}]},{\"@type\":\"WebSite\",\"@id\":\"https:\\\/\\\/www.cuervoysobrinos.com\\\/#website\",\"url\":\"https:\\\/\\\/www.cuervoysobrinos.com\\\/\",\"name\":\"Cuervo y Sobrinos\",\"description\":\"\",\"publisher\":{\"@id\":\"https:\\\/\\\/www.cuervoysobrinos.com\\\/#organization\"},\"potentialAction\":[{\"@type\":\"SearchAction\",\"target\":{\"@type\":\"EntryPoint\",\"urlTemplate\":\"https:\\\/\\\/www.cuervoysobrinos.com\\\/?s={search_term_string}\"},\"query-input\":{\"@type\":\"PropertyValueSpecification\",\"valueRequired\":true,\"valueName\":\"search_term_string\"}}],\"inLanguage\":\"es\"},{\"@type\":\"Organization\",\"@id\":\"https:\\\/\\\/www.cuervoysobrinos.com\\\/#organization\",\"name\":\"Cuervo y Sobrinos\",\"url\":\"https:\\\/\\\/www.cuervoysobrinos.com\\\/\",\"logo\":{\"@type\":\"ImageObject\",\"inLanguage\":\"es\",\"@id\":\"https:\\\/\\\/www.cuervoysobrinos.com\\\/#\\\/schema\\\/logo\\\/image\\\/\",\"url\":\"https:\\\/\\\/www.cuervoysobrinos.com\\\/wp-content\\\/uploads\\\/2025\\\/07\\\/Logo.png\",\"contentUrl\":\"https:\\\/\\\/www.cuervoysobrinos.com\\\/wp-content\\\/uploads\\\/2025\\\/07\\\/Logo.png\",\"width\":614,\"height\":319,\"caption\":\"Cuervo y Sobrinos\"},\"image\":{\"@id\":\"https:\\\/\\\/www.cuervoysobrinos.com\\\/#\\\/schema\\\/logo\\\/image\\\/\"}}]}<\/script>\n<!-- \/ Yoast SEO plugin. -->","yoast_head_json":{"title":"Savoir Faire suizo - CUERVO Y SOBRINOS","robots":{"index":"index","follow":"follow","max-snippet":"max-snippet:-1","max-image-preview":"max-image-preview:large","max-video-preview":"max-video-preview:-1"},"canonical":"https:\/\/www.cuervoysobrinos.com\/es\/savoir-faire-suizo\/","og_locale":"es_ES","og_type":"article","og_title":"Savoir Faire suizo - CUERVO Y SOBRINOS","og_description":"Nuestra inspiraci\u00f3n Cuervo y Sobrinos produce sus relojes en Suiza. Su sede en Capolago tiene vistas al lago Lugano. Aqu\u00ed, los dise\u00f1adores y relojeros altamente cualificados se inspiran en diversas fuentes, incluyendo modelos anteriores. Algunos dise\u00f1os est\u00e1n influenciados por el art d\u00e9co, un movimiento en las artes decorativas y la arquitectura que fue popular en &hellip; Continue reading Savoir Faire suizo","og_url":"https:\/\/www.cuervoysobrinos.com\/es\/savoir-faire-suizo\/","og_site_name":"CUERVO Y SOBRINOS","article_modified_time":"2026-04-17T11:14:12+00:00","og_image":[{"url":"https:\/\/www.cuervoysobrinos.com\/wp-content\/uploads\/2025\/07\/Header_Cuervo-y-Sobrinos_Savoir-Faire.png","type":"","width":"","height":""}],"twitter_card":"summary_large_image","twitter_misc":{"Tiempo de lectura":"2 minutos"},"schema":{"@context":"https:\/\/schema.org","@graph":[{"@type":"WebPage","@id":"https:\/\/www.cuervoysobrinos.com\/es\/savoir-faire-suizo\/","url":"https:\/\/www.cuervoysobrinos.com\/es\/savoir-faire-suizo\/","name":"Savoir Faire suizo - CUERVO Y SOBRINOS","isPartOf":{"@id":"https:\/\/www.cuervoysobrinos.com\/#website"},"primaryImageOfPage":{"@id":"https:\/\/www.cuervoysobrinos.com\/es\/savoir-faire-suizo\/#primaryimage"},"image":{"@id":"https:\/\/www.cuervoysobrinos.com\/es\/savoir-faire-suizo\/#primaryimage"},"thumbnailUrl":"https:\/\/www.cuervoysobrinos.com\/wp-content\/uploads\/2025\/07\/Header_Cuervo-y-Sobrinos_Savoir-Faire.png","datePublished":"2025-07-24T07:44:18+00:00","dateModified":"2026-04-17T11:14:12+00:00","breadcrumb":{"@id":"https:\/\/www.cuervoysobrinos.com\/es\/savoir-faire-suizo\/#breadcrumb"},"inLanguage":"es","potentialAction":[{"@type":"ReadAction","target":["https:\/\/www.cuervoysobrinos.com\/es\/savoir-faire-suizo\/"]}]},{"@type":"ImageObject","inLanguage":"es","@id":"https:\/\/www.cuervoysobrinos.com\/es\/savoir-faire-suizo\/#primaryimage","url":"https:\/\/www.cuervoysobrinos.com\/wp-content\/uploads\/2025\/07\/Header_Cuervo-y-Sobrinos_Savoir-Faire.png","contentUrl":"https:\/\/www.cuervoysobrinos.com\/wp-content\/uploads\/2025\/07\/Header_Cuervo-y-Sobrinos_Savoir-Faire.png"},{"@type":"BreadcrumbList","@id":"https:\/\/www.cuervoysobrinos.com\/es\/savoir-faire-suizo\/#breadcrumb","itemListElement":[{"@type":"ListItem","position":1,"name":"Home","item":"https:\/\/www.cuervoysobrinos.com\/es\/"},{"@type":"ListItem","position":2,"name":"Savoir Faire suizo"}]},{"@type":"WebSite","@id":"https:\/\/www.cuervoysobrinos.com\/#website","url":"https:\/\/www.cuervoysobrinos.com\/","name":"Cuervo y Sobrinos","description":"","publisher":{"@id":"https:\/\/www.cuervoysobrinos.com\/#organization"},"potentialAction":[{"@type":"SearchAction","target":{"@type":"EntryPoint","urlTemplate":"https:\/\/www.cuervoysobrinos.com\/?s={search_term_string}"},"query-input":{"@type":"PropertyValueSpecification","valueRequired":true,"valueName":"search_term_string"}}],"inLanguage":"es"},{"@type":"Organization","@id":"https:\/\/www.cuervoysobrinos.com\/#organization","name":"Cuervo y Sobrinos","url":"https:\/\/www.cuervoysobrinos.com\/","logo":{"@type":"ImageObject","inLanguage":"es","@id":"https:\/\/www.cuervoysobrinos.com\/#\/schema\/logo\/image\/","url":"https:\/\/www.cuervoysobrinos.com\/wp-content\/uploads\/2025\/07\/Logo.png","contentUrl":"https:\/\/www.cuervoysobrinos.com\/wp-content\/uploads\/2025\/07\/Logo.png","width":614,"height":319,"caption":"Cuervo y Sobrinos"},"image":{"@id":"https:\/\/www.cuervoysobrinos.com\/#\/schema\/logo\/image\/"}}]}},"_links":{"self":[{"href":"https:\/\/www.cuervoysobrinos.com\/es\/wp-json\/wp\/v2\/pages\/17996","targetHints":{"allow":["GET"]}}],"collection":[{"href":"https:\/\/www.cuervoysobrinos.com\/es\/wp-json\/wp\/v2\/pages"}],"about":[{"href":"https:\/\/www.cuervoysobrinos.com\/es\/wp-json\/wp\/v2\/types\/page"}],"author":[{"embeddable":true,"href":"https:\/\/www.cuervoysobrinos.com\/es\/wp-json\/wp\/v2\/users\/6"}],"replies":[{"embeddable":true,"href":"https:\/\/www.cuervoysobrinos.com\/es\/wp-json\/wp\/v2\/comments?post=17996"}],"version-history":[{"count":2,"href":"https:\/\/www.cuervoysobrinos.com\/es\/wp-json\/wp\/v2\/pages\/17996\/revisions"}],"predecessor-version":[{"id":18003,"href":"https:\/\/www.cuervoysobrinos.com\/es\/wp-json\/wp\/v2\/pages\/17996\/revisions\/18003"}],"wp:attachment":[{"href":"https:\/\/www.cuervoysobrinos.com\/es\/wp-json\/wp\/v2\/media?parent=17996"}],"curies":[{"name":"wp","href":"https:\/\/api.w.org\/{rel}","templated":true}]}}