{"id":15114,"date":"2025-08-26T07:00:34","date_gmt":"2025-08-26T07:00:34","guid":{"rendered":"https:\/\/www.cuervoysobrinos.com\/swiss-watches\/sin%20categor\u00eda\/aga-blue-classic\/"},"modified":"2026-04-16T10:58:02","modified_gmt":"2026-04-16T08:58:02","slug":"aga-blue-classic","status":"publish","type":"product","link":"https:\/\/www.cuervoysobrinos.com\/es\/swiss-watches\/cronografo\/aga-blue-classic\/","title":{"rendered":"Aga Blue Classic"},"content":{"rendered":"<p><strong>Funciones<br \/>\n<\/strong>Horas, minutos, segundos peque\u00f1os y cron\u00f3grafo. Segundos peque\u00f1os a las 9 horas, contador de minutos a las 12 horas, contador de horas a las 6 horas. Visualizaci\u00f3n de fechas a las 6h<\/p>\n<p><strong>Movimiento<\/strong><br \/>\nValjoux 7750, autom\u00e1tica, di\u00e1metro: 30 mm, altura: 7,90 mm, Reserva de marcha: 48 horas, 25 rubias, 28.800 A\/h, Peso oscilante terminado con decoraci\u00f3n en abanico y emblema CyS de color 3N<\/p>\n<p><strong>Caso<\/strong><br \/>\nAcero inoxidable, di\u00e1metro 41 mm, altura 15,24 mm, cristal de zafiro doble curvado con recubrimiento antirreflejante, resistente al agua hasta 5 ATM, fondo de caja transparente atornillado con cristal de zafiro y logo impreso de Aga Blu Classic<\/p>\n<p><strong>Dial<\/strong><br \/>\nAzul Aga con contadores de contraste plateados a las 12 y 6 horas<\/p>\n<p><strong>Manos<\/strong><br \/>\nManecillas de horas y minutos en forma de hoja de plata con Super-Luminova\u00ae, aguja central del cron\u00f3grafo con punta naranja, manecilla naranja en las 12 y 6 horas, peque\u00f1a manecilla plateada en los segundos a las 9<\/p>\n<p><strong>Correa<\/strong><br \/>\nCorrea negra perforada para pantorrilla \u00abestilo de conducci\u00f3n\u00bb con costuras naranjas<\/p>\n<p><strong>Hebilla<\/strong><br \/>\nHebilla plegable de acero inoxidable grabada con el emblema CyS<\/p>\n<p><strong>Edici\u00f3n<\/strong><br \/>\n Limitada82 piezas, numeradas individualmente<\/p>\n<p><strong>Embalaje<\/strong><\/p>\n<p>Caja de humidor est\u00e1ndar &#8211; PE100<\/p>\n<p>&nbsp;<\/p>\n","protected":false},"excerpt":{"rendered":"<p>Cuervo y Sobrinos presenta su \u00faltima obra maestra: el Chronograph Aga Blue Classic \u2014 un reloj que captura el romanticismo de los viajes vintage por carretera, la sensaci\u00f3n de los asientos de cuero desgastado y el alma de la artesan\u00eda cl\u00e1sica del autom\u00f3vil.<\/p>\n","protected":false},"featured_media":4800,"comment_status":"open","ping_status":"closed","template":"","meta":{"_acf_changed":false},"product_brand":[],"product_cat":[69,71,70],"product_tag":[],"class_list":{"0":"post-15114","1":"product","2":"type-product","3":"status-publish","4":"has-post-thumbnail","6":"product_cat-cronografo","7":"product_cat-novedades","8":"product_cat-nuevas-llegadas","10":"first","11":"instock","12":"shipping-taxable","13":"purchasable","14":"product-type-simple"},"acf":[],"yoast_head":"<!-- This site is optimized with the Yoast SEO plugin v27.3 - https:\/\/yoast.com\/product\/yoast-seo-wordpress\/ -->\n<title>Reloj cron\u00f3grafo cl\u00e1sico suizo | Aga Blue Classic 3141.1AB-<\/title>\n<meta name=\"description\" content=\"Cron\u00f3grafo suizo cl\u00e1sico con car\u00e1tula azul Aga y detalles elegantes. La 3141.1AB combina un dise\u00f1o atemporal con una ingenier\u00eda de precisi\u00f3n para un aspecto sofisticado\" \/>\n<meta name=\"robots\" content=\"index, follow, max-snippet:-1, max-image-preview:large, max-video-preview:-1\" \/>\n<link rel=\"canonical\" href=\"https:\/\/www.cuervoysobrinos.com\/es\/?post_type=product&p=15114\" \/>\n<meta property=\"og:locale\" content=\"es_ES\" \/>\n<meta property=\"og:type\" content=\"article\" \/>\n<meta property=\"og:title\" content=\"Reloj cron\u00f3grafo cl\u00e1sico suizo | Aga Blue Classic 3141.1AB-\" \/>\n<meta property=\"og:description\" content=\"Cron\u00f3grafo suizo cl\u00e1sico con car\u00e1tula azul Aga y detalles elegantes. La 3141.1AB combina un dise\u00f1o atemporal con una ingenier\u00eda de precisi\u00f3n para un aspecto sofisticado\" \/>\n<meta property=\"og:url\" content=\"https:\/\/www.cuervoysobrinos.com\/es\/?post_type=product&amp;p=15114\" \/>\n<meta property=\"og:site_name\" content=\"CUERVO Y SOBRINOS\" \/>\n<meta property=\"article:modified_time\" content=\"2026-04-16T08:58:02+00:00\" \/>\n<meta property=\"og:image\" content=\"https:\/\/www.cuervoysobrinos.com\/wp-content\/uploads\/2025\/08\/3141.1AB-1.png\" \/>\n\t<meta property=\"og:image:width\" content=\"1200\" \/>\n\t<meta property=\"og:image:height\" content=\"1200\" \/>\n\t<meta property=\"og:image:type\" content=\"image\/png\" \/>\n<meta name=\"twitter:card\" content=\"summary_large_image\" \/>\n<meta name=\"twitter:label1\" content=\"Tiempo de lectura\" \/>\n\t<meta name=\"twitter:data1\" content=\"1 minuto\" \/>\n<script type=\"application\/ld+json\" class=\"yoast-schema-graph\">{\"@context\":\"https:\\\/\\\/schema.org\",\"@graph\":[{\"@type\":\"WebPage\",\"@id\":\"https:\\\/\\\/www.cuervoysobrinos.com\\\/es\\\/?post_type=product&p=15114\",\"url\":\"https:\\\/\\\/www.cuervoysobrinos.com\\\/es\\\/?post_type=product&p=15114\",\"name\":\"Reloj cron\u00f3grafo cl\u00e1sico suizo | Aga Blue Classic 3141.1AB-\",\"isPartOf\":{\"@id\":\"https:\\\/\\\/www.cuervoysobrinos.com\\\/#website\"},\"primaryImageOfPage\":{\"@id\":\"https:\\\/\\\/www.cuervoysobrinos.com\\\/es\\\/?post_type=product&p=15114#primaryimage\"},\"image\":{\"@id\":\"https:\\\/\\\/www.cuervoysobrinos.com\\\/es\\\/?post_type=product&p=15114#primaryimage\"},\"thumbnailUrl\":\"https:\\\/\\\/www.cuervoysobrinos.com\\\/wp-content\\\/uploads\\\/2025\\\/08\\\/3141.1AB-1.png\",\"datePublished\":\"2025-08-26T07:00:34+00:00\",\"dateModified\":\"2026-04-16T08:58:02+00:00\",\"description\":\"Cron\u00f3grafo suizo cl\u00e1sico con car\u00e1tula azul Aga y detalles elegantes. La 3141.1AB combina un dise\u00f1o atemporal con una ingenier\u00eda de precisi\u00f3n para un aspecto sofisticado\",\"breadcrumb\":{\"@id\":\"https:\\\/\\\/www.cuervoysobrinos.com\\\/es\\\/?post_type=product&p=15114#breadcrumb\"},\"inLanguage\":\"es\",\"potentialAction\":[{\"@type\":\"ReadAction\",\"target\":[\"https:\\\/\\\/www.cuervoysobrinos.com\\\/es\\\/?post_type=product&p=15114\"]}]},{\"@type\":\"ImageObject\",\"inLanguage\":\"es\",\"@id\":\"https:\\\/\\\/www.cuervoysobrinos.com\\\/es\\\/?post_type=product&p=15114#primaryimage\",\"url\":\"https:\\\/\\\/www.cuervoysobrinos.com\\\/wp-content\\\/uploads\\\/2025\\\/08\\\/3141.1AB-1.png\",\"contentUrl\":\"https:\\\/\\\/www.cuervoysobrinos.com\\\/wp-content\\\/uploads\\\/2025\\\/08\\\/3141.1AB-1.png\",\"width\":1200,\"height\":1200},{\"@type\":\"BreadcrumbList\",\"@id\":\"https:\\\/\\\/www.cuervoysobrinos.com\\\/es\\\/?post_type=product&p=15114#breadcrumb\",\"itemListElement\":[{\"@type\":\"ListItem\",\"position\":1,\"name\":\"Home\",\"item\":\"https:\\\/\\\/www.cuervoysobrinos.com\\\/es\\\/\"},{\"@type\":\"ListItem\",\"position\":2,\"name\":\"Tienda\",\"item\":\"https:\\\/\\\/www.cuervoysobrinos.com\\\/es\\\/tienda\\\/\"},{\"@type\":\"ListItem\",\"position\":3,\"name\":\"Aga Blue Classic\"}]},{\"@type\":\"WebSite\",\"@id\":\"https:\\\/\\\/www.cuervoysobrinos.com\\\/#website\",\"url\":\"https:\\\/\\\/www.cuervoysobrinos.com\\\/\",\"name\":\"Cuervo y Sobrinos\",\"description\":\"\",\"publisher\":{\"@id\":\"https:\\\/\\\/www.cuervoysobrinos.com\\\/#organization\"},\"potentialAction\":[{\"@type\":\"SearchAction\",\"target\":{\"@type\":\"EntryPoint\",\"urlTemplate\":\"https:\\\/\\\/www.cuervoysobrinos.com\\\/?s={search_term_string}\"},\"query-input\":{\"@type\":\"PropertyValueSpecification\",\"valueRequired\":true,\"valueName\":\"search_term_string\"}}],\"inLanguage\":\"es\"},{\"@type\":\"Organization\",\"@id\":\"https:\\\/\\\/www.cuervoysobrinos.com\\\/#organization\",\"name\":\"Cuervo y Sobrinos\",\"url\":\"https:\\\/\\\/www.cuervoysobrinos.com\\\/\",\"logo\":{\"@type\":\"ImageObject\",\"inLanguage\":\"es\",\"@id\":\"https:\\\/\\\/www.cuervoysobrinos.com\\\/#\\\/schema\\\/logo\\\/image\\\/\",\"url\":\"https:\\\/\\\/www.cuervoysobrinos.com\\\/wp-content\\\/uploads\\\/2025\\\/07\\\/Logo.png\",\"contentUrl\":\"https:\\\/\\\/www.cuervoysobrinos.com\\\/wp-content\\\/uploads\\\/2025\\\/07\\\/Logo.png\",\"width\":614,\"height\":319,\"caption\":\"Cuervo y Sobrinos\"},\"image\":{\"@id\":\"https:\\\/\\\/www.cuervoysobrinos.com\\\/#\\\/schema\\\/logo\\\/image\\\/\"}}]}<\/script>\n<!-- \/ Yoast SEO plugin. -->","yoast_head_json":{"title":"Reloj cron\u00f3grafo cl\u00e1sico suizo | Aga Blue Classic 3141.1AB-","description":"Cron\u00f3grafo suizo cl\u00e1sico con car\u00e1tula azul Aga y detalles elegantes. La 3141.1AB combina un dise\u00f1o atemporal con una ingenier\u00eda de precisi\u00f3n para un aspecto sofisticado","robots":{"index":"index","follow":"follow","max-snippet":"max-snippet:-1","max-image-preview":"max-image-preview:large","max-video-preview":"max-video-preview:-1"},"canonical":"https:\/\/www.cuervoysobrinos.com\/es\/?post_type=product&p=15114","og_locale":"es_ES","og_type":"article","og_title":"Reloj cron\u00f3grafo cl\u00e1sico suizo | Aga Blue Classic 3141.1AB-","og_description":"Cron\u00f3grafo suizo cl\u00e1sico con car\u00e1tula azul Aga y detalles elegantes. La 3141.1AB combina un dise\u00f1o atemporal con una ingenier\u00eda de precisi\u00f3n para un aspecto sofisticado","og_url":"https:\/\/www.cuervoysobrinos.com\/es\/?post_type=product&p=15114","og_site_name":"CUERVO Y SOBRINOS","article_modified_time":"2026-04-16T08:58:02+00:00","og_image":[{"width":1200,"height":1200,"url":"https:\/\/www.cuervoysobrinos.com\/wp-content\/uploads\/2025\/08\/3141.1AB-1.png","type":"image\/png"}],"twitter_card":"summary_large_image","twitter_misc":{"Tiempo de lectura":"1 minuto"},"schema":{"@context":"https:\/\/schema.org","@graph":[{"@type":"WebPage","@id":"https:\/\/www.cuervoysobrinos.com\/es\/?post_type=product&p=15114","url":"https:\/\/www.cuervoysobrinos.com\/es\/?post_type=product&p=15114","name":"Reloj cron\u00f3grafo cl\u00e1sico suizo | Aga Blue Classic 3141.1AB-","isPartOf":{"@id":"https:\/\/www.cuervoysobrinos.com\/#website"},"primaryImageOfPage":{"@id":"https:\/\/www.cuervoysobrinos.com\/es\/?post_type=product&p=15114#primaryimage"},"image":{"@id":"https:\/\/www.cuervoysobrinos.com\/es\/?post_type=product&p=15114#primaryimage"},"thumbnailUrl":"https:\/\/www.cuervoysobrinos.com\/wp-content\/uploads\/2025\/08\/3141.1AB-1.png","datePublished":"2025-08-26T07:00:34+00:00","dateModified":"2026-04-16T08:58:02+00:00","description":"Cron\u00f3grafo suizo cl\u00e1sico con car\u00e1tula azul Aga y detalles elegantes. La 3141.1AB combina un dise\u00f1o atemporal con una ingenier\u00eda de precisi\u00f3n para un aspecto sofisticado","breadcrumb":{"@id":"https:\/\/www.cuervoysobrinos.com\/es\/?post_type=product&p=15114#breadcrumb"},"inLanguage":"es","potentialAction":[{"@type":"ReadAction","target":["https:\/\/www.cuervoysobrinos.com\/es\/?post_type=product&p=15114"]}]},{"@type":"ImageObject","inLanguage":"es","@id":"https:\/\/www.cuervoysobrinos.com\/es\/?post_type=product&p=15114#primaryimage","url":"https:\/\/www.cuervoysobrinos.com\/wp-content\/uploads\/2025\/08\/3141.1AB-1.png","contentUrl":"https:\/\/www.cuervoysobrinos.com\/wp-content\/uploads\/2025\/08\/3141.1AB-1.png","width":1200,"height":1200},{"@type":"BreadcrumbList","@id":"https:\/\/www.cuervoysobrinos.com\/es\/?post_type=product&p=15114#breadcrumb","itemListElement":[{"@type":"ListItem","position":1,"name":"Home","item":"https:\/\/www.cuervoysobrinos.com\/es\/"},{"@type":"ListItem","position":2,"name":"Tienda","item":"https:\/\/www.cuervoysobrinos.com\/es\/tienda\/"},{"@type":"ListItem","position":3,"name":"Aga Blue Classic"}]},{"@type":"WebSite","@id":"https:\/\/www.cuervoysobrinos.com\/#website","url":"https:\/\/www.cuervoysobrinos.com\/","name":"Cuervo y Sobrinos","description":"","publisher":{"@id":"https:\/\/www.cuervoysobrinos.com\/#organization"},"potentialAction":[{"@type":"SearchAction","target":{"@type":"EntryPoint","urlTemplate":"https:\/\/www.cuervoysobrinos.com\/?s={search_term_string}"},"query-input":{"@type":"PropertyValueSpecification","valueRequired":true,"valueName":"search_term_string"}}],"inLanguage":"es"},{"@type":"Organization","@id":"https:\/\/www.cuervoysobrinos.com\/#organization","name":"Cuervo y Sobrinos","url":"https:\/\/www.cuervoysobrinos.com\/","logo":{"@type":"ImageObject","inLanguage":"es","@id":"https:\/\/www.cuervoysobrinos.com\/#\/schema\/logo\/image\/","url":"https:\/\/www.cuervoysobrinos.com\/wp-content\/uploads\/2025\/07\/Logo.png","contentUrl":"https:\/\/www.cuervoysobrinos.com\/wp-content\/uploads\/2025\/07\/Logo.png","width":614,"height":319,"caption":"Cuervo y Sobrinos"},"image":{"@id":"https:\/\/www.cuervoysobrinos.com\/#\/schema\/logo\/image\/"}}]}},"_links":{"self":[{"href":"https:\/\/www.cuervoysobrinos.com\/es\/wp-json\/wp\/v2\/product\/15114","targetHints":{"allow":["GET"]}}],"collection":[{"href":"https:\/\/www.cuervoysobrinos.com\/es\/wp-json\/wp\/v2\/product"}],"about":[{"href":"https:\/\/www.cuervoysobrinos.com\/es\/wp-json\/wp\/v2\/types\/product"}],"replies":[{"embeddable":true,"href":"https:\/\/www.cuervoysobrinos.com\/es\/wp-json\/wp\/v2\/comments?post=15114"}],"version-history":[{"count":1,"href":"https:\/\/www.cuervoysobrinos.com\/es\/wp-json\/wp\/v2\/product\/15114\/revisions"}],"predecessor-version":[{"id":15127,"href":"https:\/\/www.cuervoysobrinos.com\/es\/wp-json\/wp\/v2\/product\/15114\/revisions\/15127"}],"wp:featuredmedia":[{"embeddable":true,"href":"https:\/\/www.cuervoysobrinos.com\/es\/wp-json\/wp\/v2\/media\/4800"}],"wp:attachment":[{"href":"https:\/\/www.cuervoysobrinos.com\/es\/wp-json\/wp\/v2\/media?parent=15114"}],"wp:term":[{"taxonomy":"product_brand","embeddable":true,"href":"https:\/\/www.cuervoysobrinos.com\/es\/wp-json\/wp\/v2\/product_brand?post=15114"},{"taxonomy":"product_cat","embeddable":true,"href":"https:\/\/www.cuervoysobrinos.com\/es\/wp-json\/wp\/v2\/product_cat?post=15114"},{"taxonomy":"product_tag","embeddable":true,"href":"https:\/\/www.cuervoysobrinos.com\/es\/wp-json\/wp\/v2\/product_tag?post=15114"}],"curies":[{"name":"wp","href":"https:\/\/api.w.org\/{rel}","templated":true}]}}