{"id":15129,"date":"2025-08-26T07:10:08","date_gmt":"2025-08-26T07:10:08","guid":{"rendered":"https:\/\/www.cuervoysobrinos.com\/swiss-watches\/sin%20categor\u00eda\/emilio-carranza\/"},"modified":"2026-04-17T14:26:25","modified_gmt":"2026-04-17T12:26:25","slug":"emilio-carranza-negro","status":"publish","type":"product","link":"https:\/\/www.cuervoysobrinos.com\/es\/swiss-watches\/cronografo\/emilio-carranza-negro\/","title":{"rendered":"Emilio Carranza"},"content":{"rendered":"<p><strong>Funciones<br \/>\n<\/strong>Horas, minutos, segundos peque\u00f1os y cron\u00f3grafo. Segundos peque\u00f1os a las 9 horas, contador de minutos a las 12 horas, contador de horas a las 6 horas. Visualizaci\u00f3n de fechas a las 6h<\/p>\n<p><strong>Movimiento<\/strong><br \/>\nValjoux 7750, autom\u00e1tica, di\u00e1metro: 30 mm, altura: 7,90 mm, Reserva de marcha: 48 horas, 25 rubias, 28.800 A\/h, Peso oscilante terminado con decoraci\u00f3n en abanico y emblema CyS de color 3N<\/p>\n<p><strong>Caso<\/strong><br \/>\nAcero inoxidable, di\u00e1metro 44 mm, altura 12,10 mm, cristal de zafiro doble curvado con recubrimiento antirreflejante, resistente al agua hasta 3 ATM, corona con grabado del emblema CyS, asas atornilladas, fondo de caja grabado Emilio Carranza<\/p>\n<p><strong>Dial<\/strong><br \/>\nCar\u00e1ter negro, \u00edndices Super-LumiNova\u00ae recubiertos, emblema CYS aplicado, ilustraci\u00f3n en plano grabado<\/p>\n<p><strong>Manos<\/strong><br \/>\nHoras y minutos en color acero con Super-Luminova\u00ae crema, cron\u00f3grafo en color acero segundos centrales con puntero tri\u00e1ngulo rojo y Super-Luminova\u00ae crema. Manecilla de minutos de color acero a 12h, manecilla de contador de color acero a 6h, segunda manecilla peque\u00f1a en forma de h\u00e9lice a 9h<\/p>\n<p><strong>Correa<\/strong><br \/>\nCorrea de cuero vintage con costuras superiores ecru<\/p>\n<p><strong>Hebilla<\/strong><br \/>\nHebilla de acero inoxidable grabada con el emblema CyS<\/p>\n<p><strong>Embalaje<\/strong><br \/>\nCaja de humidor est\u00e1ndar &#8211; PE 100<\/p>\n","protected":false},"excerpt":{"rendered":"<p>El Cron\u00f3grafo Emilio Carranza da vida a la historia mediante un dise\u00f1o inspirado en los instrumentos de cabina de los a\u00f1os 20. La esfera negra presenta \u00edndices recubiertos de Super-LumiNova\u00ae crema, un refinado emblema CyS aplicado con detalles rojos y un motivo grabado de avi\u00f3n a las 9 en punto, una referencia directa a los aviones de Carranza.<\/p>\n","protected":false},"featured_media":15092,"comment_status":"open","ping_status":"closed","template":"","meta":{"_acf_changed":false},"product_brand":[],"product_cat":[69,72,71],"product_tag":[],"class_list":{"0":"post-15129","1":"product","2":"type-product","3":"status-publish","4":"has-post-thumbnail","6":"product_cat-cronografo","7":"product_cat-maxima-puntuacion","8":"product_cat-novedades","10":"first","11":"instock","12":"shipping-taxable","13":"purchasable","14":"product-type-simple"},"acf":[],"yoast_head":"<!-- This site is optimized with the Yoast SEO plugin v27.3 - https:\/\/yoast.com\/product\/yoast-seo-wordpress\/ -->\n<title>Reloj vintage Chronograph de 44 mm, car\u00e1tula negra | Emilio Carranza - CUERVO Y SOBRINOS<\/title>\n<meta name=\"description\" content=\"Reloj cron\u00f3grafo de inspiraci\u00f3n vintage, con car\u00e1cter audaz y elegancia atemporal. El Emilio Carranza rinde homenaje al legado heroico y al dise\u00f1o cl\u00e1sico\" \/>\n<meta name=\"robots\" content=\"index, follow, max-snippet:-1, max-image-preview:large, max-video-preview:-1\" \/>\n<link rel=\"canonical\" href=\"https:\/\/www.cuervoysobrinos.com\/es\/swiss-watches\/cronografo\/emilio-carranza-negro\/\" \/>\n<meta property=\"og:locale\" content=\"es_ES\" \/>\n<meta property=\"og:type\" content=\"article\" \/>\n<meta property=\"og:title\" content=\"Reloj vintage Chronograph de 44 mm, car\u00e1tula negra | Emilio Carranza - CUERVO Y SOBRINOS\" \/>\n<meta property=\"og:description\" content=\"Reloj cron\u00f3grafo de inspiraci\u00f3n vintage, con car\u00e1cter audaz y elegancia atemporal. El Emilio Carranza rinde homenaje al legado heroico y al dise\u00f1o cl\u00e1sico\" \/>\n<meta property=\"og:url\" content=\"https:\/\/www.cuervoysobrinos.com\/es\/swiss-watches\/cronografo\/emilio-carranza-negro\/\" \/>\n<meta property=\"og:site_name\" content=\"CUERVO Y SOBRINOS\" \/>\n<meta property=\"article:modified_time\" content=\"2026-04-17T12:26:25+00:00\" \/>\n<meta property=\"og:image\" content=\"https:\/\/www.cuervoysobrinos.com\/wp-content\/uploads\/2025\/08\/3201-Cobra.png\" \/>\n\t<meta property=\"og:image:width\" content=\"1200\" \/>\n\t<meta property=\"og:image:height\" content=\"1200\" \/>\n\t<meta property=\"og:image:type\" content=\"image\/png\" \/>\n<meta name=\"twitter:card\" content=\"summary_large_image\" \/>\n<meta name=\"twitter:label1\" content=\"Tiempo de lectura\" \/>\n\t<meta name=\"twitter:data1\" content=\"1 minuto\" \/>\n<script type=\"application\/ld+json\" class=\"yoast-schema-graph\">{\"@context\":\"https:\\\/\\\/schema.org\",\"@graph\":[{\"@type\":\"WebPage\",\"@id\":\"https:\\\/\\\/www.cuervoysobrinos.com\\\/es\\\/swiss-watches\\\/cronografo\\\/emilio-carranza-negro\\\/\",\"url\":\"https:\\\/\\\/www.cuervoysobrinos.com\\\/es\\\/swiss-watches\\\/cronografo\\\/emilio-carranza-negro\\\/\",\"name\":\"Reloj vintage Chronograph de 44 mm, car\u00e1tula negra | Emilio Carranza - CUERVO Y SOBRINOS\",\"isPartOf\":{\"@id\":\"https:\\\/\\\/www.cuervoysobrinos.com\\\/#website\"},\"primaryImageOfPage\":{\"@id\":\"https:\\\/\\\/www.cuervoysobrinos.com\\\/es\\\/swiss-watches\\\/cronografo\\\/emilio-carranza-negro\\\/#primaryimage\"},\"image\":{\"@id\":\"https:\\\/\\\/www.cuervoysobrinos.com\\\/es\\\/swiss-watches\\\/cronografo\\\/emilio-carranza-negro\\\/#primaryimage\"},\"thumbnailUrl\":\"https:\\\/\\\/www.cuervoysobrinos.com\\\/wp-content\\\/uploads\\\/2025\\\/08\\\/3201-Cobra.png\",\"datePublished\":\"2025-08-26T07:10:08+00:00\",\"dateModified\":\"2026-04-17T12:26:25+00:00\",\"description\":\"Reloj cron\u00f3grafo de inspiraci\u00f3n vintage, con car\u00e1cter audaz y elegancia atemporal. El Emilio Carranza rinde homenaje al legado heroico y al dise\u00f1o cl\u00e1sico\",\"breadcrumb\":{\"@id\":\"https:\\\/\\\/www.cuervoysobrinos.com\\\/es\\\/swiss-watches\\\/cronografo\\\/emilio-carranza-negro\\\/#breadcrumb\"},\"inLanguage\":\"es\",\"potentialAction\":[{\"@type\":\"ReadAction\",\"target\":[\"https:\\\/\\\/www.cuervoysobrinos.com\\\/es\\\/swiss-watches\\\/cronografo\\\/emilio-carranza-negro\\\/\"]}]},{\"@type\":\"ImageObject\",\"inLanguage\":\"es\",\"@id\":\"https:\\\/\\\/www.cuervoysobrinos.com\\\/es\\\/swiss-watches\\\/cronografo\\\/emilio-carranza-negro\\\/#primaryimage\",\"url\":\"https:\\\/\\\/www.cuervoysobrinos.com\\\/wp-content\\\/uploads\\\/2025\\\/08\\\/3201-Cobra.png\",\"contentUrl\":\"https:\\\/\\\/www.cuervoysobrinos.com\\\/wp-content\\\/uploads\\\/2025\\\/08\\\/3201-Cobra.png\",\"width\":1200,\"height\":1200},{\"@type\":\"BreadcrumbList\",\"@id\":\"https:\\\/\\\/www.cuervoysobrinos.com\\\/es\\\/swiss-watches\\\/cronografo\\\/emilio-carranza-negro\\\/#breadcrumb\",\"itemListElement\":[{\"@type\":\"ListItem\",\"position\":1,\"name\":\"Home\",\"item\":\"https:\\\/\\\/www.cuervoysobrinos.com\\\/es\\\/\"},{\"@type\":\"ListItem\",\"position\":2,\"name\":\"Tienda\",\"item\":\"https:\\\/\\\/www.cuervoysobrinos.com\\\/es\\\/tienda\\\/\"},{\"@type\":\"ListItem\",\"position\":3,\"name\":\"Emilio Carranza\"}]},{\"@type\":\"WebSite\",\"@id\":\"https:\\\/\\\/www.cuervoysobrinos.com\\\/#website\",\"url\":\"https:\\\/\\\/www.cuervoysobrinos.com\\\/\",\"name\":\"Cuervo y Sobrinos\",\"description\":\"\",\"publisher\":{\"@id\":\"https:\\\/\\\/www.cuervoysobrinos.com\\\/#organization\"},\"potentialAction\":[{\"@type\":\"SearchAction\",\"target\":{\"@type\":\"EntryPoint\",\"urlTemplate\":\"https:\\\/\\\/www.cuervoysobrinos.com\\\/?s={search_term_string}\"},\"query-input\":{\"@type\":\"PropertyValueSpecification\",\"valueRequired\":true,\"valueName\":\"search_term_string\"}}],\"inLanguage\":\"es\"},{\"@type\":\"Organization\",\"@id\":\"https:\\\/\\\/www.cuervoysobrinos.com\\\/#organization\",\"name\":\"Cuervo y Sobrinos\",\"url\":\"https:\\\/\\\/www.cuervoysobrinos.com\\\/\",\"logo\":{\"@type\":\"ImageObject\",\"inLanguage\":\"es\",\"@id\":\"https:\\\/\\\/www.cuervoysobrinos.com\\\/#\\\/schema\\\/logo\\\/image\\\/\",\"url\":\"https:\\\/\\\/www.cuervoysobrinos.com\\\/wp-content\\\/uploads\\\/2025\\\/07\\\/Logo.png\",\"contentUrl\":\"https:\\\/\\\/www.cuervoysobrinos.com\\\/wp-content\\\/uploads\\\/2025\\\/07\\\/Logo.png\",\"width\":614,\"height\":319,\"caption\":\"Cuervo y Sobrinos\"},\"image\":{\"@id\":\"https:\\\/\\\/www.cuervoysobrinos.com\\\/#\\\/schema\\\/logo\\\/image\\\/\"}}]}<\/script>\n<!-- \/ Yoast SEO plugin. -->","yoast_head_json":{"title":"Reloj vintage Chronograph de 44 mm, car\u00e1tula negra | Emilio Carranza - CUERVO Y SOBRINOS","description":"Reloj cron\u00f3grafo de inspiraci\u00f3n vintage, con car\u00e1cter audaz y elegancia atemporal. El Emilio Carranza rinde homenaje al legado heroico y al dise\u00f1o cl\u00e1sico","robots":{"index":"index","follow":"follow","max-snippet":"max-snippet:-1","max-image-preview":"max-image-preview:large","max-video-preview":"max-video-preview:-1"},"canonical":"https:\/\/www.cuervoysobrinos.com\/es\/swiss-watches\/cronografo\/emilio-carranza-negro\/","og_locale":"es_ES","og_type":"article","og_title":"Reloj vintage Chronograph de 44 mm, car\u00e1tula negra | Emilio Carranza - CUERVO Y SOBRINOS","og_description":"Reloj cron\u00f3grafo de inspiraci\u00f3n vintage, con car\u00e1cter audaz y elegancia atemporal. El Emilio Carranza rinde homenaje al legado heroico y al dise\u00f1o cl\u00e1sico","og_url":"https:\/\/www.cuervoysobrinos.com\/es\/swiss-watches\/cronografo\/emilio-carranza-negro\/","og_site_name":"CUERVO Y SOBRINOS","article_modified_time":"2026-04-17T12:26:25+00:00","og_image":[{"width":1200,"height":1200,"url":"https:\/\/www.cuervoysobrinos.com\/wp-content\/uploads\/2025\/08\/3201-Cobra.png","type":"image\/png"}],"twitter_card":"summary_large_image","twitter_misc":{"Tiempo de lectura":"1 minuto"},"schema":{"@context":"https:\/\/schema.org","@graph":[{"@type":"WebPage","@id":"https:\/\/www.cuervoysobrinos.com\/es\/swiss-watches\/cronografo\/emilio-carranza-negro\/","url":"https:\/\/www.cuervoysobrinos.com\/es\/swiss-watches\/cronografo\/emilio-carranza-negro\/","name":"Reloj vintage Chronograph de 44 mm, car\u00e1tula negra | Emilio Carranza - CUERVO Y SOBRINOS","isPartOf":{"@id":"https:\/\/www.cuervoysobrinos.com\/#website"},"primaryImageOfPage":{"@id":"https:\/\/www.cuervoysobrinos.com\/es\/swiss-watches\/cronografo\/emilio-carranza-negro\/#primaryimage"},"image":{"@id":"https:\/\/www.cuervoysobrinos.com\/es\/swiss-watches\/cronografo\/emilio-carranza-negro\/#primaryimage"},"thumbnailUrl":"https:\/\/www.cuervoysobrinos.com\/wp-content\/uploads\/2025\/08\/3201-Cobra.png","datePublished":"2025-08-26T07:10:08+00:00","dateModified":"2026-04-17T12:26:25+00:00","description":"Reloj cron\u00f3grafo de inspiraci\u00f3n vintage, con car\u00e1cter audaz y elegancia atemporal. El Emilio Carranza rinde homenaje al legado heroico y al dise\u00f1o cl\u00e1sico","breadcrumb":{"@id":"https:\/\/www.cuervoysobrinos.com\/es\/swiss-watches\/cronografo\/emilio-carranza-negro\/#breadcrumb"},"inLanguage":"es","potentialAction":[{"@type":"ReadAction","target":["https:\/\/www.cuervoysobrinos.com\/es\/swiss-watches\/cronografo\/emilio-carranza-negro\/"]}]},{"@type":"ImageObject","inLanguage":"es","@id":"https:\/\/www.cuervoysobrinos.com\/es\/swiss-watches\/cronografo\/emilio-carranza-negro\/#primaryimage","url":"https:\/\/www.cuervoysobrinos.com\/wp-content\/uploads\/2025\/08\/3201-Cobra.png","contentUrl":"https:\/\/www.cuervoysobrinos.com\/wp-content\/uploads\/2025\/08\/3201-Cobra.png","width":1200,"height":1200},{"@type":"BreadcrumbList","@id":"https:\/\/www.cuervoysobrinos.com\/es\/swiss-watches\/cronografo\/emilio-carranza-negro\/#breadcrumb","itemListElement":[{"@type":"ListItem","position":1,"name":"Home","item":"https:\/\/www.cuervoysobrinos.com\/es\/"},{"@type":"ListItem","position":2,"name":"Tienda","item":"https:\/\/www.cuervoysobrinos.com\/es\/tienda\/"},{"@type":"ListItem","position":3,"name":"Emilio Carranza"}]},{"@type":"WebSite","@id":"https:\/\/www.cuervoysobrinos.com\/#website","url":"https:\/\/www.cuervoysobrinos.com\/","name":"Cuervo y Sobrinos","description":"","publisher":{"@id":"https:\/\/www.cuervoysobrinos.com\/#organization"},"potentialAction":[{"@type":"SearchAction","target":{"@type":"EntryPoint","urlTemplate":"https:\/\/www.cuervoysobrinos.com\/?s={search_term_string}"},"query-input":{"@type":"PropertyValueSpecification","valueRequired":true,"valueName":"search_term_string"}}],"inLanguage":"es"},{"@type":"Organization","@id":"https:\/\/www.cuervoysobrinos.com\/#organization","name":"Cuervo y Sobrinos","url":"https:\/\/www.cuervoysobrinos.com\/","logo":{"@type":"ImageObject","inLanguage":"es","@id":"https:\/\/www.cuervoysobrinos.com\/#\/schema\/logo\/image\/","url":"https:\/\/www.cuervoysobrinos.com\/wp-content\/uploads\/2025\/07\/Logo.png","contentUrl":"https:\/\/www.cuervoysobrinos.com\/wp-content\/uploads\/2025\/07\/Logo.png","width":614,"height":319,"caption":"Cuervo y Sobrinos"},"image":{"@id":"https:\/\/www.cuervoysobrinos.com\/#\/schema\/logo\/image\/"}}]}},"_links":{"self":[{"href":"https:\/\/www.cuervoysobrinos.com\/es\/wp-json\/wp\/v2\/product\/15129","targetHints":{"allow":["GET"]}}],"collection":[{"href":"https:\/\/www.cuervoysobrinos.com\/es\/wp-json\/wp\/v2\/product"}],"about":[{"href":"https:\/\/www.cuervoysobrinos.com\/es\/wp-json\/wp\/v2\/types\/product"}],"replies":[{"embeddable":true,"href":"https:\/\/www.cuervoysobrinos.com\/es\/wp-json\/wp\/v2\/comments?post=15129"}],"version-history":[{"count":2,"href":"https:\/\/www.cuervoysobrinos.com\/es\/wp-json\/wp\/v2\/product\/15129\/revisions"}],"predecessor-version":[{"id":18226,"href":"https:\/\/www.cuervoysobrinos.com\/es\/wp-json\/wp\/v2\/product\/15129\/revisions\/18226"}],"wp:featuredmedia":[{"embeddable":true,"href":"https:\/\/www.cuervoysobrinos.com\/es\/wp-json\/wp\/v2\/media\/15092"}],"wp:attachment":[{"href":"https:\/\/www.cuervoysobrinos.com\/es\/wp-json\/wp\/v2\/media?parent=15129"}],"wp:term":[{"taxonomy":"product_brand","embeddable":true,"href":"https:\/\/www.cuervoysobrinos.com\/es\/wp-json\/wp\/v2\/product_brand?post=15129"},{"taxonomy":"product_cat","embeddable":true,"href":"https:\/\/www.cuervoysobrinos.com\/es\/wp-json\/wp\/v2\/product_cat?post=15129"},{"taxonomy":"product_tag","embeddable":true,"href":"https:\/\/www.cuervoysobrinos.com\/es\/wp-json\/wp\/v2\/product_tag?post=15129"}],"curies":[{"name":"wp","href":"https:\/\/api.w.org\/{rel}","templated":true}]}}