{"id":15153,"date":"2025-08-25T14:07:49","date_gmt":"2025-08-25T14:07:49","guid":{"rendered":"https:\/\/www.cuervoysobrinos.com\/swiss-watches\/sin%20categor\u00eda\/edicion-limitada-heritage\/"},"modified":"2026-04-16T10:58:26","modified_gmt":"2026-04-16T08:58:26","slug":"edicion-limitada-heritage","status":"publish","type":"product","link":"https:\/\/www.cuervoysobrinos.com\/es\/swiss-watches\/cronografo\/edicion-limitada-heritage\/","title":{"rendered":"Edici\u00f3n Limitada Heritage"},"content":{"rendered":"<p><strong>Funciones<br \/>\n<\/strong>Horas, minutos, segundos peque\u00f1os y cron\u00f3grafo. Segundos peque\u00f1os a las 9 horas, contador de minutos a las 12 horas, contador de horas a las 6 horas. Visualizaci\u00f3n de fechas a las 6h  <\/p>\n<p><strong>Movimiento<\/strong><br \/>\nLa Joux-Perret L110, autom\u00e1tica, di\u00e1metro: 30 mm, altura: 7,90 mm, reserva de marcha: 60 horas, 26 piedras, 28.800 A\/h, peso oscilante acabado con decoraci\u00f3n en abanico y emblema CyS dorado 3N. Execution Premium (Arriba) <\/p>\n<p><strong>Caso<\/strong><br \/>\nAcero inoxidable, di\u00e1metro: 41 mm, altura 15,25 mm, cristal de zafiro doble curvado con recubrimiento antirreflejante, resistente al agua hasta 5 ATM: empujador y reinicio vintage de arranque y parada. Atornillado la parte trasera trasera transparente con cristal de zafiro. Masa con decoraci\u00f3n en abanico y el emblema CyS de color 3N aplicado sobre el peso oscilante  <\/p>\n<p><strong>Dial<\/strong><br \/>\nBlanco con fichas plateadas a 3 y 6 horas. \u00cdndice aplicado de oro rosa <\/p>\n<p><strong>Manos<\/strong><br \/>\nHoras, minutos y manecillas centrales del cron\u00f3grafo de oro rosa. Manos doradas rosadas para los tres fichadores <\/p>\n<p><strong>Hebilla<\/strong><br \/>\nHebilla plegable de acero inoxidable grabada con el emblema CyS<\/p>\n<p><strong>Correa<\/strong><br \/>\nCaim\u00e1n de Luisiana de alto brillo Golg<\/p>\n<p><strong>Edici\u00f3n<\/strong><br \/>\n Limitada82 piezas, numeradas individualmente<\/p>\n<p><strong>Embalaje<\/strong><\/p>\n<p>Caja de humidor est\u00e1ndar PE100<\/p>\n<p>&nbsp;<\/p>\n","protected":false},"excerpt":{"rendered":"<p>Cuervo y Sobrinos presenta con orgullo el Chronograph Heritage, un reloj que encarna la identidad \u00fanica de la marca: la artesan\u00eda suiza impregnada del alma de Cuba. El Chronograph Heritage une el pasado y el presente con elegancia, sofisticaci\u00f3n t\u00e9cnica y un esp\u00edritu profundamente arraigado en el legado cultural de La Habana. Reserva de marcha de 60 horas.  <\/p>\n<p>Edici\u00f3n limitada de 82 piezas, numeradas individualmente.<\/p>\n","protected":false},"featured_media":2830,"comment_status":"open","ping_status":"closed","template":"","meta":{"_acf_changed":false},"product_brand":[],"product_cat":[69,71,70],"product_tag":[],"class_list":{"0":"post-15153","1":"product","2":"type-product","3":"status-publish","4":"has-post-thumbnail","6":"product_cat-cronografo","7":"product_cat-novedades","8":"product_cat-nuevas-llegadas","10":"first","11":"instock","12":"shipping-taxable","13":"purchasable","14":"product-type-simple"},"acf":[],"yoast_head":"<!-- This site is optimized with the Yoast SEO plugin v27.3 - https:\/\/yoast.com\/product\/yoast-seo-wordpress\/ -->\n<title>Reloj Heritage Chronograph Edici\u00f3n Limitada, Esfera Blanca -<\/title>\n<meta name=\"description\" content=\"Reloj cron\u00f3grafo elegante con una esfera blanca n\u00edtida y una artesan\u00eda atemporal. El cron\u00f3grafo Heritage est\u00e1 dise\u00f1ado para amantes del detalle atemporal\" \/>\n<meta name=\"robots\" content=\"index, follow, max-snippet:-1, max-image-preview:large, max-video-preview:-1\" \/>\n<link rel=\"canonical\" href=\"https:\/\/www.cuervoysobrinos.com\/es\/?post_type=product&p=15153\" \/>\n<meta property=\"og:locale\" content=\"es_ES\" \/>\n<meta property=\"og:type\" content=\"article\" \/>\n<meta property=\"og:title\" content=\"Reloj Heritage Chronograph Edici\u00f3n Limitada, Esfera Blanca -\" \/>\n<meta property=\"og:description\" content=\"Reloj cron\u00f3grafo elegante con una esfera blanca n\u00edtida y una artesan\u00eda atemporal. El cron\u00f3grafo Heritage est\u00e1 dise\u00f1ado para amantes del detalle atemporal\" \/>\n<meta property=\"og:url\" content=\"https:\/\/www.cuervoysobrinos.com\/es\/?post_type=product&amp;p=15153\" \/>\n<meta property=\"og:site_name\" content=\"CUERVO Y SOBRINOS\" \/>\n<meta property=\"article:modified_time\" content=\"2026-04-16T08:58:26+00:00\" \/>\n<meta property=\"og:image\" content=\"https:\/\/www.cuervoysobrinos.com\/wp-content\/uploads\/2025\/08\/3145.1HLE-Soldier-Web-1.png\" \/>\n\t<meta property=\"og:image:width\" content=\"1200\" \/>\n\t<meta property=\"og:image:height\" content=\"1200\" \/>\n\t<meta property=\"og:image:type\" content=\"image\/png\" \/>\n<meta name=\"twitter:card\" content=\"summary_large_image\" \/>\n<meta name=\"twitter:label1\" content=\"Tiempo de lectura\" \/>\n\t<meta name=\"twitter:data1\" content=\"1 minuto\" \/>\n<script type=\"application\/ld+json\" class=\"yoast-schema-graph\">{\"@context\":\"https:\\\/\\\/schema.org\",\"@graph\":[{\"@type\":\"WebPage\",\"@id\":\"https:\\\/\\\/www.cuervoysobrinos.com\\\/es\\\/?post_type=product&p=15153\",\"url\":\"https:\\\/\\\/www.cuervoysobrinos.com\\\/es\\\/?post_type=product&p=15153\",\"name\":\"Reloj Heritage Chronograph Edici\u00f3n Limitada, Esfera Blanca -\",\"isPartOf\":{\"@id\":\"https:\\\/\\\/www.cuervoysobrinos.com\\\/#website\"},\"primaryImageOfPage\":{\"@id\":\"https:\\\/\\\/www.cuervoysobrinos.com\\\/es\\\/?post_type=product&p=15153#primaryimage\"},\"image\":{\"@id\":\"https:\\\/\\\/www.cuervoysobrinos.com\\\/es\\\/?post_type=product&p=15153#primaryimage\"},\"thumbnailUrl\":\"https:\\\/\\\/www.cuervoysobrinos.com\\\/wp-content\\\/uploads\\\/2025\\\/08\\\/3145.1HLE-Soldier-Web-1.png\",\"datePublished\":\"2025-08-25T14:07:49+00:00\",\"dateModified\":\"2026-04-16T08:58:26+00:00\",\"description\":\"Reloj cron\u00f3grafo elegante con una esfera blanca n\u00edtida y una artesan\u00eda atemporal. El cron\u00f3grafo Heritage est\u00e1 dise\u00f1ado para amantes del detalle atemporal\",\"breadcrumb\":{\"@id\":\"https:\\\/\\\/www.cuervoysobrinos.com\\\/es\\\/?post_type=product&p=15153#breadcrumb\"},\"inLanguage\":\"es\",\"potentialAction\":[{\"@type\":\"ReadAction\",\"target\":[\"https:\\\/\\\/www.cuervoysobrinos.com\\\/es\\\/?post_type=product&p=15153\"]}]},{\"@type\":\"ImageObject\",\"inLanguage\":\"es\",\"@id\":\"https:\\\/\\\/www.cuervoysobrinos.com\\\/es\\\/?post_type=product&p=15153#primaryimage\",\"url\":\"https:\\\/\\\/www.cuervoysobrinos.com\\\/wp-content\\\/uploads\\\/2025\\\/08\\\/3145.1HLE-Soldier-Web-1.png\",\"contentUrl\":\"https:\\\/\\\/www.cuervoysobrinos.com\\\/wp-content\\\/uploads\\\/2025\\\/08\\\/3145.1HLE-Soldier-Web-1.png\",\"width\":1200,\"height\":1200},{\"@type\":\"BreadcrumbList\",\"@id\":\"https:\\\/\\\/www.cuervoysobrinos.com\\\/es\\\/?post_type=product&p=15153#breadcrumb\",\"itemListElement\":[{\"@type\":\"ListItem\",\"position\":1,\"name\":\"Home\",\"item\":\"https:\\\/\\\/www.cuervoysobrinos.com\\\/es\\\/\"},{\"@type\":\"ListItem\",\"position\":2,\"name\":\"Tienda\",\"item\":\"https:\\\/\\\/www.cuervoysobrinos.com\\\/es\\\/tienda\\\/\"},{\"@type\":\"ListItem\",\"position\":3,\"name\":\"Edici\u00f3n Limitada Heritage\"}]},{\"@type\":\"WebSite\",\"@id\":\"https:\\\/\\\/www.cuervoysobrinos.com\\\/#website\",\"url\":\"https:\\\/\\\/www.cuervoysobrinos.com\\\/\",\"name\":\"Cuervo y Sobrinos\",\"description\":\"\",\"publisher\":{\"@id\":\"https:\\\/\\\/www.cuervoysobrinos.com\\\/#organization\"},\"potentialAction\":[{\"@type\":\"SearchAction\",\"target\":{\"@type\":\"EntryPoint\",\"urlTemplate\":\"https:\\\/\\\/www.cuervoysobrinos.com\\\/?s={search_term_string}\"},\"query-input\":{\"@type\":\"PropertyValueSpecification\",\"valueRequired\":true,\"valueName\":\"search_term_string\"}}],\"inLanguage\":\"es\"},{\"@type\":\"Organization\",\"@id\":\"https:\\\/\\\/www.cuervoysobrinos.com\\\/#organization\",\"name\":\"Cuervo y Sobrinos\",\"url\":\"https:\\\/\\\/www.cuervoysobrinos.com\\\/\",\"logo\":{\"@type\":\"ImageObject\",\"inLanguage\":\"es\",\"@id\":\"https:\\\/\\\/www.cuervoysobrinos.com\\\/#\\\/schema\\\/logo\\\/image\\\/\",\"url\":\"https:\\\/\\\/www.cuervoysobrinos.com\\\/wp-content\\\/uploads\\\/2025\\\/07\\\/Logo.png\",\"contentUrl\":\"https:\\\/\\\/www.cuervoysobrinos.com\\\/wp-content\\\/uploads\\\/2025\\\/07\\\/Logo.png\",\"width\":614,\"height\":319,\"caption\":\"Cuervo y Sobrinos\"},\"image\":{\"@id\":\"https:\\\/\\\/www.cuervoysobrinos.com\\\/#\\\/schema\\\/logo\\\/image\\\/\"}}]}<\/script>\n<!-- \/ Yoast SEO plugin. -->","yoast_head_json":{"title":"Reloj Heritage Chronograph Edici\u00f3n Limitada, Esfera Blanca -","description":"Reloj cron\u00f3grafo elegante con una esfera blanca n\u00edtida y una artesan\u00eda atemporal. El cron\u00f3grafo Heritage est\u00e1 dise\u00f1ado para amantes del detalle atemporal","robots":{"index":"index","follow":"follow","max-snippet":"max-snippet:-1","max-image-preview":"max-image-preview:large","max-video-preview":"max-video-preview:-1"},"canonical":"https:\/\/www.cuervoysobrinos.com\/es\/?post_type=product&p=15153","og_locale":"es_ES","og_type":"article","og_title":"Reloj Heritage Chronograph Edici\u00f3n Limitada, Esfera Blanca -","og_description":"Reloj cron\u00f3grafo elegante con una esfera blanca n\u00edtida y una artesan\u00eda atemporal. El cron\u00f3grafo Heritage est\u00e1 dise\u00f1ado para amantes del detalle atemporal","og_url":"https:\/\/www.cuervoysobrinos.com\/es\/?post_type=product&p=15153","og_site_name":"CUERVO Y SOBRINOS","article_modified_time":"2026-04-16T08:58:26+00:00","og_image":[{"width":1200,"height":1200,"url":"https:\/\/www.cuervoysobrinos.com\/wp-content\/uploads\/2025\/08\/3145.1HLE-Soldier-Web-1.png","type":"image\/png"}],"twitter_card":"summary_large_image","twitter_misc":{"Tiempo de lectura":"1 minuto"},"schema":{"@context":"https:\/\/schema.org","@graph":[{"@type":"WebPage","@id":"https:\/\/www.cuervoysobrinos.com\/es\/?post_type=product&p=15153","url":"https:\/\/www.cuervoysobrinos.com\/es\/?post_type=product&p=15153","name":"Reloj Heritage Chronograph Edici\u00f3n Limitada, Esfera Blanca -","isPartOf":{"@id":"https:\/\/www.cuervoysobrinos.com\/#website"},"primaryImageOfPage":{"@id":"https:\/\/www.cuervoysobrinos.com\/es\/?post_type=product&p=15153#primaryimage"},"image":{"@id":"https:\/\/www.cuervoysobrinos.com\/es\/?post_type=product&p=15153#primaryimage"},"thumbnailUrl":"https:\/\/www.cuervoysobrinos.com\/wp-content\/uploads\/2025\/08\/3145.1HLE-Soldier-Web-1.png","datePublished":"2025-08-25T14:07:49+00:00","dateModified":"2026-04-16T08:58:26+00:00","description":"Reloj cron\u00f3grafo elegante con una esfera blanca n\u00edtida y una artesan\u00eda atemporal. El cron\u00f3grafo Heritage est\u00e1 dise\u00f1ado para amantes del detalle atemporal","breadcrumb":{"@id":"https:\/\/www.cuervoysobrinos.com\/es\/?post_type=product&p=15153#breadcrumb"},"inLanguage":"es","potentialAction":[{"@type":"ReadAction","target":["https:\/\/www.cuervoysobrinos.com\/es\/?post_type=product&p=15153"]}]},{"@type":"ImageObject","inLanguage":"es","@id":"https:\/\/www.cuervoysobrinos.com\/es\/?post_type=product&p=15153#primaryimage","url":"https:\/\/www.cuervoysobrinos.com\/wp-content\/uploads\/2025\/08\/3145.1HLE-Soldier-Web-1.png","contentUrl":"https:\/\/www.cuervoysobrinos.com\/wp-content\/uploads\/2025\/08\/3145.1HLE-Soldier-Web-1.png","width":1200,"height":1200},{"@type":"BreadcrumbList","@id":"https:\/\/www.cuervoysobrinos.com\/es\/?post_type=product&p=15153#breadcrumb","itemListElement":[{"@type":"ListItem","position":1,"name":"Home","item":"https:\/\/www.cuervoysobrinos.com\/es\/"},{"@type":"ListItem","position":2,"name":"Tienda","item":"https:\/\/www.cuervoysobrinos.com\/es\/tienda\/"},{"@type":"ListItem","position":3,"name":"Edici\u00f3n Limitada Heritage"}]},{"@type":"WebSite","@id":"https:\/\/www.cuervoysobrinos.com\/#website","url":"https:\/\/www.cuervoysobrinos.com\/","name":"Cuervo y Sobrinos","description":"","publisher":{"@id":"https:\/\/www.cuervoysobrinos.com\/#organization"},"potentialAction":[{"@type":"SearchAction","target":{"@type":"EntryPoint","urlTemplate":"https:\/\/www.cuervoysobrinos.com\/?s={search_term_string}"},"query-input":{"@type":"PropertyValueSpecification","valueRequired":true,"valueName":"search_term_string"}}],"inLanguage":"es"},{"@type":"Organization","@id":"https:\/\/www.cuervoysobrinos.com\/#organization","name":"Cuervo y Sobrinos","url":"https:\/\/www.cuervoysobrinos.com\/","logo":{"@type":"ImageObject","inLanguage":"es","@id":"https:\/\/www.cuervoysobrinos.com\/#\/schema\/logo\/image\/","url":"https:\/\/www.cuervoysobrinos.com\/wp-content\/uploads\/2025\/07\/Logo.png","contentUrl":"https:\/\/www.cuervoysobrinos.com\/wp-content\/uploads\/2025\/07\/Logo.png","width":614,"height":319,"caption":"Cuervo y Sobrinos"},"image":{"@id":"https:\/\/www.cuervoysobrinos.com\/#\/schema\/logo\/image\/"}}]}},"_links":{"self":[{"href":"https:\/\/www.cuervoysobrinos.com\/es\/wp-json\/wp\/v2\/product\/15153","targetHints":{"allow":["GET"]}}],"collection":[{"href":"https:\/\/www.cuervoysobrinos.com\/es\/wp-json\/wp\/v2\/product"}],"about":[{"href":"https:\/\/www.cuervoysobrinos.com\/es\/wp-json\/wp\/v2\/types\/product"}],"replies":[{"embeddable":true,"href":"https:\/\/www.cuervoysobrinos.com\/es\/wp-json\/wp\/v2\/comments?post=15153"}],"version-history":[{"count":1,"href":"https:\/\/www.cuervoysobrinos.com\/es\/wp-json\/wp\/v2\/product\/15153\/revisions"}],"predecessor-version":[{"id":15166,"href":"https:\/\/www.cuervoysobrinos.com\/es\/wp-json\/wp\/v2\/product\/15153\/revisions\/15166"}],"wp:featuredmedia":[{"embeddable":true,"href":"https:\/\/www.cuervoysobrinos.com\/es\/wp-json\/wp\/v2\/media\/2830"}],"wp:attachment":[{"href":"https:\/\/www.cuervoysobrinos.com\/es\/wp-json\/wp\/v2\/media?parent=15153"}],"wp:term":[{"taxonomy":"product_brand","embeddable":true,"href":"https:\/\/www.cuervoysobrinos.com\/es\/wp-json\/wp\/v2\/product_brand?post=15153"},{"taxonomy":"product_cat","embeddable":true,"href":"https:\/\/www.cuervoysobrinos.com\/es\/wp-json\/wp\/v2\/product_cat?post=15153"},{"taxonomy":"product_tag","embeddable":true,"href":"https:\/\/www.cuervoysobrinos.com\/es\/wp-json\/wp\/v2\/product_tag?post=15153"}],"curies":[{"name":"wp","href":"https:\/\/api.w.org\/{rel}","templated":true}]}}