{"id":17336,"date":"2026-02-11T10:24:56","date_gmt":"2026-02-11T09:24:56","guid":{"rendered":"https:\/\/www.cuervoysobrinos.com\/swiss-watches\/sin%20categor\u00eda\/historiador-hcap-edicion-limitada\/"},"modified":"2026-04-17T11:38:17","modified_gmt":"2026-04-17T09:38:17","slug":"historiador-hcap-edicion-limitada","status":"publish","type":"product","link":"https:\/\/www.cuervoysobrinos.com\/es\/swiss-watches\/novedades\/historiador-hcap-edicion-limitada\/","title":{"rendered":"Historiador HCAP Edici\u00f3n Limitada"},"content":{"rendered":"<p><strong>Funciones<br \/>\n<\/strong>Horas, minutos, segundos centrales y visualizaci\u00f3n de fechas<\/p>\n<p><strong>Movimiento<\/strong><br \/>\nSoprod P024, 11 1\/2&#8243;, autom\u00e1tica, di\u00e1metro: 26,00 mm, altura: 4,60 mm, Reserva de marcha: 38 horas, 25 rubias, 28800 A\/h, peso oscilante terminado con grabado<\/p>\n<p><strong>Caso<\/strong><br \/>\nAcero inoxidable, di\u00e1metro 40 mm, altura 10,85 mm, cristal de zafiro doble curvado con recubrimiento antirreflejante, resistente al agua hasta 5 ATM, fondo de caja transparente atornillado con cristal zafiro<\/p>\n<p><strong>Dial<\/strong><br \/>\nCar\u00e1tula azul con \u00edndices plateados<\/p>\n<p><strong>Manos<\/strong><br \/>\nManecillas de horas, minutos y segundos peque\u00f1os en forma de hoja, segunda con punta roja<\/p>\n<p><strong>Correa<br \/>\n<\/strong>Cuero de becerro azul con punta de novia blanca y azul<\/p>\n<p><strong>Hebilla<\/strong><br \/>\nHebilla de pasador de acero inoxidable<\/p>\n<p><strong>Edici\u00f3n<\/strong><br \/>\n LimitadaPiezas de 1937<\/p>\n<p><strong>Embalaje<\/strong><br \/>\nEmbalaje especial Cuervo y Sobrinos x HCAP<\/p>\n","protected":false},"excerpt":{"rendered":"<p>Cuervo y Sobrinos se enorgullece de anunciar su colaboraci\u00f3n con el suizo de Hockey Club Ambr\u00ec-Piotta como Socio Oficial de Cronometraje, marcando el inicio de una prestigiosa colaboraci\u00f3n entre dos instituciones unidas por la tradici\u00f3n, la precisi\u00f3n y la pasi\u00f3n.<\/p>\n<p>Para celebrar esta colaboraci\u00f3n, Cuervo y Sobrinos ha creado un reloj exclusivo de edici\u00f3n limitada dedicado a los aficionados del Hockey Club Ambr\u00ec-Piotta.<\/p>\n<p>La edici\u00f3n limitada Cuervo y Sobrinos \u00d7 reloj HCAP ya est\u00e1 disponible para reserva exclusiva en la <a href=\"https:\/\/cuervo.hcap.ch\/it?utm_source=ig&amp;utm_medium=social&amp;utm_content=link_in_bio&amp;fbclid=PAZXh0bgNhZW0CMTEAc3J0YwZhcHBfaWQMMjU2MjgxMDQwNTU4AAGnMMWeIVnvqnuibldp1d2mkPQCPECj-IKmCEng7WcoLUUl6UogAEes0VpKALE_aem_G7TJUAoxQWrkzPn-EbjFlg\">web de HCAP<\/a>, solo para territorio suizo.<\/p>\n","protected":false},"featured_media":17337,"comment_status":"closed","ping_status":"closed","template":"","meta":{"_acf_changed":false},"product_brand":[],"product_cat":[71,80],"product_tag":[],"class_list":{"0":"post-17336","1":"product","2":"type-product","3":"status-publish","4":"has-post-thumbnail","6":"product_cat-novedades","7":"product_cat-piezas-seleccionadas-exclusivas","9":"first","10":"outofstock","11":"shipping-taxable","12":"purchasable","13":"product-type-simple"},"acf":[],"yoast_head":"<!-- This site is optimized with the Yoast SEO plugin v27.3 - https:\/\/yoast.com\/product\/yoast-seo-wordpress\/ -->\n<title>Historiador HCAP Edici\u00f3n Limitada - CUERVO Y SOBRINOS<\/title>\n<meta name=\"robots\" content=\"index, follow, max-snippet:-1, max-image-preview:large, max-video-preview:-1\" \/>\n<link rel=\"canonical\" href=\"https:\/\/www.cuervoysobrinos.com\/es\/?post_type=product&p=17336\" \/>\n<meta property=\"og:locale\" content=\"es_ES\" \/>\n<meta property=\"og:type\" content=\"article\" \/>\n<meta property=\"og:title\" content=\"Historiador HCAP Edici\u00f3n Limitada - CUERVO Y SOBRINOS\" \/>\n<meta property=\"og:description\" content=\"Cuervo y Sobrinos se enorgullece de anunciar su colaboraci\u00f3n con el suizo de Hockey Club Ambr\u00ec-Piotta como Socio Oficial de Cronometraje, marcando el inicio de una prestigiosa colaboraci\u00f3n entre dos instituciones unidas por la tradici\u00f3n, la precisi\u00f3n y la pasi\u00f3n. Para celebrar esta colaboraci\u00f3n, Cuervo y Sobrinos ha creado un reloj exclusivo de edici\u00f3n limitada dedicado a los aficionados del Hockey Club Ambr\u00ec-Piotta. La edici\u00f3n limitada Cuervo y Sobrinos \u00d7 reloj HCAP ya est\u00e1 disponible para reserva exclusiva en la web de HCAP, solo para territorio suizo.\" \/>\n<meta property=\"og:url\" content=\"https:\/\/www.cuervoysobrinos.com\/es\/?post_type=product&amp;p=17336\" \/>\n<meta property=\"og:site_name\" content=\"CUERVO Y SOBRINOS\" \/>\n<meta property=\"article:modified_time\" content=\"2026-04-17T09:38:17+00:00\" \/>\n<meta property=\"og:image\" content=\"https:\/\/www.cuervoysobrinos.com\/wp-content\/uploads\/2026\/02\/3101.1HCAP-Soldier.png\" \/>\n\t<meta property=\"og:image:width\" content=\"1200\" \/>\n\t<meta property=\"og:image:height\" content=\"1200\" \/>\n\t<meta property=\"og:image:type\" content=\"image\/png\" \/>\n<meta name=\"twitter:card\" content=\"summary_large_image\" \/>\n<meta name=\"twitter:label1\" content=\"Tiempo de lectura\" \/>\n\t<meta name=\"twitter:data1\" content=\"1 minuto\" \/>\n<script type=\"application\/ld+json\" class=\"yoast-schema-graph\">{\"@context\":\"https:\\\/\\\/schema.org\",\"@graph\":[{\"@type\":\"WebPage\",\"@id\":\"https:\\\/\\\/www.cuervoysobrinos.com\\\/es\\\/?post_type=product&p=17336\",\"url\":\"https:\\\/\\\/www.cuervoysobrinos.com\\\/es\\\/?post_type=product&p=17336\",\"name\":\"Historiador HCAP Edici\u00f3n Limitada - CUERVO Y SOBRINOS\",\"isPartOf\":{\"@id\":\"https:\\\/\\\/www.cuervoysobrinos.com\\\/#website\"},\"primaryImageOfPage\":{\"@id\":\"https:\\\/\\\/www.cuervoysobrinos.com\\\/es\\\/?post_type=product&p=17336#primaryimage\"},\"image\":{\"@id\":\"https:\\\/\\\/www.cuervoysobrinos.com\\\/es\\\/?post_type=product&p=17336#primaryimage\"},\"thumbnailUrl\":\"https:\\\/\\\/www.cuervoysobrinos.com\\\/wp-content\\\/uploads\\\/2026\\\/02\\\/3101.1HCAP-Soldier.png\",\"datePublished\":\"2026-02-11T09:24:56+00:00\",\"dateModified\":\"2026-04-17T09:38:17+00:00\",\"breadcrumb\":{\"@id\":\"https:\\\/\\\/www.cuervoysobrinos.com\\\/es\\\/?post_type=product&p=17336#breadcrumb\"},\"inLanguage\":\"es\",\"potentialAction\":[{\"@type\":\"ReadAction\",\"target\":[\"https:\\\/\\\/www.cuervoysobrinos.com\\\/es\\\/?post_type=product&p=17336\"]}]},{\"@type\":\"ImageObject\",\"inLanguage\":\"es\",\"@id\":\"https:\\\/\\\/www.cuervoysobrinos.com\\\/es\\\/?post_type=product&p=17336#primaryimage\",\"url\":\"https:\\\/\\\/www.cuervoysobrinos.com\\\/wp-content\\\/uploads\\\/2026\\\/02\\\/3101.1HCAP-Soldier.png\",\"contentUrl\":\"https:\\\/\\\/www.cuervoysobrinos.com\\\/wp-content\\\/uploads\\\/2026\\\/02\\\/3101.1HCAP-Soldier.png\",\"width\":1200,\"height\":1200},{\"@type\":\"BreadcrumbList\",\"@id\":\"https:\\\/\\\/www.cuervoysobrinos.com\\\/es\\\/?post_type=product&p=17336#breadcrumb\",\"itemListElement\":[{\"@type\":\"ListItem\",\"position\":1,\"name\":\"Home\",\"item\":\"https:\\\/\\\/www.cuervoysobrinos.com\\\/es\\\/\"},{\"@type\":\"ListItem\",\"position\":2,\"name\":\"Tienda\",\"item\":\"https:\\\/\\\/www.cuervoysobrinos.com\\\/es\\\/tienda\\\/\"},{\"@type\":\"ListItem\",\"position\":3,\"name\":\"Historiador HCAP Edici\u00f3n Limitada\"}]},{\"@type\":\"WebSite\",\"@id\":\"https:\\\/\\\/www.cuervoysobrinos.com\\\/#website\",\"url\":\"https:\\\/\\\/www.cuervoysobrinos.com\\\/\",\"name\":\"Cuervo y Sobrinos\",\"description\":\"\",\"publisher\":{\"@id\":\"https:\\\/\\\/www.cuervoysobrinos.com\\\/#organization\"},\"potentialAction\":[{\"@type\":\"SearchAction\",\"target\":{\"@type\":\"EntryPoint\",\"urlTemplate\":\"https:\\\/\\\/www.cuervoysobrinos.com\\\/?s={search_term_string}\"},\"query-input\":{\"@type\":\"PropertyValueSpecification\",\"valueRequired\":true,\"valueName\":\"search_term_string\"}}],\"inLanguage\":\"es\"},{\"@type\":\"Organization\",\"@id\":\"https:\\\/\\\/www.cuervoysobrinos.com\\\/#organization\",\"name\":\"Cuervo y Sobrinos\",\"url\":\"https:\\\/\\\/www.cuervoysobrinos.com\\\/\",\"logo\":{\"@type\":\"ImageObject\",\"inLanguage\":\"es\",\"@id\":\"https:\\\/\\\/www.cuervoysobrinos.com\\\/#\\\/schema\\\/logo\\\/image\\\/\",\"url\":\"https:\\\/\\\/www.cuervoysobrinos.com\\\/wp-content\\\/uploads\\\/2025\\\/07\\\/Logo.png\",\"contentUrl\":\"https:\\\/\\\/www.cuervoysobrinos.com\\\/wp-content\\\/uploads\\\/2025\\\/07\\\/Logo.png\",\"width\":614,\"height\":319,\"caption\":\"Cuervo y Sobrinos\"},\"image\":{\"@id\":\"https:\\\/\\\/www.cuervoysobrinos.com\\\/#\\\/schema\\\/logo\\\/image\\\/\"}}]}<\/script>\n<!-- \/ Yoast SEO plugin. -->","yoast_head_json":{"title":"Historiador HCAP Edici\u00f3n Limitada - CUERVO Y SOBRINOS","robots":{"index":"index","follow":"follow","max-snippet":"max-snippet:-1","max-image-preview":"max-image-preview:large","max-video-preview":"max-video-preview:-1"},"canonical":"https:\/\/www.cuervoysobrinos.com\/es\/?post_type=product&p=17336","og_locale":"es_ES","og_type":"article","og_title":"Historiador HCAP Edici\u00f3n Limitada - CUERVO Y SOBRINOS","og_description":"Cuervo y Sobrinos se enorgullece de anunciar su colaboraci\u00f3n con el suizo de Hockey Club Ambr\u00ec-Piotta como Socio Oficial de Cronometraje, marcando el inicio de una prestigiosa colaboraci\u00f3n entre dos instituciones unidas por la tradici\u00f3n, la precisi\u00f3n y la pasi\u00f3n. Para celebrar esta colaboraci\u00f3n, Cuervo y Sobrinos ha creado un reloj exclusivo de edici\u00f3n limitada dedicado a los aficionados del Hockey Club Ambr\u00ec-Piotta. La edici\u00f3n limitada Cuervo y Sobrinos \u00d7 reloj HCAP ya est\u00e1 disponible para reserva exclusiva en la web de HCAP, solo para territorio suizo.","og_url":"https:\/\/www.cuervoysobrinos.com\/es\/?post_type=product&p=17336","og_site_name":"CUERVO Y SOBRINOS","article_modified_time":"2026-04-17T09:38:17+00:00","og_image":[{"width":1200,"height":1200,"url":"https:\/\/www.cuervoysobrinos.com\/wp-content\/uploads\/2026\/02\/3101.1HCAP-Soldier.png","type":"image\/png"}],"twitter_card":"summary_large_image","twitter_misc":{"Tiempo de lectura":"1 minuto"},"schema":{"@context":"https:\/\/schema.org","@graph":[{"@type":"WebPage","@id":"https:\/\/www.cuervoysobrinos.com\/es\/?post_type=product&p=17336","url":"https:\/\/www.cuervoysobrinos.com\/es\/?post_type=product&p=17336","name":"Historiador HCAP Edici\u00f3n Limitada - CUERVO Y SOBRINOS","isPartOf":{"@id":"https:\/\/www.cuervoysobrinos.com\/#website"},"primaryImageOfPage":{"@id":"https:\/\/www.cuervoysobrinos.com\/es\/?post_type=product&p=17336#primaryimage"},"image":{"@id":"https:\/\/www.cuervoysobrinos.com\/es\/?post_type=product&p=17336#primaryimage"},"thumbnailUrl":"https:\/\/www.cuervoysobrinos.com\/wp-content\/uploads\/2026\/02\/3101.1HCAP-Soldier.png","datePublished":"2026-02-11T09:24:56+00:00","dateModified":"2026-04-17T09:38:17+00:00","breadcrumb":{"@id":"https:\/\/www.cuervoysobrinos.com\/es\/?post_type=product&p=17336#breadcrumb"},"inLanguage":"es","potentialAction":[{"@type":"ReadAction","target":["https:\/\/www.cuervoysobrinos.com\/es\/?post_type=product&p=17336"]}]},{"@type":"ImageObject","inLanguage":"es","@id":"https:\/\/www.cuervoysobrinos.com\/es\/?post_type=product&p=17336#primaryimage","url":"https:\/\/www.cuervoysobrinos.com\/wp-content\/uploads\/2026\/02\/3101.1HCAP-Soldier.png","contentUrl":"https:\/\/www.cuervoysobrinos.com\/wp-content\/uploads\/2026\/02\/3101.1HCAP-Soldier.png","width":1200,"height":1200},{"@type":"BreadcrumbList","@id":"https:\/\/www.cuervoysobrinos.com\/es\/?post_type=product&p=17336#breadcrumb","itemListElement":[{"@type":"ListItem","position":1,"name":"Home","item":"https:\/\/www.cuervoysobrinos.com\/es\/"},{"@type":"ListItem","position":2,"name":"Tienda","item":"https:\/\/www.cuervoysobrinos.com\/es\/tienda\/"},{"@type":"ListItem","position":3,"name":"Historiador HCAP Edici\u00f3n Limitada"}]},{"@type":"WebSite","@id":"https:\/\/www.cuervoysobrinos.com\/#website","url":"https:\/\/www.cuervoysobrinos.com\/","name":"Cuervo y Sobrinos","description":"","publisher":{"@id":"https:\/\/www.cuervoysobrinos.com\/#organization"},"potentialAction":[{"@type":"SearchAction","target":{"@type":"EntryPoint","urlTemplate":"https:\/\/www.cuervoysobrinos.com\/?s={search_term_string}"},"query-input":{"@type":"PropertyValueSpecification","valueRequired":true,"valueName":"search_term_string"}}],"inLanguage":"es"},{"@type":"Organization","@id":"https:\/\/www.cuervoysobrinos.com\/#organization","name":"Cuervo y Sobrinos","url":"https:\/\/www.cuervoysobrinos.com\/","logo":{"@type":"ImageObject","inLanguage":"es","@id":"https:\/\/www.cuervoysobrinos.com\/#\/schema\/logo\/image\/","url":"https:\/\/www.cuervoysobrinos.com\/wp-content\/uploads\/2025\/07\/Logo.png","contentUrl":"https:\/\/www.cuervoysobrinos.com\/wp-content\/uploads\/2025\/07\/Logo.png","width":614,"height":319,"caption":"Cuervo y Sobrinos"},"image":{"@id":"https:\/\/www.cuervoysobrinos.com\/#\/schema\/logo\/image\/"}}]}},"_links":{"self":[{"href":"https:\/\/www.cuervoysobrinos.com\/es\/wp-json\/wp\/v2\/product\/17336","targetHints":{"allow":["GET"]}}],"collection":[{"href":"https:\/\/www.cuervoysobrinos.com\/es\/wp-json\/wp\/v2\/product"}],"about":[{"href":"https:\/\/www.cuervoysobrinos.com\/es\/wp-json\/wp\/v2\/types\/product"}],"replies":[{"embeddable":true,"href":"https:\/\/www.cuervoysobrinos.com\/es\/wp-json\/wp\/v2\/comments?post=17336"}],"version-history":[{"count":3,"href":"https:\/\/www.cuervoysobrinos.com\/es\/wp-json\/wp\/v2\/product\/17336\/revisions"}],"predecessor-version":[{"id":18215,"href":"https:\/\/www.cuervoysobrinos.com\/es\/wp-json\/wp\/v2\/product\/17336\/revisions\/18215"}],"wp:featuredmedia":[{"embeddable":true,"href":"https:\/\/www.cuervoysobrinos.com\/es\/wp-json\/wp\/v2\/media\/17337"}],"wp:attachment":[{"href":"https:\/\/www.cuervoysobrinos.com\/es\/wp-json\/wp\/v2\/media?parent=17336"}],"wp:term":[{"taxonomy":"product_brand","embeddable":true,"href":"https:\/\/www.cuervoysobrinos.com\/es\/wp-json\/wp\/v2\/product_brand?post=17336"},{"taxonomy":"product_cat","embeddable":true,"href":"https:\/\/www.cuervoysobrinos.com\/es\/wp-json\/wp\/v2\/product_cat?post=17336"},{"taxonomy":"product_tag","embeddable":true,"href":"https:\/\/www.cuervoysobrinos.com\/es\/wp-json\/wp\/v2\/product_tag?post=17336"}],"curies":[{"name":"wp","href":"https:\/\/api.w.org\/{rel}","templated":true}]}}