{"id":17377,"date":"2025-08-27T13:01:10","date_gmt":"2025-08-27T13:01:10","guid":{"rendered":"https:\/\/www.cuervoysobrinos.com\/swiss-watches\/sin%20categor\u00eda\/buceador\/"},"modified":"2026-04-17T14:19:43","modified_gmt":"2026-04-17T12:19:43","slug":"buceador-blanco","status":"publish","type":"product","link":"https:\/\/www.cuervoysobrinos.com\/es\/swiss-watches\/buceador\/buceador-blanco\/","title":{"rendered":"Buceador"},"content":{"rendered":"<p><strong>Funciones<br \/>\n<\/strong>Horas, minutos, segundos centrales y fecha<\/p>\n<p><strong>Movimiento<\/strong><br \/>\nSoprod P024, 11 1\/2\u00bb, autom\u00e1tico, di\u00e1metro: 26,00 mm, altura: 4,60 mm, Reserva de marcha: 38 horas, 25 rubios, 28800 A\/h, peso oscilante terminado con grabado<\/p>\n<p><strong>Caso<\/strong><br \/>\nAcero inoxidable, 43 x 43 mm, altura 15,8 mm, cristal de zafiro doble curvado con recubrimiento antirreflejante, resistente al agua hasta 20 ATM, funcionalidad de bloqueo integrado de biseles, corona con sistema de seguridad<\/p>\n<p><strong>Dial<\/strong><br \/>\nCar\u00e1ter blanco, \u00edndices impresos en azul con Super-LumiNova\u00ae blanca<\/p>\n<p><strong>Manos<\/strong><br \/>\nHoras\u00ae, minutos y segundos recubiertos de Super-LumiNova blancos, manecillas rojas de minutos, manecillas plateadas y segundas azules con punta roja<\/p>\n<p><strong>Correa<\/strong><br \/>\nGoma FKM blanca con correa grabada con el emblema CyS y correa de cuero azul oscuro<\/p>\n<p><strong>Hebilla<\/strong><br \/>\nHebilla de alfiler grabada con el emblema CyS para ambas correas<\/p>\n<p><strong>Edici\u00f3n<\/strong><br \/>\nLimitada171 piezas, numeradas individualmente<\/p>\n<p><strong>Embalaje<br \/>\n<\/strong>Caja de humidor est\u00e1ndar con correa adicional &#8211; PE110<\/p>\n","protected":false},"excerpt":{"rendered":"<div class=\"product-description-short\">\n<p>Cuervo y Sobrinos rinde homenaje a Francisco &#8216;Pipin&#8217; Ferreras, la leyenda cubana del apnea, con su \u00faltimo lanzamiento, el Buceador Caribe Pipin. Este nuevo reloj de buceo est\u00e1 ejecutado en una llamativa combinaci\u00f3n de tonos azules, rojos y blancos. Dise\u00f1ado de forma \u00f3ptima para uso bajo el agua, este modelo invita a los usuarios a sumergirse en un mundo de extremos.<\/p>\n<p>Edici\u00f3n limitada de 171 piezas, numeradas individualmente.<\/p>\n<\/div>\n","protected":false},"featured_media":17386,"comment_status":"open","ping_status":"closed","template":"","meta":{"_acf_changed":false},"product_brand":[],"product_cat":[82],"product_tag":[],"class_list":{"0":"post-17377","1":"product","2":"type-product","3":"status-publish","4":"has-post-thumbnail","6":"product_cat-buceador","8":"first","9":"instock","10":"shipping-taxable","11":"purchasable","12":"product-type-simple"},"acf":[],"yoast_head":"<!-- This site is optimized with the Yoast SEO plugin v27.3 - https:\/\/yoast.com\/product\/yoast-seo-wordpress\/ -->\n<title>Reloj impermeable para hombre Reloj deportivo autom\u00e1tico blanco Pipin-<\/title>\n<meta name=\"description\" content=\"Descubre el Caribe Pipin White: un reloj autom\u00e1tico impermeable de lujo para hombres. Carcasa de acero inoxidable, resistencia de 20 ATM, precisi\u00f3n suiza. Edici\u00f3n limitada\" \/>\n<meta name=\"robots\" content=\"index, follow, max-snippet:-1, max-image-preview:large, max-video-preview:-1\" \/>\n<link rel=\"canonical\" href=\"https:\/\/www.cuervoysobrinos.com\/es\/swiss-watches\/buceador\/buceador-blanco\/\" \/>\n<meta property=\"og:locale\" content=\"es_ES\" \/>\n<meta property=\"og:type\" content=\"article\" \/>\n<meta property=\"og:title\" content=\"Reloj impermeable para hombre Reloj deportivo autom\u00e1tico blanco Pipin-\" \/>\n<meta property=\"og:description\" content=\"Descubre el Caribe Pipin White: un reloj autom\u00e1tico impermeable de lujo para hombres. Carcasa de acero inoxidable, resistencia de 20 ATM, precisi\u00f3n suiza. Edici\u00f3n limitada\" \/>\n<meta property=\"og:url\" content=\"https:\/\/www.cuervoysobrinos.com\/es\/swiss-watches\/buceador\/buceador-blanco\/\" \/>\n<meta property=\"og:site_name\" content=\"CUERVO Y SOBRINOS\" \/>\n<meta property=\"article:modified_time\" content=\"2026-04-17T12:19:43+00:00\" \/>\n<meta property=\"og:image\" content=\"https:\/\/www.cuervoysobrinos.com\/wp-content\/uploads\/2025\/08\/2860.1PP-scont.png\" \/>\n\t<meta property=\"og:image:width\" content=\"1200\" \/>\n\t<meta property=\"og:image:height\" content=\"1200\" \/>\n\t<meta property=\"og:image:type\" content=\"image\/png\" \/>\n<meta name=\"twitter:card\" content=\"summary_large_image\" \/>\n<meta name=\"twitter:label1\" content=\"Tiempo de lectura\" \/>\n\t<meta name=\"twitter:data1\" content=\"1 minuto\" \/>\n<script type=\"application\/ld+json\" class=\"yoast-schema-graph\">{\"@context\":\"https:\\\/\\\/schema.org\",\"@graph\":[{\"@type\":\"WebPage\",\"@id\":\"https:\\\/\\\/www.cuervoysobrinos.com\\\/es\\\/swiss-watches\\\/buceador\\\/buceador-blanco\\\/\",\"url\":\"https:\\\/\\\/www.cuervoysobrinos.com\\\/es\\\/swiss-watches\\\/buceador\\\/buceador-blanco\\\/\",\"name\":\"Reloj impermeable para hombre Reloj deportivo autom\u00e1tico blanco Pipin-\",\"isPartOf\":{\"@id\":\"https:\\\/\\\/www.cuervoysobrinos.com\\\/#website\"},\"primaryImageOfPage\":{\"@id\":\"https:\\\/\\\/www.cuervoysobrinos.com\\\/es\\\/swiss-watches\\\/buceador\\\/buceador-blanco\\\/#primaryimage\"},\"image\":{\"@id\":\"https:\\\/\\\/www.cuervoysobrinos.com\\\/es\\\/swiss-watches\\\/buceador\\\/buceador-blanco\\\/#primaryimage\"},\"thumbnailUrl\":\"https:\\\/\\\/www.cuervoysobrinos.com\\\/wp-content\\\/uploads\\\/2025\\\/08\\\/2860.1PP-scont.png\",\"datePublished\":\"2025-08-27T13:01:10+00:00\",\"dateModified\":\"2026-04-17T12:19:43+00:00\",\"description\":\"Descubre el Caribe Pipin White: un reloj autom\u00e1tico impermeable de lujo para hombres. Carcasa de acero inoxidable, resistencia de 20 ATM, precisi\u00f3n suiza. Edici\u00f3n limitada\",\"breadcrumb\":{\"@id\":\"https:\\\/\\\/www.cuervoysobrinos.com\\\/es\\\/swiss-watches\\\/buceador\\\/buceador-blanco\\\/#breadcrumb\"},\"inLanguage\":\"es\",\"potentialAction\":[{\"@type\":\"ReadAction\",\"target\":[\"https:\\\/\\\/www.cuervoysobrinos.com\\\/es\\\/swiss-watches\\\/buceador\\\/buceador-blanco\\\/\"]}]},{\"@type\":\"ImageObject\",\"inLanguage\":\"es\",\"@id\":\"https:\\\/\\\/www.cuervoysobrinos.com\\\/es\\\/swiss-watches\\\/buceador\\\/buceador-blanco\\\/#primaryimage\",\"url\":\"https:\\\/\\\/www.cuervoysobrinos.com\\\/wp-content\\\/uploads\\\/2025\\\/08\\\/2860.1PP-scont.png\",\"contentUrl\":\"https:\\\/\\\/www.cuervoysobrinos.com\\\/wp-content\\\/uploads\\\/2025\\\/08\\\/2860.1PP-scont.png\",\"width\":1200,\"height\":1200},{\"@type\":\"BreadcrumbList\",\"@id\":\"https:\\\/\\\/www.cuervoysobrinos.com\\\/es\\\/swiss-watches\\\/buceador\\\/buceador-blanco\\\/#breadcrumb\",\"itemListElement\":[{\"@type\":\"ListItem\",\"position\":1,\"name\":\"Home\",\"item\":\"https:\\\/\\\/www.cuervoysobrinos.com\\\/es\\\/\"},{\"@type\":\"ListItem\",\"position\":2,\"name\":\"Tienda\",\"item\":\"https:\\\/\\\/www.cuervoysobrinos.com\\\/es\\\/tienda\\\/\"},{\"@type\":\"ListItem\",\"position\":3,\"name\":\"Buceador\"}]},{\"@type\":\"WebSite\",\"@id\":\"https:\\\/\\\/www.cuervoysobrinos.com\\\/#website\",\"url\":\"https:\\\/\\\/www.cuervoysobrinos.com\\\/\",\"name\":\"Cuervo y Sobrinos\",\"description\":\"\",\"publisher\":{\"@id\":\"https:\\\/\\\/www.cuervoysobrinos.com\\\/#organization\"},\"potentialAction\":[{\"@type\":\"SearchAction\",\"target\":{\"@type\":\"EntryPoint\",\"urlTemplate\":\"https:\\\/\\\/www.cuervoysobrinos.com\\\/?s={search_term_string}\"},\"query-input\":{\"@type\":\"PropertyValueSpecification\",\"valueRequired\":true,\"valueName\":\"search_term_string\"}}],\"inLanguage\":\"es\"},{\"@type\":\"Organization\",\"@id\":\"https:\\\/\\\/www.cuervoysobrinos.com\\\/#organization\",\"name\":\"Cuervo y Sobrinos\",\"url\":\"https:\\\/\\\/www.cuervoysobrinos.com\\\/\",\"logo\":{\"@type\":\"ImageObject\",\"inLanguage\":\"es\",\"@id\":\"https:\\\/\\\/www.cuervoysobrinos.com\\\/#\\\/schema\\\/logo\\\/image\\\/\",\"url\":\"https:\\\/\\\/www.cuervoysobrinos.com\\\/wp-content\\\/uploads\\\/2025\\\/07\\\/Logo.png\",\"contentUrl\":\"https:\\\/\\\/www.cuervoysobrinos.com\\\/wp-content\\\/uploads\\\/2025\\\/07\\\/Logo.png\",\"width\":614,\"height\":319,\"caption\":\"Cuervo y Sobrinos\"},\"image\":{\"@id\":\"https:\\\/\\\/www.cuervoysobrinos.com\\\/#\\\/schema\\\/logo\\\/image\\\/\"}}]}<\/script>\n<!-- \/ Yoast SEO plugin. -->","yoast_head_json":{"title":"Reloj impermeable para hombre Reloj deportivo autom\u00e1tico blanco Pipin-","description":"Descubre el Caribe Pipin White: un reloj autom\u00e1tico impermeable de lujo para hombres. Carcasa de acero inoxidable, resistencia de 20 ATM, precisi\u00f3n suiza. Edici\u00f3n limitada","robots":{"index":"index","follow":"follow","max-snippet":"max-snippet:-1","max-image-preview":"max-image-preview:large","max-video-preview":"max-video-preview:-1"},"canonical":"https:\/\/www.cuervoysobrinos.com\/es\/swiss-watches\/buceador\/buceador-blanco\/","og_locale":"es_ES","og_type":"article","og_title":"Reloj impermeable para hombre Reloj deportivo autom\u00e1tico blanco Pipin-","og_description":"Descubre el Caribe Pipin White: un reloj autom\u00e1tico impermeable de lujo para hombres. Carcasa de acero inoxidable, resistencia de 20 ATM, precisi\u00f3n suiza. Edici\u00f3n limitada","og_url":"https:\/\/www.cuervoysobrinos.com\/es\/swiss-watches\/buceador\/buceador-blanco\/","og_site_name":"CUERVO Y SOBRINOS","article_modified_time":"2026-04-17T12:19:43+00:00","og_image":[{"width":1200,"height":1200,"url":"https:\/\/www.cuervoysobrinos.com\/wp-content\/uploads\/2025\/08\/2860.1PP-scont.png","type":"image\/png"}],"twitter_card":"summary_large_image","twitter_misc":{"Tiempo de lectura":"1 minuto"},"schema":{"@context":"https:\/\/schema.org","@graph":[{"@type":"WebPage","@id":"https:\/\/www.cuervoysobrinos.com\/es\/swiss-watches\/buceador\/buceador-blanco\/","url":"https:\/\/www.cuervoysobrinos.com\/es\/swiss-watches\/buceador\/buceador-blanco\/","name":"Reloj impermeable para hombre Reloj deportivo autom\u00e1tico blanco Pipin-","isPartOf":{"@id":"https:\/\/www.cuervoysobrinos.com\/#website"},"primaryImageOfPage":{"@id":"https:\/\/www.cuervoysobrinos.com\/es\/swiss-watches\/buceador\/buceador-blanco\/#primaryimage"},"image":{"@id":"https:\/\/www.cuervoysobrinos.com\/es\/swiss-watches\/buceador\/buceador-blanco\/#primaryimage"},"thumbnailUrl":"https:\/\/www.cuervoysobrinos.com\/wp-content\/uploads\/2025\/08\/2860.1PP-scont.png","datePublished":"2025-08-27T13:01:10+00:00","dateModified":"2026-04-17T12:19:43+00:00","description":"Descubre el Caribe Pipin White: un reloj autom\u00e1tico impermeable de lujo para hombres. Carcasa de acero inoxidable, resistencia de 20 ATM, precisi\u00f3n suiza. Edici\u00f3n limitada","breadcrumb":{"@id":"https:\/\/www.cuervoysobrinos.com\/es\/swiss-watches\/buceador\/buceador-blanco\/#breadcrumb"},"inLanguage":"es","potentialAction":[{"@type":"ReadAction","target":["https:\/\/www.cuervoysobrinos.com\/es\/swiss-watches\/buceador\/buceador-blanco\/"]}]},{"@type":"ImageObject","inLanguage":"es","@id":"https:\/\/www.cuervoysobrinos.com\/es\/swiss-watches\/buceador\/buceador-blanco\/#primaryimage","url":"https:\/\/www.cuervoysobrinos.com\/wp-content\/uploads\/2025\/08\/2860.1PP-scont.png","contentUrl":"https:\/\/www.cuervoysobrinos.com\/wp-content\/uploads\/2025\/08\/2860.1PP-scont.png","width":1200,"height":1200},{"@type":"BreadcrumbList","@id":"https:\/\/www.cuervoysobrinos.com\/es\/swiss-watches\/buceador\/buceador-blanco\/#breadcrumb","itemListElement":[{"@type":"ListItem","position":1,"name":"Home","item":"https:\/\/www.cuervoysobrinos.com\/es\/"},{"@type":"ListItem","position":2,"name":"Tienda","item":"https:\/\/www.cuervoysobrinos.com\/es\/tienda\/"},{"@type":"ListItem","position":3,"name":"Buceador"}]},{"@type":"WebSite","@id":"https:\/\/www.cuervoysobrinos.com\/#website","url":"https:\/\/www.cuervoysobrinos.com\/","name":"Cuervo y Sobrinos","description":"","publisher":{"@id":"https:\/\/www.cuervoysobrinos.com\/#organization"},"potentialAction":[{"@type":"SearchAction","target":{"@type":"EntryPoint","urlTemplate":"https:\/\/www.cuervoysobrinos.com\/?s={search_term_string}"},"query-input":{"@type":"PropertyValueSpecification","valueRequired":true,"valueName":"search_term_string"}}],"inLanguage":"es"},{"@type":"Organization","@id":"https:\/\/www.cuervoysobrinos.com\/#organization","name":"Cuervo y Sobrinos","url":"https:\/\/www.cuervoysobrinos.com\/","logo":{"@type":"ImageObject","inLanguage":"es","@id":"https:\/\/www.cuervoysobrinos.com\/#\/schema\/logo\/image\/","url":"https:\/\/www.cuervoysobrinos.com\/wp-content\/uploads\/2025\/07\/Logo.png","contentUrl":"https:\/\/www.cuervoysobrinos.com\/wp-content\/uploads\/2025\/07\/Logo.png","width":614,"height":319,"caption":"Cuervo y Sobrinos"},"image":{"@id":"https:\/\/www.cuervoysobrinos.com\/#\/schema\/logo\/image\/"}}]}},"_links":{"self":[{"href":"https:\/\/www.cuervoysobrinos.com\/es\/wp-json\/wp\/v2\/product\/17377","targetHints":{"allow":["GET"]}}],"collection":[{"href":"https:\/\/www.cuervoysobrinos.com\/es\/wp-json\/wp\/v2\/product"}],"about":[{"href":"https:\/\/www.cuervoysobrinos.com\/es\/wp-json\/wp\/v2\/types\/product"}],"replies":[{"embeddable":true,"href":"https:\/\/www.cuervoysobrinos.com\/es\/wp-json\/wp\/v2\/comments?post=17377"}],"version-history":[{"count":2,"href":"https:\/\/www.cuervoysobrinos.com\/es\/wp-json\/wp\/v2\/product\/17377\/revisions"}],"predecessor-version":[{"id":18214,"href":"https:\/\/www.cuervoysobrinos.com\/es\/wp-json\/wp\/v2\/product\/17377\/revisions\/18214"}],"wp:featuredmedia":[{"embeddable":true,"href":"https:\/\/www.cuervoysobrinos.com\/es\/wp-json\/wp\/v2\/media\/17386"}],"wp:attachment":[{"href":"https:\/\/www.cuervoysobrinos.com\/es\/wp-json\/wp\/v2\/media?parent=17377"}],"wp:term":[{"taxonomy":"product_brand","embeddable":true,"href":"https:\/\/www.cuervoysobrinos.com\/es\/wp-json\/wp\/v2\/product_brand?post=17377"},{"taxonomy":"product_cat","embeddable":true,"href":"https:\/\/www.cuervoysobrinos.com\/es\/wp-json\/wp\/v2\/product_cat?post=17377"},{"taxonomy":"product_tag","embeddable":true,"href":"https:\/\/www.cuervoysobrinos.com\/es\/wp-json\/wp\/v2\/product_tag?post=17377"}],"curies":[{"name":"wp","href":"https:\/\/api.w.org\/{rel}","templated":true}]}}