{"id":17452,"date":"2025-08-27T12:56:55","date_gmt":"2025-08-27T12:56:55","guid":{"rendered":"https:\/\/www.cuervoysobrinos.com\/swiss-watches\/sin%20categor\u00eda\/caribe-2\/"},"modified":"2026-04-17T14:15:03","modified_gmt":"2026-04-17T12:15:03","slug":"caribe-turquesa","status":"publish","type":"product","link":"https:\/\/www.cuervoysobrinos.com\/es\/swiss-watches\/novedades\/caribe-turquesa\/","title":{"rendered":"Caribe"},"content":{"rendered":"<p><strong>Funciones<br \/>\n<\/strong>Horas, minutos, segundos centrales y fecha<\/p>\n<p><strong>Movimiento<\/strong><br \/>\nSoprod P024, 11 1\/2\u00bb, autom\u00e1tico, di\u00e1metro: 26,00 mm, altura: 4,60 mm, Reserva de marcha: 38 horas, 25 rubios, 28800 A\/h, peso oscilante terminado con grabado<\/p>\n<p><strong>Caso<\/strong><br \/>\nAcero inoxidable, 43 x 43 mm, altura 15,8 mm, cristal de zafiro con recubrimiento antirreflejante, resistente al agua hasta 20 ATM, cristal de zafiro doble curvado con recubrimiento antirreflejante, funcionalidad de bloqueo integrado en el bisel, corona con sistema de seguridad<\/p>\n<p><strong>Dial<\/strong><br \/>\nCar\u00e1ter color mar turquesa, \u00edndices impresos con Super-LumiNova\u00ae<\/p>\n<p><strong>Manos<\/strong><br \/>\nManecillas de horas, minutos y segundos recubiertas de\u00ae Super-LumiNova blanca, manecillas de horas y minutos con detalles naranjas<\/p>\n<p><strong>Correa<\/strong><br \/>\nGoma FKM negra con correa grabada con el emblema CyS y correa de cordura naranja<\/p>\n<p><strong>Hebilla<\/strong><br \/>\nHebilla de alfiler grabada con el emblema CyS en la correa de goma FKM y hebilla plegable de acero inoxidable grabada con el emblema CyS en la correa de cordura<\/p>\n<p><strong>Embalaje<\/strong><br \/>\nCaja de humidor est\u00e1ndar con correa adicional &#8211; PE110<\/p>\n","protected":false},"excerpt":{"rendered":"<p>M\u00e1s all\u00e1 de sus atributos funcionales, el Buceador Caribe ofrece un estilo distintivo y un encanto caribe\u00f1o.<\/p>\n","protected":false},"featured_media":17456,"comment_status":"open","ping_status":"closed","template":"","meta":{"_acf_changed":false},"product_brand":[],"product_cat":[82,71],"product_tag":[],"class_list":{"0":"post-17452","1":"product","2":"type-product","3":"status-publish","4":"has-post-thumbnail","6":"product_cat-buceador","7":"product_cat-novedades","9":"first","10":"instock","11":"shipping-taxable","12":"purchasable","13":"product-type-simple"},"acf":[],"yoast_head":"<!-- This site is optimized with the Yoast SEO plugin v27.3 - https:\/\/yoast.com\/product\/yoast-seo-wordpress\/ -->\n<title>Vigilancia Submarina para Buceo \u2013 200 m Caribe Resistente al Agua -<\/title>\n<meta name=\"description\" content=\"Sum\u00e9rgete en el estilo con el Caribe Turquoise: un reloj submarino resistente al agua de 200 m para buceo. Suiza fabricada en Suiza, movimiento autom\u00e1tico, dise\u00f1o caribe\u00f1o audaz.\" \/>\n<meta name=\"robots\" content=\"index, follow, max-snippet:-1, max-image-preview:large, max-video-preview:-1\" \/>\n<link rel=\"canonical\" href=\"https:\/\/www.cuervoysobrinos.com\/es\/swiss-watches\/novedades\/caribe-turquesa\/\" \/>\n<meta property=\"og:locale\" content=\"es_ES\" \/>\n<meta property=\"og:type\" content=\"article\" \/>\n<meta property=\"og:title\" content=\"Vigilancia Submarina para Buceo \u2013 200 m Caribe Resistente al Agua -\" \/>\n<meta property=\"og:description\" content=\"Sum\u00e9rgete en el estilo con el Caribe Turquoise: un reloj submarino resistente al agua de 200 m para buceo. Suiza fabricada en Suiza, movimiento autom\u00e1tico, dise\u00f1o caribe\u00f1o audaz.\" \/>\n<meta property=\"og:url\" content=\"https:\/\/www.cuervoysobrinos.com\/es\/swiss-watches\/novedades\/caribe-turquesa\/\" \/>\n<meta property=\"og:site_name\" content=\"CUERVO Y SOBRINOS\" \/>\n<meta property=\"article:modified_time\" content=\"2026-04-17T12:15:03+00:00\" \/>\n<meta property=\"og:image\" content=\"https:\/\/www.cuervoysobrinos.com\/wp-content\/uploads\/2025\/08\/2860.1TQ-Soldier-1.png\" \/>\n\t<meta property=\"og:image:width\" content=\"1200\" \/>\n\t<meta property=\"og:image:height\" content=\"1200\" \/>\n\t<meta property=\"og:image:type\" content=\"image\/png\" \/>\n<meta name=\"twitter:card\" content=\"summary_large_image\" \/>\n<meta name=\"twitter:label1\" content=\"Tiempo de lectura\" \/>\n\t<meta name=\"twitter:data1\" content=\"1 minuto\" \/>\n<script type=\"application\/ld+json\" class=\"yoast-schema-graph\">{\"@context\":\"https:\\\/\\\/schema.org\",\"@graph\":[{\"@type\":\"WebPage\",\"@id\":\"https:\\\/\\\/www.cuervoysobrinos.com\\\/es\\\/swiss-watches\\\/novedades\\\/caribe-turquesa\\\/\",\"url\":\"https:\\\/\\\/www.cuervoysobrinos.com\\\/es\\\/swiss-watches\\\/novedades\\\/caribe-turquesa\\\/\",\"name\":\"Vigilancia Submarina para Buceo \u2013 200 m Caribe Resistente al Agua -\",\"isPartOf\":{\"@id\":\"https:\\\/\\\/www.cuervoysobrinos.com\\\/#website\"},\"primaryImageOfPage\":{\"@id\":\"https:\\\/\\\/www.cuervoysobrinos.com\\\/es\\\/swiss-watches\\\/novedades\\\/caribe-turquesa\\\/#primaryimage\"},\"image\":{\"@id\":\"https:\\\/\\\/www.cuervoysobrinos.com\\\/es\\\/swiss-watches\\\/novedades\\\/caribe-turquesa\\\/#primaryimage\"},\"thumbnailUrl\":\"https:\\\/\\\/www.cuervoysobrinos.com\\\/wp-content\\\/uploads\\\/2025\\\/08\\\/2860.1TQ-Soldier-1.png\",\"datePublished\":\"2025-08-27T12:56:55+00:00\",\"dateModified\":\"2026-04-17T12:15:03+00:00\",\"description\":\"Sum\u00e9rgete en el estilo con el Caribe Turquoise: un reloj submarino resistente al agua de 200 m para buceo. Suiza fabricada en Suiza, movimiento autom\u00e1tico, dise\u00f1o caribe\u00f1o audaz.\",\"breadcrumb\":{\"@id\":\"https:\\\/\\\/www.cuervoysobrinos.com\\\/es\\\/swiss-watches\\\/novedades\\\/caribe-turquesa\\\/#breadcrumb\"},\"inLanguage\":\"es\",\"potentialAction\":[{\"@type\":\"ReadAction\",\"target\":[\"https:\\\/\\\/www.cuervoysobrinos.com\\\/es\\\/swiss-watches\\\/novedades\\\/caribe-turquesa\\\/\"]}]},{\"@type\":\"ImageObject\",\"inLanguage\":\"es\",\"@id\":\"https:\\\/\\\/www.cuervoysobrinos.com\\\/es\\\/swiss-watches\\\/novedades\\\/caribe-turquesa\\\/#primaryimage\",\"url\":\"https:\\\/\\\/www.cuervoysobrinos.com\\\/wp-content\\\/uploads\\\/2025\\\/08\\\/2860.1TQ-Soldier-1.png\",\"contentUrl\":\"https:\\\/\\\/www.cuervoysobrinos.com\\\/wp-content\\\/uploads\\\/2025\\\/08\\\/2860.1TQ-Soldier-1.png\",\"width\":1200,\"height\":1200},{\"@type\":\"BreadcrumbList\",\"@id\":\"https:\\\/\\\/www.cuervoysobrinos.com\\\/es\\\/swiss-watches\\\/novedades\\\/caribe-turquesa\\\/#breadcrumb\",\"itemListElement\":[{\"@type\":\"ListItem\",\"position\":1,\"name\":\"Home\",\"item\":\"https:\\\/\\\/www.cuervoysobrinos.com\\\/es\\\/\"},{\"@type\":\"ListItem\",\"position\":2,\"name\":\"Tienda\",\"item\":\"https:\\\/\\\/www.cuervoysobrinos.com\\\/es\\\/tienda\\\/\"},{\"@type\":\"ListItem\",\"position\":3,\"name\":\"Caribe\"}]},{\"@type\":\"WebSite\",\"@id\":\"https:\\\/\\\/www.cuervoysobrinos.com\\\/#website\",\"url\":\"https:\\\/\\\/www.cuervoysobrinos.com\\\/\",\"name\":\"Cuervo y Sobrinos\",\"description\":\"\",\"publisher\":{\"@id\":\"https:\\\/\\\/www.cuervoysobrinos.com\\\/#organization\"},\"potentialAction\":[{\"@type\":\"SearchAction\",\"target\":{\"@type\":\"EntryPoint\",\"urlTemplate\":\"https:\\\/\\\/www.cuervoysobrinos.com\\\/?s={search_term_string}\"},\"query-input\":{\"@type\":\"PropertyValueSpecification\",\"valueRequired\":true,\"valueName\":\"search_term_string\"}}],\"inLanguage\":\"es\"},{\"@type\":\"Organization\",\"@id\":\"https:\\\/\\\/www.cuervoysobrinos.com\\\/#organization\",\"name\":\"Cuervo y Sobrinos\",\"url\":\"https:\\\/\\\/www.cuervoysobrinos.com\\\/\",\"logo\":{\"@type\":\"ImageObject\",\"inLanguage\":\"es\",\"@id\":\"https:\\\/\\\/www.cuervoysobrinos.com\\\/#\\\/schema\\\/logo\\\/image\\\/\",\"url\":\"https:\\\/\\\/www.cuervoysobrinos.com\\\/wp-content\\\/uploads\\\/2025\\\/07\\\/Logo.png\",\"contentUrl\":\"https:\\\/\\\/www.cuervoysobrinos.com\\\/wp-content\\\/uploads\\\/2025\\\/07\\\/Logo.png\",\"width\":614,\"height\":319,\"caption\":\"Cuervo y Sobrinos\"},\"image\":{\"@id\":\"https:\\\/\\\/www.cuervoysobrinos.com\\\/#\\\/schema\\\/logo\\\/image\\\/\"}}]}<\/script>\n<!-- \/ Yoast SEO plugin. -->","yoast_head_json":{"title":"Vigilancia Submarina para Buceo \u2013 200 m Caribe Resistente al Agua -","description":"Sum\u00e9rgete en el estilo con el Caribe Turquoise: un reloj submarino resistente al agua de 200 m para buceo. Suiza fabricada en Suiza, movimiento autom\u00e1tico, dise\u00f1o caribe\u00f1o audaz.","robots":{"index":"index","follow":"follow","max-snippet":"max-snippet:-1","max-image-preview":"max-image-preview:large","max-video-preview":"max-video-preview:-1"},"canonical":"https:\/\/www.cuervoysobrinos.com\/es\/swiss-watches\/novedades\/caribe-turquesa\/","og_locale":"es_ES","og_type":"article","og_title":"Vigilancia Submarina para Buceo \u2013 200 m Caribe Resistente al Agua -","og_description":"Sum\u00e9rgete en el estilo con el Caribe Turquoise: un reloj submarino resistente al agua de 200 m para buceo. Suiza fabricada en Suiza, movimiento autom\u00e1tico, dise\u00f1o caribe\u00f1o audaz.","og_url":"https:\/\/www.cuervoysobrinos.com\/es\/swiss-watches\/novedades\/caribe-turquesa\/","og_site_name":"CUERVO Y SOBRINOS","article_modified_time":"2026-04-17T12:15:03+00:00","og_image":[{"width":1200,"height":1200,"url":"https:\/\/www.cuervoysobrinos.com\/wp-content\/uploads\/2025\/08\/2860.1TQ-Soldier-1.png","type":"image\/png"}],"twitter_card":"summary_large_image","twitter_misc":{"Tiempo de lectura":"1 minuto"},"schema":{"@context":"https:\/\/schema.org","@graph":[{"@type":"WebPage","@id":"https:\/\/www.cuervoysobrinos.com\/es\/swiss-watches\/novedades\/caribe-turquesa\/","url":"https:\/\/www.cuervoysobrinos.com\/es\/swiss-watches\/novedades\/caribe-turquesa\/","name":"Vigilancia Submarina para Buceo \u2013 200 m Caribe Resistente al Agua -","isPartOf":{"@id":"https:\/\/www.cuervoysobrinos.com\/#website"},"primaryImageOfPage":{"@id":"https:\/\/www.cuervoysobrinos.com\/es\/swiss-watches\/novedades\/caribe-turquesa\/#primaryimage"},"image":{"@id":"https:\/\/www.cuervoysobrinos.com\/es\/swiss-watches\/novedades\/caribe-turquesa\/#primaryimage"},"thumbnailUrl":"https:\/\/www.cuervoysobrinos.com\/wp-content\/uploads\/2025\/08\/2860.1TQ-Soldier-1.png","datePublished":"2025-08-27T12:56:55+00:00","dateModified":"2026-04-17T12:15:03+00:00","description":"Sum\u00e9rgete en el estilo con el Caribe Turquoise: un reloj submarino resistente al agua de 200 m para buceo. Suiza fabricada en Suiza, movimiento autom\u00e1tico, dise\u00f1o caribe\u00f1o audaz.","breadcrumb":{"@id":"https:\/\/www.cuervoysobrinos.com\/es\/swiss-watches\/novedades\/caribe-turquesa\/#breadcrumb"},"inLanguage":"es","potentialAction":[{"@type":"ReadAction","target":["https:\/\/www.cuervoysobrinos.com\/es\/swiss-watches\/novedades\/caribe-turquesa\/"]}]},{"@type":"ImageObject","inLanguage":"es","@id":"https:\/\/www.cuervoysobrinos.com\/es\/swiss-watches\/novedades\/caribe-turquesa\/#primaryimage","url":"https:\/\/www.cuervoysobrinos.com\/wp-content\/uploads\/2025\/08\/2860.1TQ-Soldier-1.png","contentUrl":"https:\/\/www.cuervoysobrinos.com\/wp-content\/uploads\/2025\/08\/2860.1TQ-Soldier-1.png","width":1200,"height":1200},{"@type":"BreadcrumbList","@id":"https:\/\/www.cuervoysobrinos.com\/es\/swiss-watches\/novedades\/caribe-turquesa\/#breadcrumb","itemListElement":[{"@type":"ListItem","position":1,"name":"Home","item":"https:\/\/www.cuervoysobrinos.com\/es\/"},{"@type":"ListItem","position":2,"name":"Tienda","item":"https:\/\/www.cuervoysobrinos.com\/es\/tienda\/"},{"@type":"ListItem","position":3,"name":"Caribe"}]},{"@type":"WebSite","@id":"https:\/\/www.cuervoysobrinos.com\/#website","url":"https:\/\/www.cuervoysobrinos.com\/","name":"Cuervo y Sobrinos","description":"","publisher":{"@id":"https:\/\/www.cuervoysobrinos.com\/#organization"},"potentialAction":[{"@type":"SearchAction","target":{"@type":"EntryPoint","urlTemplate":"https:\/\/www.cuervoysobrinos.com\/?s={search_term_string}"},"query-input":{"@type":"PropertyValueSpecification","valueRequired":true,"valueName":"search_term_string"}}],"inLanguage":"es"},{"@type":"Organization","@id":"https:\/\/www.cuervoysobrinos.com\/#organization","name":"Cuervo y Sobrinos","url":"https:\/\/www.cuervoysobrinos.com\/","logo":{"@type":"ImageObject","inLanguage":"es","@id":"https:\/\/www.cuervoysobrinos.com\/#\/schema\/logo\/image\/","url":"https:\/\/www.cuervoysobrinos.com\/wp-content\/uploads\/2025\/07\/Logo.png","contentUrl":"https:\/\/www.cuervoysobrinos.com\/wp-content\/uploads\/2025\/07\/Logo.png","width":614,"height":319,"caption":"Cuervo y Sobrinos"},"image":{"@id":"https:\/\/www.cuervoysobrinos.com\/#\/schema\/logo\/image\/"}}]}},"_links":{"self":[{"href":"https:\/\/www.cuervoysobrinos.com\/es\/wp-json\/wp\/v2\/product\/17452","targetHints":{"allow":["GET"]}}],"collection":[{"href":"https:\/\/www.cuervoysobrinos.com\/es\/wp-json\/wp\/v2\/product"}],"about":[{"href":"https:\/\/www.cuervoysobrinos.com\/es\/wp-json\/wp\/v2\/types\/product"}],"replies":[{"embeddable":true,"href":"https:\/\/www.cuervoysobrinos.com\/es\/wp-json\/wp\/v2\/comments?post=17452"}],"version-history":[{"count":1,"href":"https:\/\/www.cuervoysobrinos.com\/es\/wp-json\/wp\/v2\/product\/17452\/revisions"}],"predecessor-version":[{"id":17458,"href":"https:\/\/www.cuervoysobrinos.com\/es\/wp-json\/wp\/v2\/product\/17452\/revisions\/17458"}],"wp:featuredmedia":[{"embeddable":true,"href":"https:\/\/www.cuervoysobrinos.com\/es\/wp-json\/wp\/v2\/media\/17456"}],"wp:attachment":[{"href":"https:\/\/www.cuervoysobrinos.com\/es\/wp-json\/wp\/v2\/media?parent=17452"}],"wp:term":[{"taxonomy":"product_brand","embeddable":true,"href":"https:\/\/www.cuervoysobrinos.com\/es\/wp-json\/wp\/v2\/product_brand?post=17452"},{"taxonomy":"product_cat","embeddable":true,"href":"https:\/\/www.cuervoysobrinos.com\/es\/wp-json\/wp\/v2\/product_cat?post=17452"},{"taxonomy":"product_tag","embeddable":true,"href":"https:\/\/www.cuervoysobrinos.com\/es\/wp-json\/wp\/v2\/product_tag?post=17452"}],"curies":[{"name":"wp","href":"https:\/\/api.w.org\/{rel}","templated":true}]}}