{"id":17478,"date":"2025-08-27T12:54:23","date_gmt":"2025-08-27T12:54:23","guid":{"rendered":"https:\/\/www.cuervoysobrinos.com\/swiss-watches\/sin%20categor\u00eda\/caribe-3\/"},"modified":"2026-04-17T14:17:56","modified_gmt":"2026-04-17T12:17:56","slug":"caribe-azul-claro","status":"publish","type":"product","link":"https:\/\/www.cuervoysobrinos.com\/es\/swiss-watches\/novedades\/caribe-azul-claro\/","title":{"rendered":"Caribe"},"content":{"rendered":"<p><strong>Funciones<br \/>\n<\/strong>Horas, minutos, segundos centrales y fecha<\/p>\n<p><strong>Movimiento<\/strong><br \/>\nSoprod P024, 11 1\/2\u00bb, autom\u00e1tico, di\u00e1metro: 26,00 mm, altura: 4,60 mm, Reserva de marcha: 38 horas, 25 rubios, 28800 A\/h, peso oscilante terminado con grabado<\/p>\n<p><strong>Caso<\/strong><br \/>\nAcero inoxidable, 43 x 43 mm, altura 15,8 mm, cristal de zafiro con recubrimiento antirreflejante, resistente al agua hasta 20 ATM, cristal de zafiro doble curvado con recubrimiento antirreflejante, funcionalidad de bloqueo integrado en el bisel, corona con sistema de seguridad<\/p>\n<p><strong>Dial<\/strong><br \/>\nEsfera de color degradado azul claro, \u00edndices impresos con Super-LumiNova\u00ae<\/p>\n<p><strong>Manos<\/strong><br \/>\nManecillas de horas, minutos y segundos, manecillas de horas y minutos\u00ae de Super-LumiNova blancas recubiertas con detalles rojos<\/p>\n<p><strong>Correa<\/strong><br \/>\nGoma FKM negra con correa grabada con el emblema CyS y correa de cordura azul claro<\/p>\n<p><strong>Hebilla<\/strong><br \/>\nHebilla de alfiler grabada con el emblema CyS en la correa de goma FKM y hebilla plegable de acero inoxidable grabada con el emblema CyS en la correa de cordura<\/p>\n<p><strong>Embalaje<\/strong><br \/>\nCaja de humidor est\u00e1ndar con correa adicional &#8211; PE110<\/p>\n","protected":false},"excerpt":{"rendered":"<p>M\u00e1s all\u00e1 de sus atributos funcionales, el Buceador Caribe ofrece un estilo distintivo y un encanto caribe\u00f1o.<\/p>\n","protected":false},"featured_media":17487,"comment_status":"open","ping_status":"closed","template":"","meta":{"_acf_changed":false},"product_brand":[],"product_cat":[82,71],"product_tag":[],"class_list":{"0":"post-17478","1":"product","2":"type-product","3":"status-publish","4":"has-post-thumbnail","6":"product_cat-buceador","7":"product_cat-novedades","9":"first","10":"instock","11":"shipping-taxable","12":"purchasable","13":"product-type-simple"},"acf":[],"yoast_head":"<!-- This site is optimized with the Yoast SEO plugin v27.3 - https:\/\/yoast.com\/product\/yoast-seo-wordpress\/ -->\n<title>Reloj impermeable azul resistente al agua 20 ATM Caribe Light Blue -<\/title>\n<meta name=\"description\" content=\"Descubre el Caribe Light Blue: un reloj autom\u00e1tico de buceo resistente al agua de 20 ATM en azul caribe intenso. Dise\u00f1o de lujo fabricado en Suiza, perfecto para deportes y estilo\" \/>\n<meta name=\"robots\" content=\"index, follow, max-snippet:-1, max-image-preview:large, max-video-preview:-1\" \/>\n<link rel=\"canonical\" href=\"https:\/\/www.cuervoysobrinos.com\/es\/swiss-watches\/novedades\/caribe-azul-claro\/\" \/>\n<meta property=\"og:locale\" content=\"es_ES\" \/>\n<meta property=\"og:type\" content=\"article\" \/>\n<meta property=\"og:title\" content=\"Reloj impermeable azul resistente al agua 20 ATM Caribe Light Blue -\" \/>\n<meta property=\"og:description\" content=\"Descubre el Caribe Light Blue: un reloj autom\u00e1tico de buceo resistente al agua de 20 ATM en azul caribe intenso. Dise\u00f1o de lujo fabricado en Suiza, perfecto para deportes y estilo\" \/>\n<meta property=\"og:url\" content=\"https:\/\/www.cuervoysobrinos.com\/es\/swiss-watches\/novedades\/caribe-azul-claro\/\" \/>\n<meta property=\"og:site_name\" content=\"CUERVO Y SOBRINOS\" \/>\n<meta property=\"article:modified_time\" content=\"2026-04-17T12:17:56+00:00\" \/>\n<meta property=\"og:image\" content=\"https:\/\/www.cuervoysobrinos.com\/wp-content\/uploads\/2025\/07\/2860.1LB-Soldier.png\" \/>\n\t<meta property=\"og:image:width\" content=\"1200\" \/>\n\t<meta property=\"og:image:height\" content=\"1200\" \/>\n\t<meta property=\"og:image:type\" content=\"image\/png\" \/>\n<meta name=\"twitter:card\" content=\"summary_large_image\" \/>\n<meta name=\"twitter:label1\" content=\"Tiempo de lectura\" \/>\n\t<meta name=\"twitter:data1\" content=\"1 minuto\" \/>\n<script type=\"application\/ld+json\" class=\"yoast-schema-graph\">{\"@context\":\"https:\\\/\\\/schema.org\",\"@graph\":[{\"@type\":\"WebPage\",\"@id\":\"https:\\\/\\\/www.cuervoysobrinos.com\\\/es\\\/swiss-watches\\\/novedades\\\/caribe-azul-claro\\\/\",\"url\":\"https:\\\/\\\/www.cuervoysobrinos.com\\\/es\\\/swiss-watches\\\/novedades\\\/caribe-azul-claro\\\/\",\"name\":\"Reloj impermeable azul resistente al agua 20 ATM Caribe Light Blue -\",\"isPartOf\":{\"@id\":\"https:\\\/\\\/www.cuervoysobrinos.com\\\/#website\"},\"primaryImageOfPage\":{\"@id\":\"https:\\\/\\\/www.cuervoysobrinos.com\\\/es\\\/swiss-watches\\\/novedades\\\/caribe-azul-claro\\\/#primaryimage\"},\"image\":{\"@id\":\"https:\\\/\\\/www.cuervoysobrinos.com\\\/es\\\/swiss-watches\\\/novedades\\\/caribe-azul-claro\\\/#primaryimage\"},\"thumbnailUrl\":\"https:\\\/\\\/www.cuervoysobrinos.com\\\/wp-content\\\/uploads\\\/2025\\\/07\\\/2860.1LB-Soldier.png\",\"datePublished\":\"2025-08-27T12:54:23+00:00\",\"dateModified\":\"2026-04-17T12:17:56+00:00\",\"description\":\"Descubre el Caribe Light Blue: un reloj autom\u00e1tico de buceo resistente al agua de 20 ATM en azul caribe intenso. Dise\u00f1o de lujo fabricado en Suiza, perfecto para deportes y estilo\",\"breadcrumb\":{\"@id\":\"https:\\\/\\\/www.cuervoysobrinos.com\\\/es\\\/swiss-watches\\\/novedades\\\/caribe-azul-claro\\\/#breadcrumb\"},\"inLanguage\":\"es\",\"potentialAction\":[{\"@type\":\"ReadAction\",\"target\":[\"https:\\\/\\\/www.cuervoysobrinos.com\\\/es\\\/swiss-watches\\\/novedades\\\/caribe-azul-claro\\\/\"]}]},{\"@type\":\"ImageObject\",\"inLanguage\":\"es\",\"@id\":\"https:\\\/\\\/www.cuervoysobrinos.com\\\/es\\\/swiss-watches\\\/novedades\\\/caribe-azul-claro\\\/#primaryimage\",\"url\":\"https:\\\/\\\/www.cuervoysobrinos.com\\\/wp-content\\\/uploads\\\/2025\\\/07\\\/2860.1LB-Soldier.png\",\"contentUrl\":\"https:\\\/\\\/www.cuervoysobrinos.com\\\/wp-content\\\/uploads\\\/2025\\\/07\\\/2860.1LB-Soldier.png\",\"width\":1200,\"height\":1200},{\"@type\":\"BreadcrumbList\",\"@id\":\"https:\\\/\\\/www.cuervoysobrinos.com\\\/es\\\/swiss-watches\\\/novedades\\\/caribe-azul-claro\\\/#breadcrumb\",\"itemListElement\":[{\"@type\":\"ListItem\",\"position\":1,\"name\":\"Home\",\"item\":\"https:\\\/\\\/www.cuervoysobrinos.com\\\/es\\\/\"},{\"@type\":\"ListItem\",\"position\":2,\"name\":\"Tienda\",\"item\":\"https:\\\/\\\/www.cuervoysobrinos.com\\\/es\\\/tienda\\\/\"},{\"@type\":\"ListItem\",\"position\":3,\"name\":\"Caribe\"}]},{\"@type\":\"WebSite\",\"@id\":\"https:\\\/\\\/www.cuervoysobrinos.com\\\/#website\",\"url\":\"https:\\\/\\\/www.cuervoysobrinos.com\\\/\",\"name\":\"Cuervo y Sobrinos\",\"description\":\"\",\"publisher\":{\"@id\":\"https:\\\/\\\/www.cuervoysobrinos.com\\\/#organization\"},\"potentialAction\":[{\"@type\":\"SearchAction\",\"target\":{\"@type\":\"EntryPoint\",\"urlTemplate\":\"https:\\\/\\\/www.cuervoysobrinos.com\\\/?s={search_term_string}\"},\"query-input\":{\"@type\":\"PropertyValueSpecification\",\"valueRequired\":true,\"valueName\":\"search_term_string\"}}],\"inLanguage\":\"es\"},{\"@type\":\"Organization\",\"@id\":\"https:\\\/\\\/www.cuervoysobrinos.com\\\/#organization\",\"name\":\"Cuervo y Sobrinos\",\"url\":\"https:\\\/\\\/www.cuervoysobrinos.com\\\/\",\"logo\":{\"@type\":\"ImageObject\",\"inLanguage\":\"es\",\"@id\":\"https:\\\/\\\/www.cuervoysobrinos.com\\\/#\\\/schema\\\/logo\\\/image\\\/\",\"url\":\"https:\\\/\\\/www.cuervoysobrinos.com\\\/wp-content\\\/uploads\\\/2025\\\/07\\\/Logo.png\",\"contentUrl\":\"https:\\\/\\\/www.cuervoysobrinos.com\\\/wp-content\\\/uploads\\\/2025\\\/07\\\/Logo.png\",\"width\":614,\"height\":319,\"caption\":\"Cuervo y Sobrinos\"},\"image\":{\"@id\":\"https:\\\/\\\/www.cuervoysobrinos.com\\\/#\\\/schema\\\/logo\\\/image\\\/\"}}]}<\/script>\n<!-- \/ Yoast SEO plugin. -->","yoast_head_json":{"title":"Reloj impermeable azul resistente al agua 20 ATM Caribe Light Blue -","description":"Descubre el Caribe Light Blue: un reloj autom\u00e1tico de buceo resistente al agua de 20 ATM en azul caribe intenso. Dise\u00f1o de lujo fabricado en Suiza, perfecto para deportes y estilo","robots":{"index":"index","follow":"follow","max-snippet":"max-snippet:-1","max-image-preview":"max-image-preview:large","max-video-preview":"max-video-preview:-1"},"canonical":"https:\/\/www.cuervoysobrinos.com\/es\/swiss-watches\/novedades\/caribe-azul-claro\/","og_locale":"es_ES","og_type":"article","og_title":"Reloj impermeable azul resistente al agua 20 ATM Caribe Light Blue -","og_description":"Descubre el Caribe Light Blue: un reloj autom\u00e1tico de buceo resistente al agua de 20 ATM en azul caribe intenso. Dise\u00f1o de lujo fabricado en Suiza, perfecto para deportes y estilo","og_url":"https:\/\/www.cuervoysobrinos.com\/es\/swiss-watches\/novedades\/caribe-azul-claro\/","og_site_name":"CUERVO Y SOBRINOS","article_modified_time":"2026-04-17T12:17:56+00:00","og_image":[{"width":1200,"height":1200,"url":"https:\/\/www.cuervoysobrinos.com\/wp-content\/uploads\/2025\/07\/2860.1LB-Soldier.png","type":"image\/png"}],"twitter_card":"summary_large_image","twitter_misc":{"Tiempo de lectura":"1 minuto"},"schema":{"@context":"https:\/\/schema.org","@graph":[{"@type":"WebPage","@id":"https:\/\/www.cuervoysobrinos.com\/es\/swiss-watches\/novedades\/caribe-azul-claro\/","url":"https:\/\/www.cuervoysobrinos.com\/es\/swiss-watches\/novedades\/caribe-azul-claro\/","name":"Reloj impermeable azul resistente al agua 20 ATM Caribe Light Blue -","isPartOf":{"@id":"https:\/\/www.cuervoysobrinos.com\/#website"},"primaryImageOfPage":{"@id":"https:\/\/www.cuervoysobrinos.com\/es\/swiss-watches\/novedades\/caribe-azul-claro\/#primaryimage"},"image":{"@id":"https:\/\/www.cuervoysobrinos.com\/es\/swiss-watches\/novedades\/caribe-azul-claro\/#primaryimage"},"thumbnailUrl":"https:\/\/www.cuervoysobrinos.com\/wp-content\/uploads\/2025\/07\/2860.1LB-Soldier.png","datePublished":"2025-08-27T12:54:23+00:00","dateModified":"2026-04-17T12:17:56+00:00","description":"Descubre el Caribe Light Blue: un reloj autom\u00e1tico de buceo resistente al agua de 20 ATM en azul caribe intenso. Dise\u00f1o de lujo fabricado en Suiza, perfecto para deportes y estilo","breadcrumb":{"@id":"https:\/\/www.cuervoysobrinos.com\/es\/swiss-watches\/novedades\/caribe-azul-claro\/#breadcrumb"},"inLanguage":"es","potentialAction":[{"@type":"ReadAction","target":["https:\/\/www.cuervoysobrinos.com\/es\/swiss-watches\/novedades\/caribe-azul-claro\/"]}]},{"@type":"ImageObject","inLanguage":"es","@id":"https:\/\/www.cuervoysobrinos.com\/es\/swiss-watches\/novedades\/caribe-azul-claro\/#primaryimage","url":"https:\/\/www.cuervoysobrinos.com\/wp-content\/uploads\/2025\/07\/2860.1LB-Soldier.png","contentUrl":"https:\/\/www.cuervoysobrinos.com\/wp-content\/uploads\/2025\/07\/2860.1LB-Soldier.png","width":1200,"height":1200},{"@type":"BreadcrumbList","@id":"https:\/\/www.cuervoysobrinos.com\/es\/swiss-watches\/novedades\/caribe-azul-claro\/#breadcrumb","itemListElement":[{"@type":"ListItem","position":1,"name":"Home","item":"https:\/\/www.cuervoysobrinos.com\/es\/"},{"@type":"ListItem","position":2,"name":"Tienda","item":"https:\/\/www.cuervoysobrinos.com\/es\/tienda\/"},{"@type":"ListItem","position":3,"name":"Caribe"}]},{"@type":"WebSite","@id":"https:\/\/www.cuervoysobrinos.com\/#website","url":"https:\/\/www.cuervoysobrinos.com\/","name":"Cuervo y Sobrinos","description":"","publisher":{"@id":"https:\/\/www.cuervoysobrinos.com\/#organization"},"potentialAction":[{"@type":"SearchAction","target":{"@type":"EntryPoint","urlTemplate":"https:\/\/www.cuervoysobrinos.com\/?s={search_term_string}"},"query-input":{"@type":"PropertyValueSpecification","valueRequired":true,"valueName":"search_term_string"}}],"inLanguage":"es"},{"@type":"Organization","@id":"https:\/\/www.cuervoysobrinos.com\/#organization","name":"Cuervo y Sobrinos","url":"https:\/\/www.cuervoysobrinos.com\/","logo":{"@type":"ImageObject","inLanguage":"es","@id":"https:\/\/www.cuervoysobrinos.com\/#\/schema\/logo\/image\/","url":"https:\/\/www.cuervoysobrinos.com\/wp-content\/uploads\/2025\/07\/Logo.png","contentUrl":"https:\/\/www.cuervoysobrinos.com\/wp-content\/uploads\/2025\/07\/Logo.png","width":614,"height":319,"caption":"Cuervo y Sobrinos"},"image":{"@id":"https:\/\/www.cuervoysobrinos.com\/#\/schema\/logo\/image\/"}}]}},"_links":{"self":[{"href":"https:\/\/www.cuervoysobrinos.com\/es\/wp-json\/wp\/v2\/product\/17478","targetHints":{"allow":["GET"]}}],"collection":[{"href":"https:\/\/www.cuervoysobrinos.com\/es\/wp-json\/wp\/v2\/product"}],"about":[{"href":"https:\/\/www.cuervoysobrinos.com\/es\/wp-json\/wp\/v2\/types\/product"}],"replies":[{"embeddable":true,"href":"https:\/\/www.cuervoysobrinos.com\/es\/wp-json\/wp\/v2\/comments?post=17478"}],"version-history":[{"count":1,"href":"https:\/\/www.cuervoysobrinos.com\/es\/wp-json\/wp\/v2\/product\/17478\/revisions"}],"predecessor-version":[{"id":17490,"href":"https:\/\/www.cuervoysobrinos.com\/es\/wp-json\/wp\/v2\/product\/17478\/revisions\/17490"}],"wp:featuredmedia":[{"embeddable":true,"href":"https:\/\/www.cuervoysobrinos.com\/es\/wp-json\/wp\/v2\/media\/17487"}],"wp:attachment":[{"href":"https:\/\/www.cuervoysobrinos.com\/es\/wp-json\/wp\/v2\/media?parent=17478"}],"wp:term":[{"taxonomy":"product_brand","embeddable":true,"href":"https:\/\/www.cuervoysobrinos.com\/es\/wp-json\/wp\/v2\/product_brand?post=17478"},{"taxonomy":"product_cat","embeddable":true,"href":"https:\/\/www.cuervoysobrinos.com\/es\/wp-json\/wp\/v2\/product_cat?post=17478"},{"taxonomy":"product_tag","embeddable":true,"href":"https:\/\/www.cuervoysobrinos.com\/es\/wp-json\/wp\/v2\/product_tag?post=17478"}],"curies":[{"name":"wp","href":"https:\/\/api.w.org\/{rel}","templated":true}]}}