{"id":17498,"date":"2025-08-27T07:06:18","date_gmt":"2025-08-27T07:06:18","guid":{"rendered":"https:\/\/www.cuervoysobrinos.com\/swiss-watches\/sin%20categor\u00eda\/iconico-doble-tiempo-2\/"},"modified":"2026-04-17T13:58:02","modified_gmt":"2026-04-17T11:58:02","slug":"iconico-doble-tiempo-plata","status":"publish","type":"product","link":"https:\/\/www.cuervoysobrinos.com\/es\/swiss-watches\/maxima-puntuacion\/iconico-doble-tiempo-plata\/","title":{"rendered":"Ic\u00f3nico Doble Tiempo"},"content":{"rendered":"<p><strong>Funciones<br \/>\n<\/strong>Horas y minutos y segunda zona horaria con indicaci\u00f3n de 24 horas<\/p>\n<p><strong>Movimiento<\/strong><br \/>\nETA 2671, 11 1\/2\u00bb, autom\u00e1tica, di\u00e1metro: 17,20 mm, altura: 4,80 mm, 44 horas, 25 rubios, 28800 A\/h, peso oscilante terminado con grabado<\/p>\n<p><strong>Caso<\/strong><br \/>\nAcero inoxidable, 30,5 x 52 mm, altura 9,5 mm, cristal de zafiro curvado con recubrimiento antirreflejante, resistente al agua hasta 3 ATM, doble caja trasera abierta<\/p>\n<p><strong>Dial<\/strong><br \/>\nEsfera plateada \u00abguilloch\u00e9\u00bb, \u00edndices \u00e1rabes superiores en relieve y \u00edndices \u00e1rabes inferiores impresos, emblema CyS aplicado<\/p>\n<p><strong>Manos<\/strong><br \/>\nBreguet de color azul con horas y minutos con Super-LumiNova\u00ae<\/p>\n<p><strong>Correa<\/strong><br \/>\nPulsera azul de alto brillo de caim\u00e1n de Luisiana o acero inoxidable<\/p>\n<p><strong>Hebilla<\/strong><br \/>\nHebilla plegable de acero inoxidable grabada con el emblema CyS<\/p>\n<p><strong>Embalaje<\/strong><br \/>\nCaja de humidor est\u00e1ndar &#8211; PE 100<\/p>\n","protected":false},"excerpt":{"rendered":"<div class=\"product-description-short\">\n<div class=\"product-description-short\">\n<p>Dotado de dos pantallas, impulsadas por dos movimientos independientes, The Prominente Ic\u00f3nico Doble Tiempo puede proyectarse en dos momentos diferentes simult\u00e1neamente, independientemente de la diferencia horaria entre ambas ubicaciones.<\/p>\n<\/div>\n<\/div>\n","protected":false},"featured_media":17499,"comment_status":"open","ping_status":"closed","template":"","meta":{"_acf_changed":false},"product_brand":[],"product_cat":[72,85],"product_tag":[],"class_list":{"0":"post-17498","1":"product","2":"type-product","3":"status-publish","4":"has-post-thumbnail","6":"product_cat-maxima-puntuacion","7":"product_cat-prominente","9":"first","10":"instock","11":"shipping-taxable","12":"purchasable","13":"product-type-variable"},"acf":[],"yoast_head":"<!-- This site is optimized with the Yoast SEO plugin v27.3 - https:\/\/yoast.com\/product\/yoast-seo-wordpress\/ -->\n<title>Reloj de Doble Zona Horaria, Reloj de doble Rostro | Iconico Doble Tiempo - CUERVO Y SOBRINOS<\/title>\n<meta name=\"description\" content=\"Descubre el Prominente Ic\u00f3nico Doble Tiempo: un reloj suizo de doble fuso horario con dos car\u00e1tulas y elegante esfera plateada. Perfecto para viajeros globales.\" \/>\n<meta name=\"robots\" content=\"index, follow, max-snippet:-1, max-image-preview:large, max-video-preview:-1\" \/>\n<link rel=\"canonical\" href=\"https:\/\/www.cuervoysobrinos.com\/es\/swiss-watches\/maxima-puntuacion\/iconico-doble-tiempo-plata\/\" \/>\n<meta property=\"og:locale\" content=\"es_ES\" \/>\n<meta property=\"og:type\" content=\"article\" \/>\n<meta property=\"og:title\" content=\"Reloj de Doble Zona Horaria, Reloj de doble Rostro | Iconico Doble Tiempo - CUERVO Y SOBRINOS\" \/>\n<meta property=\"og:description\" content=\"Descubre el Prominente Ic\u00f3nico Doble Tiempo: un reloj suizo de doble fuso horario con dos car\u00e1tulas y elegante esfera plateada. Perfecto para viajeros globales.\" \/>\n<meta property=\"og:url\" content=\"https:\/\/www.cuervoysobrinos.com\/es\/swiss-watches\/maxima-puntuacion\/iconico-doble-tiempo-plata\/\" \/>\n<meta property=\"og:site_name\" content=\"CUERVO Y SOBRINOS\" \/>\n<meta property=\"article:modified_time\" content=\"2026-04-17T11:58:02+00:00\" \/>\n<meta property=\"og:image\" content=\"https:\/\/www.cuervoysobrinos.com\/wp-content\/uploads\/2025\/08\/1112-1AM-Soldier-Web.png\" \/>\n\t<meta property=\"og:image:width\" content=\"1200\" \/>\n\t<meta property=\"og:image:height\" content=\"1200\" \/>\n\t<meta property=\"og:image:type\" content=\"image\/png\" \/>\n<meta name=\"twitter:card\" content=\"summary_large_image\" \/>\n<meta name=\"twitter:label1\" content=\"Tiempo de lectura\" \/>\n\t<meta name=\"twitter:data1\" content=\"1 minuto\" \/>\n<script type=\"application\/ld+json\" class=\"yoast-schema-graph\">{\"@context\":\"https:\\\/\\\/schema.org\",\"@graph\":[{\"@type\":\"WebPage\",\"@id\":\"https:\\\/\\\/www.cuervoysobrinos.com\\\/es\\\/swiss-watches\\\/maxima-puntuacion\\\/iconico-doble-tiempo-plata\\\/\",\"url\":\"https:\\\/\\\/www.cuervoysobrinos.com\\\/es\\\/swiss-watches\\\/maxima-puntuacion\\\/iconico-doble-tiempo-plata\\\/\",\"name\":\"Reloj de Doble Zona Horaria, Reloj de doble Rostro | Iconico Doble Tiempo - CUERVO Y SOBRINOS\",\"isPartOf\":{\"@id\":\"https:\\\/\\\/www.cuervoysobrinos.com\\\/#website\"},\"primaryImageOfPage\":{\"@id\":\"https:\\\/\\\/www.cuervoysobrinos.com\\\/es\\\/swiss-watches\\\/maxima-puntuacion\\\/iconico-doble-tiempo-plata\\\/#primaryimage\"},\"image\":{\"@id\":\"https:\\\/\\\/www.cuervoysobrinos.com\\\/es\\\/swiss-watches\\\/maxima-puntuacion\\\/iconico-doble-tiempo-plata\\\/#primaryimage\"},\"thumbnailUrl\":\"https:\\\/\\\/www.cuervoysobrinos.com\\\/wp-content\\\/uploads\\\/2025\\\/08\\\/1112-1AM-Soldier-Web.png\",\"datePublished\":\"2025-08-27T07:06:18+00:00\",\"dateModified\":\"2026-04-17T11:58:02+00:00\",\"description\":\"Descubre el Prominente Ic\u00f3nico Doble Tiempo: un reloj suizo de doble fuso horario con dos car\u00e1tulas y elegante esfera plateada. Perfecto para viajeros globales.\",\"breadcrumb\":{\"@id\":\"https:\\\/\\\/www.cuervoysobrinos.com\\\/es\\\/swiss-watches\\\/maxima-puntuacion\\\/iconico-doble-tiempo-plata\\\/#breadcrumb\"},\"inLanguage\":\"es\",\"potentialAction\":[{\"@type\":\"ReadAction\",\"target\":[\"https:\\\/\\\/www.cuervoysobrinos.com\\\/es\\\/swiss-watches\\\/maxima-puntuacion\\\/iconico-doble-tiempo-plata\\\/\"]}]},{\"@type\":\"ImageObject\",\"inLanguage\":\"es\",\"@id\":\"https:\\\/\\\/www.cuervoysobrinos.com\\\/es\\\/swiss-watches\\\/maxima-puntuacion\\\/iconico-doble-tiempo-plata\\\/#primaryimage\",\"url\":\"https:\\\/\\\/www.cuervoysobrinos.com\\\/wp-content\\\/uploads\\\/2025\\\/08\\\/1112-1AM-Soldier-Web.png\",\"contentUrl\":\"https:\\\/\\\/www.cuervoysobrinos.com\\\/wp-content\\\/uploads\\\/2025\\\/08\\\/1112-1AM-Soldier-Web.png\",\"width\":1200,\"height\":1200},{\"@type\":\"BreadcrumbList\",\"@id\":\"https:\\\/\\\/www.cuervoysobrinos.com\\\/es\\\/swiss-watches\\\/maxima-puntuacion\\\/iconico-doble-tiempo-plata\\\/#breadcrumb\",\"itemListElement\":[{\"@type\":\"ListItem\",\"position\":1,\"name\":\"Home\",\"item\":\"https:\\\/\\\/www.cuervoysobrinos.com\\\/es\\\/\"},{\"@type\":\"ListItem\",\"position\":2,\"name\":\"Tienda\",\"item\":\"https:\\\/\\\/www.cuervoysobrinos.com\\\/es\\\/tienda\\\/\"},{\"@type\":\"ListItem\",\"position\":3,\"name\":\"Ic\u00f3nico Doble Tiempo\"}]},{\"@type\":\"WebSite\",\"@id\":\"https:\\\/\\\/www.cuervoysobrinos.com\\\/#website\",\"url\":\"https:\\\/\\\/www.cuervoysobrinos.com\\\/\",\"name\":\"Cuervo y Sobrinos\",\"description\":\"\",\"publisher\":{\"@id\":\"https:\\\/\\\/www.cuervoysobrinos.com\\\/#organization\"},\"potentialAction\":[{\"@type\":\"SearchAction\",\"target\":{\"@type\":\"EntryPoint\",\"urlTemplate\":\"https:\\\/\\\/www.cuervoysobrinos.com\\\/?s={search_term_string}\"},\"query-input\":{\"@type\":\"PropertyValueSpecification\",\"valueRequired\":true,\"valueName\":\"search_term_string\"}}],\"inLanguage\":\"es\"},{\"@type\":\"Organization\",\"@id\":\"https:\\\/\\\/www.cuervoysobrinos.com\\\/#organization\",\"name\":\"Cuervo y Sobrinos\",\"url\":\"https:\\\/\\\/www.cuervoysobrinos.com\\\/\",\"logo\":{\"@type\":\"ImageObject\",\"inLanguage\":\"es\",\"@id\":\"https:\\\/\\\/www.cuervoysobrinos.com\\\/#\\\/schema\\\/logo\\\/image\\\/\",\"url\":\"https:\\\/\\\/www.cuervoysobrinos.com\\\/wp-content\\\/uploads\\\/2025\\\/07\\\/Logo.png\",\"contentUrl\":\"https:\\\/\\\/www.cuervoysobrinos.com\\\/wp-content\\\/uploads\\\/2025\\\/07\\\/Logo.png\",\"width\":614,\"height\":319,\"caption\":\"Cuervo y Sobrinos\"},\"image\":{\"@id\":\"https:\\\/\\\/www.cuervoysobrinos.com\\\/#\\\/schema\\\/logo\\\/image\\\/\"}}]}<\/script>\n<!-- \/ Yoast SEO plugin. -->","yoast_head_json":{"title":"Reloj de Doble Zona Horaria, Reloj de doble Rostro | Iconico Doble Tiempo - CUERVO Y SOBRINOS","description":"Descubre el Prominente Ic\u00f3nico Doble Tiempo: un reloj suizo de doble fuso horario con dos car\u00e1tulas y elegante esfera plateada. Perfecto para viajeros globales.","robots":{"index":"index","follow":"follow","max-snippet":"max-snippet:-1","max-image-preview":"max-image-preview:large","max-video-preview":"max-video-preview:-1"},"canonical":"https:\/\/www.cuervoysobrinos.com\/es\/swiss-watches\/maxima-puntuacion\/iconico-doble-tiempo-plata\/","og_locale":"es_ES","og_type":"article","og_title":"Reloj de Doble Zona Horaria, Reloj de doble Rostro | Iconico Doble Tiempo - CUERVO Y SOBRINOS","og_description":"Descubre el Prominente Ic\u00f3nico Doble Tiempo: un reloj suizo de doble fuso horario con dos car\u00e1tulas y elegante esfera plateada. Perfecto para viajeros globales.","og_url":"https:\/\/www.cuervoysobrinos.com\/es\/swiss-watches\/maxima-puntuacion\/iconico-doble-tiempo-plata\/","og_site_name":"CUERVO Y SOBRINOS","article_modified_time":"2026-04-17T11:58:02+00:00","og_image":[{"width":1200,"height":1200,"url":"https:\/\/www.cuervoysobrinos.com\/wp-content\/uploads\/2025\/08\/1112-1AM-Soldier-Web.png","type":"image\/png"}],"twitter_card":"summary_large_image","twitter_misc":{"Tiempo de lectura":"1 minuto"},"schema":{"@context":"https:\/\/schema.org","@graph":[{"@type":"WebPage","@id":"https:\/\/www.cuervoysobrinos.com\/es\/swiss-watches\/maxima-puntuacion\/iconico-doble-tiempo-plata\/","url":"https:\/\/www.cuervoysobrinos.com\/es\/swiss-watches\/maxima-puntuacion\/iconico-doble-tiempo-plata\/","name":"Reloj de Doble Zona Horaria, Reloj de doble Rostro | Iconico Doble Tiempo - CUERVO Y SOBRINOS","isPartOf":{"@id":"https:\/\/www.cuervoysobrinos.com\/#website"},"primaryImageOfPage":{"@id":"https:\/\/www.cuervoysobrinos.com\/es\/swiss-watches\/maxima-puntuacion\/iconico-doble-tiempo-plata\/#primaryimage"},"image":{"@id":"https:\/\/www.cuervoysobrinos.com\/es\/swiss-watches\/maxima-puntuacion\/iconico-doble-tiempo-plata\/#primaryimage"},"thumbnailUrl":"https:\/\/www.cuervoysobrinos.com\/wp-content\/uploads\/2025\/08\/1112-1AM-Soldier-Web.png","datePublished":"2025-08-27T07:06:18+00:00","dateModified":"2026-04-17T11:58:02+00:00","description":"Descubre el Prominente Ic\u00f3nico Doble Tiempo: un reloj suizo de doble fuso horario con dos car\u00e1tulas y elegante esfera plateada. Perfecto para viajeros globales.","breadcrumb":{"@id":"https:\/\/www.cuervoysobrinos.com\/es\/swiss-watches\/maxima-puntuacion\/iconico-doble-tiempo-plata\/#breadcrumb"},"inLanguage":"es","potentialAction":[{"@type":"ReadAction","target":["https:\/\/www.cuervoysobrinos.com\/es\/swiss-watches\/maxima-puntuacion\/iconico-doble-tiempo-plata\/"]}]},{"@type":"ImageObject","inLanguage":"es","@id":"https:\/\/www.cuervoysobrinos.com\/es\/swiss-watches\/maxima-puntuacion\/iconico-doble-tiempo-plata\/#primaryimage","url":"https:\/\/www.cuervoysobrinos.com\/wp-content\/uploads\/2025\/08\/1112-1AM-Soldier-Web.png","contentUrl":"https:\/\/www.cuervoysobrinos.com\/wp-content\/uploads\/2025\/08\/1112-1AM-Soldier-Web.png","width":1200,"height":1200},{"@type":"BreadcrumbList","@id":"https:\/\/www.cuervoysobrinos.com\/es\/swiss-watches\/maxima-puntuacion\/iconico-doble-tiempo-plata\/#breadcrumb","itemListElement":[{"@type":"ListItem","position":1,"name":"Home","item":"https:\/\/www.cuervoysobrinos.com\/es\/"},{"@type":"ListItem","position":2,"name":"Tienda","item":"https:\/\/www.cuervoysobrinos.com\/es\/tienda\/"},{"@type":"ListItem","position":3,"name":"Ic\u00f3nico Doble Tiempo"}]},{"@type":"WebSite","@id":"https:\/\/www.cuervoysobrinos.com\/#website","url":"https:\/\/www.cuervoysobrinos.com\/","name":"Cuervo y Sobrinos","description":"","publisher":{"@id":"https:\/\/www.cuervoysobrinos.com\/#organization"},"potentialAction":[{"@type":"SearchAction","target":{"@type":"EntryPoint","urlTemplate":"https:\/\/www.cuervoysobrinos.com\/?s={search_term_string}"},"query-input":{"@type":"PropertyValueSpecification","valueRequired":true,"valueName":"search_term_string"}}],"inLanguage":"es"},{"@type":"Organization","@id":"https:\/\/www.cuervoysobrinos.com\/#organization","name":"Cuervo y Sobrinos","url":"https:\/\/www.cuervoysobrinos.com\/","logo":{"@type":"ImageObject","inLanguage":"es","@id":"https:\/\/www.cuervoysobrinos.com\/#\/schema\/logo\/image\/","url":"https:\/\/www.cuervoysobrinos.com\/wp-content\/uploads\/2025\/07\/Logo.png","contentUrl":"https:\/\/www.cuervoysobrinos.com\/wp-content\/uploads\/2025\/07\/Logo.png","width":614,"height":319,"caption":"Cuervo y Sobrinos"},"image":{"@id":"https:\/\/www.cuervoysobrinos.com\/#\/schema\/logo\/image\/"}}]}},"_links":{"self":[{"href":"https:\/\/www.cuervoysobrinos.com\/es\/wp-json\/wp\/v2\/product\/17498","targetHints":{"allow":["GET"]}}],"collection":[{"href":"https:\/\/www.cuervoysobrinos.com\/es\/wp-json\/wp\/v2\/product"}],"about":[{"href":"https:\/\/www.cuervoysobrinos.com\/es\/wp-json\/wp\/v2\/types\/product"}],"replies":[{"embeddable":true,"href":"https:\/\/www.cuervoysobrinos.com\/es\/wp-json\/wp\/v2\/comments?post=17498"}],"version-history":[{"count":1,"href":"https:\/\/www.cuervoysobrinos.com\/es\/wp-json\/wp\/v2\/product\/17498\/revisions"}],"predecessor-version":[{"id":17505,"href":"https:\/\/www.cuervoysobrinos.com\/es\/wp-json\/wp\/v2\/product\/17498\/revisions\/17505"}],"wp:featuredmedia":[{"embeddable":true,"href":"https:\/\/www.cuervoysobrinos.com\/es\/wp-json\/wp\/v2\/media\/17499"}],"wp:attachment":[{"href":"https:\/\/www.cuervoysobrinos.com\/es\/wp-json\/wp\/v2\/media?parent=17498"}],"wp:term":[{"taxonomy":"product_brand","embeddable":true,"href":"https:\/\/www.cuervoysobrinos.com\/es\/wp-json\/wp\/v2\/product_brand?post=17498"},{"taxonomy":"product_cat","embeddable":true,"href":"https:\/\/www.cuervoysobrinos.com\/es\/wp-json\/wp\/v2\/product_cat?post=17498"},{"taxonomy":"product_tag","embeddable":true,"href":"https:\/\/www.cuervoysobrinos.com\/es\/wp-json\/wp\/v2\/product_tag?post=17498"}],"curies":[{"name":"wp","href":"https:\/\/api.w.org\/{rel}","templated":true}]}}