{"id":17508,"date":"2025-08-26T13:25:42","date_gmt":"2025-08-26T13:25:42","guid":{"rendered":"https:\/\/www.cuervoysobrinos.com\/swiss-watches\/sin%20categor\u00eda\/iconico-3\/"},"modified":"2026-04-17T13:44:14","modified_gmt":"2026-04-17T11:44:14","slug":"iconico-plata","status":"publish","type":"product","link":"https:\/\/www.cuervoysobrinos.com\/es\/swiss-watches\/prominente\/iconico-plata\/","title":{"rendered":"Ic\u00f3nico"},"content":{"rendered":"<p><strong>Funciones<br \/>\n<\/strong>Horas, minutos, segundos centrales y fecha<\/p>\n<p><strong>Movimiento<\/strong><br \/>\nSoprod M100, 11 1\/2\u00bb, autom\u00e1tico, di\u00e1metro: 25,6 mm, altura: 3,6 mm, Reserva de marcha: 42 horas, 25 piedras, 28800 A\/h, peso oscilante terminado con logo aplicado<\/p>\n<p><strong>Caso<\/strong><br \/>\nAcero inoxidable, 33,75 x 52 mm, altura 10 mm, cristal de zafiro con recubrimiento antirreflejante, resistente al agua hasta 5 ATM, fondo de caja transparente atornillado con cristal zafiro<\/p>\n<p><strong>Dial<\/strong><br \/>\nFondo plateado \u00abGuilloch\u00e9\u00bb, parte central de n\u00e1car, n\u00fameros \u00e1rabes en relieve con tratamiento de rodio, emblema CyS aplicado<\/p>\n<p><strong>Manos<\/strong><br \/>\nHoras, minutos y segundo central con tratamiento con rodio<\/p>\n<p><strong>Correa<br \/>\n<\/strong>Pulsera de caim\u00e1n o acero inoxidable de Luisiana azul oscuro de alto brillo<\/p>\n<p><strong>Hebilla<\/strong><br \/>\nHebilla plegable de acero inoxidable grabada con el emblema CyS<\/p>\n<p><strong>Embalaje<\/strong><br \/>\nCaja de humidor est\u00e1ndar &#8211; PE 100<\/p>\n","protected":false},"excerpt":{"rendered":"<div class=\"product-description-short\">\n<p>El Prominente Ic\u00f3nico evita lo innecesario, eligiendo expresar el tiempo con claridad mientras ofrece una abundancia de belleza y glamour.<\/p>\n<\/div>\n","protected":false},"featured_media":17520,"comment_status":"open","ping_status":"closed","template":"","meta":{"_acf_changed":false},"product_brand":[],"product_cat":[85],"product_tag":[],"class_list":{"0":"post-17508","1":"product","2":"type-product","3":"status-publish","4":"has-post-thumbnail","6":"product_cat-prominente","8":"first","9":"instock","10":"shipping-taxable","11":"purchasable","12":"product-type-variable"},"acf":[],"yoast_head":"<!-- This site is optimized with the Yoast SEO plugin v27.3 - https:\/\/yoast.com\/product\/yoast-seo-wordpress\/ -->\n<title>Reloj de esfera rectangular para hombres | Ic\u00f3nico Prominente Silver- CUERVO Y SOBRINOS<\/title>\n<meta name=\"description\" content=\"Descubre el Prominente Ic\u00f3nico Silver: un reloj suizo de esfera rectangular para hombre, con elegantes detalles guilloch\u00e9 y un dise\u00f1o atemporal inspirado en La Habana.\" \/>\n<meta name=\"robots\" content=\"index, follow, max-snippet:-1, max-image-preview:large, max-video-preview:-1\" \/>\n<link rel=\"canonical\" href=\"https:\/\/www.cuervoysobrinos.com\/es\/swiss-watches\/prominente\/iconico-plata\/\" \/>\n<meta property=\"og:locale\" content=\"es_ES\" \/>\n<meta property=\"og:type\" content=\"article\" \/>\n<meta property=\"og:title\" content=\"Reloj de esfera rectangular para hombres | Ic\u00f3nico Prominente Silver- CUERVO Y SOBRINOS\" \/>\n<meta property=\"og:description\" content=\"Descubre el Prominente Ic\u00f3nico Silver: un reloj suizo de esfera rectangular para hombre, con elegantes detalles guilloch\u00e9 y un dise\u00f1o atemporal inspirado en La Habana.\" \/>\n<meta property=\"og:url\" content=\"https:\/\/www.cuervoysobrinos.com\/es\/swiss-watches\/prominente\/iconico-plata\/\" \/>\n<meta property=\"og:site_name\" content=\"CUERVO Y SOBRINOS\" \/>\n<meta property=\"article:modified_time\" content=\"2026-04-17T11:44:14+00:00\" \/>\n<meta property=\"og:image\" content=\"https:\/\/www.cuervoysobrinos.com\/wp-content\/uploads\/2025\/07\/1012-1AM-Soldier-Web.png\" \/>\n\t<meta property=\"og:image:width\" content=\"1200\" \/>\n\t<meta property=\"og:image:height\" content=\"1200\" \/>\n\t<meta property=\"og:image:type\" content=\"image\/png\" \/>\n<meta name=\"twitter:card\" content=\"summary_large_image\" \/>\n<meta name=\"twitter:label1\" content=\"Tiempo de lectura\" \/>\n\t<meta name=\"twitter:data1\" content=\"1 minuto\" \/>\n<script type=\"application\/ld+json\" class=\"yoast-schema-graph\">{\"@context\":\"https:\\\/\\\/schema.org\",\"@graph\":[{\"@type\":\"WebPage\",\"@id\":\"https:\\\/\\\/www.cuervoysobrinos.com\\\/es\\\/swiss-watches\\\/prominente\\\/iconico-plata\\\/\",\"url\":\"https:\\\/\\\/www.cuervoysobrinos.com\\\/es\\\/swiss-watches\\\/prominente\\\/iconico-plata\\\/\",\"name\":\"Reloj de esfera rectangular para hombres | Ic\u00f3nico Prominente Silver- CUERVO Y SOBRINOS\",\"isPartOf\":{\"@id\":\"https:\\\/\\\/www.cuervoysobrinos.com\\\/#website\"},\"primaryImageOfPage\":{\"@id\":\"https:\\\/\\\/www.cuervoysobrinos.com\\\/es\\\/swiss-watches\\\/prominente\\\/iconico-plata\\\/#primaryimage\"},\"image\":{\"@id\":\"https:\\\/\\\/www.cuervoysobrinos.com\\\/es\\\/swiss-watches\\\/prominente\\\/iconico-plata\\\/#primaryimage\"},\"thumbnailUrl\":\"https:\\\/\\\/www.cuervoysobrinos.com\\\/wp-content\\\/uploads\\\/2025\\\/07\\\/1012-1AM-Soldier-Web.png\",\"datePublished\":\"2025-08-26T13:25:42+00:00\",\"dateModified\":\"2026-04-17T11:44:14+00:00\",\"description\":\"Descubre el Prominente Ic\u00f3nico Silver: un reloj suizo de esfera rectangular para hombre, con elegantes detalles guilloch\u00e9 y un dise\u00f1o atemporal inspirado en La Habana.\",\"breadcrumb\":{\"@id\":\"https:\\\/\\\/www.cuervoysobrinos.com\\\/es\\\/swiss-watches\\\/prominente\\\/iconico-plata\\\/#breadcrumb\"},\"inLanguage\":\"es\",\"potentialAction\":[{\"@type\":\"ReadAction\",\"target\":[\"https:\\\/\\\/www.cuervoysobrinos.com\\\/es\\\/swiss-watches\\\/prominente\\\/iconico-plata\\\/\"]}]},{\"@type\":\"ImageObject\",\"inLanguage\":\"es\",\"@id\":\"https:\\\/\\\/www.cuervoysobrinos.com\\\/es\\\/swiss-watches\\\/prominente\\\/iconico-plata\\\/#primaryimage\",\"url\":\"https:\\\/\\\/www.cuervoysobrinos.com\\\/wp-content\\\/uploads\\\/2025\\\/07\\\/1012-1AM-Soldier-Web.png\",\"contentUrl\":\"https:\\\/\\\/www.cuervoysobrinos.com\\\/wp-content\\\/uploads\\\/2025\\\/07\\\/1012-1AM-Soldier-Web.png\",\"width\":1200,\"height\":1200},{\"@type\":\"BreadcrumbList\",\"@id\":\"https:\\\/\\\/www.cuervoysobrinos.com\\\/es\\\/swiss-watches\\\/prominente\\\/iconico-plata\\\/#breadcrumb\",\"itemListElement\":[{\"@type\":\"ListItem\",\"position\":1,\"name\":\"Home\",\"item\":\"https:\\\/\\\/www.cuervoysobrinos.com\\\/es\\\/\"},{\"@type\":\"ListItem\",\"position\":2,\"name\":\"Tienda\",\"item\":\"https:\\\/\\\/www.cuervoysobrinos.com\\\/es\\\/tienda\\\/\"},{\"@type\":\"ListItem\",\"position\":3,\"name\":\"Ic\u00f3nico\"}]},{\"@type\":\"WebSite\",\"@id\":\"https:\\\/\\\/www.cuervoysobrinos.com\\\/#website\",\"url\":\"https:\\\/\\\/www.cuervoysobrinos.com\\\/\",\"name\":\"Cuervo y Sobrinos\",\"description\":\"\",\"publisher\":{\"@id\":\"https:\\\/\\\/www.cuervoysobrinos.com\\\/#organization\"},\"potentialAction\":[{\"@type\":\"SearchAction\",\"target\":{\"@type\":\"EntryPoint\",\"urlTemplate\":\"https:\\\/\\\/www.cuervoysobrinos.com\\\/?s={search_term_string}\"},\"query-input\":{\"@type\":\"PropertyValueSpecification\",\"valueRequired\":true,\"valueName\":\"search_term_string\"}}],\"inLanguage\":\"es\"},{\"@type\":\"Organization\",\"@id\":\"https:\\\/\\\/www.cuervoysobrinos.com\\\/#organization\",\"name\":\"Cuervo y Sobrinos\",\"url\":\"https:\\\/\\\/www.cuervoysobrinos.com\\\/\",\"logo\":{\"@type\":\"ImageObject\",\"inLanguage\":\"es\",\"@id\":\"https:\\\/\\\/www.cuervoysobrinos.com\\\/#\\\/schema\\\/logo\\\/image\\\/\",\"url\":\"https:\\\/\\\/www.cuervoysobrinos.com\\\/wp-content\\\/uploads\\\/2025\\\/07\\\/Logo.png\",\"contentUrl\":\"https:\\\/\\\/www.cuervoysobrinos.com\\\/wp-content\\\/uploads\\\/2025\\\/07\\\/Logo.png\",\"width\":614,\"height\":319,\"caption\":\"Cuervo y Sobrinos\"},\"image\":{\"@id\":\"https:\\\/\\\/www.cuervoysobrinos.com\\\/#\\\/schema\\\/logo\\\/image\\\/\"}}]}<\/script>\n<!-- \/ Yoast SEO plugin. -->","yoast_head_json":{"title":"Reloj de esfera rectangular para hombres | Ic\u00f3nico Prominente Silver- CUERVO Y SOBRINOS","description":"Descubre el Prominente Ic\u00f3nico Silver: un reloj suizo de esfera rectangular para hombre, con elegantes detalles guilloch\u00e9 y un dise\u00f1o atemporal inspirado en La Habana.","robots":{"index":"index","follow":"follow","max-snippet":"max-snippet:-1","max-image-preview":"max-image-preview:large","max-video-preview":"max-video-preview:-1"},"canonical":"https:\/\/www.cuervoysobrinos.com\/es\/swiss-watches\/prominente\/iconico-plata\/","og_locale":"es_ES","og_type":"article","og_title":"Reloj de esfera rectangular para hombres | Ic\u00f3nico Prominente Silver- CUERVO Y SOBRINOS","og_description":"Descubre el Prominente Ic\u00f3nico Silver: un reloj suizo de esfera rectangular para hombre, con elegantes detalles guilloch\u00e9 y un dise\u00f1o atemporal inspirado en La Habana.","og_url":"https:\/\/www.cuervoysobrinos.com\/es\/swiss-watches\/prominente\/iconico-plata\/","og_site_name":"CUERVO Y SOBRINOS","article_modified_time":"2026-04-17T11:44:14+00:00","og_image":[{"width":1200,"height":1200,"url":"https:\/\/www.cuervoysobrinos.com\/wp-content\/uploads\/2025\/07\/1012-1AM-Soldier-Web.png","type":"image\/png"}],"twitter_card":"summary_large_image","twitter_misc":{"Tiempo de lectura":"1 minuto"},"schema":{"@context":"https:\/\/schema.org","@graph":[{"@type":"WebPage","@id":"https:\/\/www.cuervoysobrinos.com\/es\/swiss-watches\/prominente\/iconico-plata\/","url":"https:\/\/www.cuervoysobrinos.com\/es\/swiss-watches\/prominente\/iconico-plata\/","name":"Reloj de esfera rectangular para hombres | Ic\u00f3nico Prominente Silver- CUERVO Y SOBRINOS","isPartOf":{"@id":"https:\/\/www.cuervoysobrinos.com\/#website"},"primaryImageOfPage":{"@id":"https:\/\/www.cuervoysobrinos.com\/es\/swiss-watches\/prominente\/iconico-plata\/#primaryimage"},"image":{"@id":"https:\/\/www.cuervoysobrinos.com\/es\/swiss-watches\/prominente\/iconico-plata\/#primaryimage"},"thumbnailUrl":"https:\/\/www.cuervoysobrinos.com\/wp-content\/uploads\/2025\/07\/1012-1AM-Soldier-Web.png","datePublished":"2025-08-26T13:25:42+00:00","dateModified":"2026-04-17T11:44:14+00:00","description":"Descubre el Prominente Ic\u00f3nico Silver: un reloj suizo de esfera rectangular para hombre, con elegantes detalles guilloch\u00e9 y un dise\u00f1o atemporal inspirado en La Habana.","breadcrumb":{"@id":"https:\/\/www.cuervoysobrinos.com\/es\/swiss-watches\/prominente\/iconico-plata\/#breadcrumb"},"inLanguage":"es","potentialAction":[{"@type":"ReadAction","target":["https:\/\/www.cuervoysobrinos.com\/es\/swiss-watches\/prominente\/iconico-plata\/"]}]},{"@type":"ImageObject","inLanguage":"es","@id":"https:\/\/www.cuervoysobrinos.com\/es\/swiss-watches\/prominente\/iconico-plata\/#primaryimage","url":"https:\/\/www.cuervoysobrinos.com\/wp-content\/uploads\/2025\/07\/1012-1AM-Soldier-Web.png","contentUrl":"https:\/\/www.cuervoysobrinos.com\/wp-content\/uploads\/2025\/07\/1012-1AM-Soldier-Web.png","width":1200,"height":1200},{"@type":"BreadcrumbList","@id":"https:\/\/www.cuervoysobrinos.com\/es\/swiss-watches\/prominente\/iconico-plata\/#breadcrumb","itemListElement":[{"@type":"ListItem","position":1,"name":"Home","item":"https:\/\/www.cuervoysobrinos.com\/es\/"},{"@type":"ListItem","position":2,"name":"Tienda","item":"https:\/\/www.cuervoysobrinos.com\/es\/tienda\/"},{"@type":"ListItem","position":3,"name":"Ic\u00f3nico"}]},{"@type":"WebSite","@id":"https:\/\/www.cuervoysobrinos.com\/#website","url":"https:\/\/www.cuervoysobrinos.com\/","name":"Cuervo y Sobrinos","description":"","publisher":{"@id":"https:\/\/www.cuervoysobrinos.com\/#organization"},"potentialAction":[{"@type":"SearchAction","target":{"@type":"EntryPoint","urlTemplate":"https:\/\/www.cuervoysobrinos.com\/?s={search_term_string}"},"query-input":{"@type":"PropertyValueSpecification","valueRequired":true,"valueName":"search_term_string"}}],"inLanguage":"es"},{"@type":"Organization","@id":"https:\/\/www.cuervoysobrinos.com\/#organization","name":"Cuervo y Sobrinos","url":"https:\/\/www.cuervoysobrinos.com\/","logo":{"@type":"ImageObject","inLanguage":"es","@id":"https:\/\/www.cuervoysobrinos.com\/#\/schema\/logo\/image\/","url":"https:\/\/www.cuervoysobrinos.com\/wp-content\/uploads\/2025\/07\/Logo.png","contentUrl":"https:\/\/www.cuervoysobrinos.com\/wp-content\/uploads\/2025\/07\/Logo.png","width":614,"height":319,"caption":"Cuervo y Sobrinos"},"image":{"@id":"https:\/\/www.cuervoysobrinos.com\/#\/schema\/logo\/image\/"}}]}},"_links":{"self":[{"href":"https:\/\/www.cuervoysobrinos.com\/es\/wp-json\/wp\/v2\/product\/17508","targetHints":{"allow":["GET"]}}],"collection":[{"href":"https:\/\/www.cuervoysobrinos.com\/es\/wp-json\/wp\/v2\/product"}],"about":[{"href":"https:\/\/www.cuervoysobrinos.com\/es\/wp-json\/wp\/v2\/types\/product"}],"replies":[{"embeddable":true,"href":"https:\/\/www.cuervoysobrinos.com\/es\/wp-json\/wp\/v2\/comments?post=17508"}],"version-history":[{"count":1,"href":"https:\/\/www.cuervoysobrinos.com\/es\/wp-json\/wp\/v2\/product\/17508\/revisions"}],"predecessor-version":[{"id":17522,"href":"https:\/\/www.cuervoysobrinos.com\/es\/wp-json\/wp\/v2\/product\/17508\/revisions\/17522"}],"wp:featuredmedia":[{"embeddable":true,"href":"https:\/\/www.cuervoysobrinos.com\/es\/wp-json\/wp\/v2\/media\/17520"}],"wp:attachment":[{"href":"https:\/\/www.cuervoysobrinos.com\/es\/wp-json\/wp\/v2\/media?parent=17508"}],"wp:term":[{"taxonomy":"product_brand","embeddable":true,"href":"https:\/\/www.cuervoysobrinos.com\/es\/wp-json\/wp\/v2\/product_brand?post=17508"},{"taxonomy":"product_cat","embeddable":true,"href":"https:\/\/www.cuervoysobrinos.com\/es\/wp-json\/wp\/v2\/product_cat?post=17508"},{"taxonomy":"product_tag","embeddable":true,"href":"https:\/\/www.cuervoysobrinos.com\/es\/wp-json\/wp\/v2\/product_tag?post=17508"}],"curies":[{"name":"wp","href":"https:\/\/api.w.org\/{rel}","templated":true}]}}