{"id":17538,"date":"2025-08-27T09:30:23","date_gmt":"2025-08-27T09:30:23","guid":{"rendered":"https:\/\/www.cuervoysobrinos.com\/swiss-watches\/sin%20categor\u00eda\/edicion-limitada-heritage-2\/"},"modified":"2026-04-17T14:01:26","modified_gmt":"2026-04-17T12:01:26","slug":"edicion-limitada-heritage-plata","status":"publish","type":"product","link":"https:\/\/www.cuervoysobrinos.com\/es\/swiss-watches\/nuevas-llegadas\/edicion-limitada-heritage-plata\/","title":{"rendered":"Edici\u00f3n Limitada Heritage"},"content":{"rendered":"<p><strong>Funciones<br \/>\n<\/strong>Horas, minutos, segundos peque\u00f1os y fecha a las 6h<\/p>\n<p><strong>Movimiento<\/strong><br \/>\nLa Joux Perret G120, autom\u00e1tica, di\u00e1metro: 25,6 mm, altura: 5,45 mm, reserva de marcha: 68 horas, 29 piedras, 28800 A\/h, peso oscilante con decoraci\u00f3n en abanico y emblema CyS aplicados. Execution Premium (Arriba)<\/p>\n<p><strong>Dial<\/strong><br \/>\nEsfera champ\u00e1n y plata, \u00edndice negro aplicado, emblema CyS aplicado en plata y rojo. Car\u00e1ter lacado de varios niveles, anillo aplicado atornillado, centro al estilo Clou de Paris<\/p>\n<p><strong>Caso<br \/>\n<\/strong>Acero inoxidable, 36 x 47 mm, altura 13 mm, cristal de zafiro doble curvado con recubrimiento antirreflejante, resistente al agua hasta 3 ATM, fondo de caja transparente atornillado con cristal de zafiro<\/p>\n<p><strong>Manos<\/strong><br \/>\nHoras, minutos y peque\u00f1os segundos color dorado rosa. Manecilla de segundos peque\u00f1os con punta roja<\/p>\n<p><strong>Correa<\/strong><br \/>\nCaim\u00e1n dorado de alto brillo de Luisiana<\/p>\n<p><strong>Hebilla<\/strong><br \/>\nHebilla plegable de acero inoxidable grabada con el emblema CyS<\/p>\n<p><strong>Edici\u00f3n<\/strong><br \/>\nLimitada82 piezas, numeradas individualmente<\/p>\n<p><strong>Embalaje<br \/>\n<\/strong>Caja de humidor est\u00e1ndar &#8211; PE 100<\/p>\n","protected":false},"excerpt":{"rendered":"<div class=\"product-description-short\">El Espl\u00e9ndidos Heritage presenta la inconfundible caja rectangular curva que apareci\u00f3 por primera vez en los dise\u00f1os de Cuervo y Sobrinos durante los a\u00f1os 30, la \u00e9poca de mayor \u00e9xito internacional de la marca. Edici\u00f3n limitada de 82 piezas, numeradas individualmente.<\/div>\n<div class=\"product-description-short\"><strong>Reserva de energ\u00eda de 68 horas<\/strong>.<\/div>\n","protected":false},"featured_media":15103,"comment_status":"closed","ping_status":"closed","template":"","meta":{"_acf_changed":false},"product_brand":[],"product_cat":[86,71,70],"product_tag":[],"class_list":{"0":"post-17538","1":"product","2":"type-product","3":"status-publish","4":"has-post-thumbnail","6":"product_cat-esplendidos","7":"product_cat-novedades","8":"product_cat-nuevas-llegadas","10":"first","11":"outofstock","12":"shipping-taxable","13":"purchasable","14":"product-type-simple"},"acf":[],"yoast_head":"<!-- This site is optimized with the Yoast SEO plugin v27.3 - https:\/\/yoast.com\/product\/yoast-seo-wordpress\/ -->\n<title>Reloj Rectangular de Plata \u2013 Mejor Reloj con Forma Rectangular para Hombre-<\/title>\n<meta name=\"description\" content=\"Descubre el Heritage Silver: un reloj rectangular refinado con encanto vintage, caja curva y elegante presencia en la mu\u00f1eca. Uno de los mejores relojes con forma rectangular\" \/>\n<meta name=\"robots\" content=\"index, follow, max-snippet:-1, max-image-preview:large, max-video-preview:-1\" \/>\n<link rel=\"canonical\" href=\"https:\/\/www.cuervoysobrinos.com\/es\/swiss-watches\/nuevas-llegadas\/edicion-limitada-heritage-plata\/\" \/>\n<meta property=\"og:locale\" content=\"es_ES\" \/>\n<meta property=\"og:type\" content=\"article\" \/>\n<meta property=\"og:title\" content=\"Reloj Rectangular de Plata \u2013 Mejor Reloj con Forma Rectangular para Hombre-\" \/>\n<meta property=\"og:description\" content=\"Descubre el Heritage Silver: un reloj rectangular refinado con encanto vintage, caja curva y elegante presencia en la mu\u00f1eca. Uno de los mejores relojes con forma rectangular\" \/>\n<meta property=\"og:url\" content=\"https:\/\/www.cuervoysobrinos.com\/es\/swiss-watches\/nuevas-llegadas\/edicion-limitada-heritage-plata\/\" \/>\n<meta property=\"og:site_name\" content=\"CUERVO Y SOBRINOS\" \/>\n<meta property=\"article:modified_time\" content=\"2026-04-17T12:01:26+00:00\" \/>\n<meta property=\"og:image\" content=\"https:\/\/www.cuervoysobrinos.com\/wp-content\/uploads\/2025\/08\/2452.1HLE-Soldier-Web_Updated-1.png\" \/>\n\t<meta property=\"og:image:width\" content=\"1000\" \/>\n\t<meta property=\"og:image:height\" content=\"1000\" \/>\n\t<meta property=\"og:image:type\" content=\"image\/png\" \/>\n<meta name=\"twitter:card\" content=\"summary_large_image\" \/>\n<meta name=\"twitter:label1\" content=\"Tiempo de lectura\" \/>\n\t<meta name=\"twitter:data1\" content=\"1 minuto\" \/>\n<script type=\"application\/ld+json\" class=\"yoast-schema-graph\">{\"@context\":\"https:\\\/\\\/schema.org\",\"@graph\":[{\"@type\":\"WebPage\",\"@id\":\"https:\\\/\\\/www.cuervoysobrinos.com\\\/es\\\/swiss-watches\\\/nuevas-llegadas\\\/edicion-limitada-heritage-plata\\\/\",\"url\":\"https:\\\/\\\/www.cuervoysobrinos.com\\\/es\\\/swiss-watches\\\/nuevas-llegadas\\\/edicion-limitada-heritage-plata\\\/\",\"name\":\"Reloj Rectangular de Plata \u2013 Mejor Reloj con Forma Rectangular para Hombre-\",\"isPartOf\":{\"@id\":\"https:\\\/\\\/www.cuervoysobrinos.com\\\/#website\"},\"primaryImageOfPage\":{\"@id\":\"https:\\\/\\\/www.cuervoysobrinos.com\\\/es\\\/swiss-watches\\\/nuevas-llegadas\\\/edicion-limitada-heritage-plata\\\/#primaryimage\"},\"image\":{\"@id\":\"https:\\\/\\\/www.cuervoysobrinos.com\\\/es\\\/swiss-watches\\\/nuevas-llegadas\\\/edicion-limitada-heritage-plata\\\/#primaryimage\"},\"thumbnailUrl\":\"https:\\\/\\\/www.cuervoysobrinos.com\\\/wp-content\\\/uploads\\\/2025\\\/08\\\/2452.1HLE-Soldier-Web_Updated-1.png\",\"datePublished\":\"2025-08-27T09:30:23+00:00\",\"dateModified\":\"2026-04-17T12:01:26+00:00\",\"description\":\"Descubre el Heritage Silver: un reloj rectangular refinado con encanto vintage, caja curva y elegante presencia en la mu\u00f1eca. Uno de los mejores relojes con forma rectangular\",\"breadcrumb\":{\"@id\":\"https:\\\/\\\/www.cuervoysobrinos.com\\\/es\\\/swiss-watches\\\/nuevas-llegadas\\\/edicion-limitada-heritage-plata\\\/#breadcrumb\"},\"inLanguage\":\"es\",\"potentialAction\":[{\"@type\":\"ReadAction\",\"target\":[\"https:\\\/\\\/www.cuervoysobrinos.com\\\/es\\\/swiss-watches\\\/nuevas-llegadas\\\/edicion-limitada-heritage-plata\\\/\"]}]},{\"@type\":\"ImageObject\",\"inLanguage\":\"es\",\"@id\":\"https:\\\/\\\/www.cuervoysobrinos.com\\\/es\\\/swiss-watches\\\/nuevas-llegadas\\\/edicion-limitada-heritage-plata\\\/#primaryimage\",\"url\":\"https:\\\/\\\/www.cuervoysobrinos.com\\\/wp-content\\\/uploads\\\/2025\\\/08\\\/2452.1HLE-Soldier-Web_Updated-1.png\",\"contentUrl\":\"https:\\\/\\\/www.cuervoysobrinos.com\\\/wp-content\\\/uploads\\\/2025\\\/08\\\/2452.1HLE-Soldier-Web_Updated-1.png\",\"width\":1000,\"height\":1000},{\"@type\":\"BreadcrumbList\",\"@id\":\"https:\\\/\\\/www.cuervoysobrinos.com\\\/es\\\/swiss-watches\\\/nuevas-llegadas\\\/edicion-limitada-heritage-plata\\\/#breadcrumb\",\"itemListElement\":[{\"@type\":\"ListItem\",\"position\":1,\"name\":\"Home\",\"item\":\"https:\\\/\\\/www.cuervoysobrinos.com\\\/es\\\/\"},{\"@type\":\"ListItem\",\"position\":2,\"name\":\"Tienda\",\"item\":\"https:\\\/\\\/www.cuervoysobrinos.com\\\/es\\\/tienda\\\/\"},{\"@type\":\"ListItem\",\"position\":3,\"name\":\"Edici\u00f3n Limitada Heritage\"}]},{\"@type\":\"WebSite\",\"@id\":\"https:\\\/\\\/www.cuervoysobrinos.com\\\/#website\",\"url\":\"https:\\\/\\\/www.cuervoysobrinos.com\\\/\",\"name\":\"Cuervo y Sobrinos\",\"description\":\"\",\"publisher\":{\"@id\":\"https:\\\/\\\/www.cuervoysobrinos.com\\\/#organization\"},\"potentialAction\":[{\"@type\":\"SearchAction\",\"target\":{\"@type\":\"EntryPoint\",\"urlTemplate\":\"https:\\\/\\\/www.cuervoysobrinos.com\\\/?s={search_term_string}\"},\"query-input\":{\"@type\":\"PropertyValueSpecification\",\"valueRequired\":true,\"valueName\":\"search_term_string\"}}],\"inLanguage\":\"es\"},{\"@type\":\"Organization\",\"@id\":\"https:\\\/\\\/www.cuervoysobrinos.com\\\/#organization\",\"name\":\"Cuervo y Sobrinos\",\"url\":\"https:\\\/\\\/www.cuervoysobrinos.com\\\/\",\"logo\":{\"@type\":\"ImageObject\",\"inLanguage\":\"es\",\"@id\":\"https:\\\/\\\/www.cuervoysobrinos.com\\\/#\\\/schema\\\/logo\\\/image\\\/\",\"url\":\"https:\\\/\\\/www.cuervoysobrinos.com\\\/wp-content\\\/uploads\\\/2025\\\/07\\\/Logo.png\",\"contentUrl\":\"https:\\\/\\\/www.cuervoysobrinos.com\\\/wp-content\\\/uploads\\\/2025\\\/07\\\/Logo.png\",\"width\":614,\"height\":319,\"caption\":\"Cuervo y Sobrinos\"},\"image\":{\"@id\":\"https:\\\/\\\/www.cuervoysobrinos.com\\\/#\\\/schema\\\/logo\\\/image\\\/\"}}]}<\/script>\n<!-- \/ Yoast SEO plugin. -->","yoast_head_json":{"title":"Reloj Rectangular de Plata \u2013 Mejor Reloj con Forma Rectangular para Hombre-","description":"Descubre el Heritage Silver: un reloj rectangular refinado con encanto vintage, caja curva y elegante presencia en la mu\u00f1eca. Uno de los mejores relojes con forma rectangular","robots":{"index":"index","follow":"follow","max-snippet":"max-snippet:-1","max-image-preview":"max-image-preview:large","max-video-preview":"max-video-preview:-1"},"canonical":"https:\/\/www.cuervoysobrinos.com\/es\/swiss-watches\/nuevas-llegadas\/edicion-limitada-heritage-plata\/","og_locale":"es_ES","og_type":"article","og_title":"Reloj Rectangular de Plata \u2013 Mejor Reloj con Forma Rectangular para Hombre-","og_description":"Descubre el Heritage Silver: un reloj rectangular refinado con encanto vintage, caja curva y elegante presencia en la mu\u00f1eca. Uno de los mejores relojes con forma rectangular","og_url":"https:\/\/www.cuervoysobrinos.com\/es\/swiss-watches\/nuevas-llegadas\/edicion-limitada-heritage-plata\/","og_site_name":"CUERVO Y SOBRINOS","article_modified_time":"2026-04-17T12:01:26+00:00","og_image":[{"width":1000,"height":1000,"url":"https:\/\/www.cuervoysobrinos.com\/wp-content\/uploads\/2025\/08\/2452.1HLE-Soldier-Web_Updated-1.png","type":"image\/png"}],"twitter_card":"summary_large_image","twitter_misc":{"Tiempo de lectura":"1 minuto"},"schema":{"@context":"https:\/\/schema.org","@graph":[{"@type":"WebPage","@id":"https:\/\/www.cuervoysobrinos.com\/es\/swiss-watches\/nuevas-llegadas\/edicion-limitada-heritage-plata\/","url":"https:\/\/www.cuervoysobrinos.com\/es\/swiss-watches\/nuevas-llegadas\/edicion-limitada-heritage-plata\/","name":"Reloj Rectangular de Plata \u2013 Mejor Reloj con Forma Rectangular para Hombre-","isPartOf":{"@id":"https:\/\/www.cuervoysobrinos.com\/#website"},"primaryImageOfPage":{"@id":"https:\/\/www.cuervoysobrinos.com\/es\/swiss-watches\/nuevas-llegadas\/edicion-limitada-heritage-plata\/#primaryimage"},"image":{"@id":"https:\/\/www.cuervoysobrinos.com\/es\/swiss-watches\/nuevas-llegadas\/edicion-limitada-heritage-plata\/#primaryimage"},"thumbnailUrl":"https:\/\/www.cuervoysobrinos.com\/wp-content\/uploads\/2025\/08\/2452.1HLE-Soldier-Web_Updated-1.png","datePublished":"2025-08-27T09:30:23+00:00","dateModified":"2026-04-17T12:01:26+00:00","description":"Descubre el Heritage Silver: un reloj rectangular refinado con encanto vintage, caja curva y elegante presencia en la mu\u00f1eca. Uno de los mejores relojes con forma rectangular","breadcrumb":{"@id":"https:\/\/www.cuervoysobrinos.com\/es\/swiss-watches\/nuevas-llegadas\/edicion-limitada-heritage-plata\/#breadcrumb"},"inLanguage":"es","potentialAction":[{"@type":"ReadAction","target":["https:\/\/www.cuervoysobrinos.com\/es\/swiss-watches\/nuevas-llegadas\/edicion-limitada-heritage-plata\/"]}]},{"@type":"ImageObject","inLanguage":"es","@id":"https:\/\/www.cuervoysobrinos.com\/es\/swiss-watches\/nuevas-llegadas\/edicion-limitada-heritage-plata\/#primaryimage","url":"https:\/\/www.cuervoysobrinos.com\/wp-content\/uploads\/2025\/08\/2452.1HLE-Soldier-Web_Updated-1.png","contentUrl":"https:\/\/www.cuervoysobrinos.com\/wp-content\/uploads\/2025\/08\/2452.1HLE-Soldier-Web_Updated-1.png","width":1000,"height":1000},{"@type":"BreadcrumbList","@id":"https:\/\/www.cuervoysobrinos.com\/es\/swiss-watches\/nuevas-llegadas\/edicion-limitada-heritage-plata\/#breadcrumb","itemListElement":[{"@type":"ListItem","position":1,"name":"Home","item":"https:\/\/www.cuervoysobrinos.com\/es\/"},{"@type":"ListItem","position":2,"name":"Tienda","item":"https:\/\/www.cuervoysobrinos.com\/es\/tienda\/"},{"@type":"ListItem","position":3,"name":"Edici\u00f3n Limitada Heritage"}]},{"@type":"WebSite","@id":"https:\/\/www.cuervoysobrinos.com\/#website","url":"https:\/\/www.cuervoysobrinos.com\/","name":"Cuervo y Sobrinos","description":"","publisher":{"@id":"https:\/\/www.cuervoysobrinos.com\/#organization"},"potentialAction":[{"@type":"SearchAction","target":{"@type":"EntryPoint","urlTemplate":"https:\/\/www.cuervoysobrinos.com\/?s={search_term_string}"},"query-input":{"@type":"PropertyValueSpecification","valueRequired":true,"valueName":"search_term_string"}}],"inLanguage":"es"},{"@type":"Organization","@id":"https:\/\/www.cuervoysobrinos.com\/#organization","name":"Cuervo y Sobrinos","url":"https:\/\/www.cuervoysobrinos.com\/","logo":{"@type":"ImageObject","inLanguage":"es","@id":"https:\/\/www.cuervoysobrinos.com\/#\/schema\/logo\/image\/","url":"https:\/\/www.cuervoysobrinos.com\/wp-content\/uploads\/2025\/07\/Logo.png","contentUrl":"https:\/\/www.cuervoysobrinos.com\/wp-content\/uploads\/2025\/07\/Logo.png","width":614,"height":319,"caption":"Cuervo y Sobrinos"},"image":{"@id":"https:\/\/www.cuervoysobrinos.com\/#\/schema\/logo\/image\/"}}]}},"_links":{"self":[{"href":"https:\/\/www.cuervoysobrinos.com\/es\/wp-json\/wp\/v2\/product\/17538","targetHints":{"allow":["GET"]}}],"collection":[{"href":"https:\/\/www.cuervoysobrinos.com\/es\/wp-json\/wp\/v2\/product"}],"about":[{"href":"https:\/\/www.cuervoysobrinos.com\/es\/wp-json\/wp\/v2\/types\/product"}],"replies":[{"embeddable":true,"href":"https:\/\/www.cuervoysobrinos.com\/es\/wp-json\/wp\/v2\/comments?post=17538"}],"version-history":[{"count":2,"href":"https:\/\/www.cuervoysobrinos.com\/es\/wp-json\/wp\/v2\/product\/17538\/revisions"}],"predecessor-version":[{"id":18188,"href":"https:\/\/www.cuervoysobrinos.com\/es\/wp-json\/wp\/v2\/product\/17538\/revisions\/18188"}],"wp:featuredmedia":[{"embeddable":true,"href":"https:\/\/www.cuervoysobrinos.com\/es\/wp-json\/wp\/v2\/media\/15103"}],"wp:attachment":[{"href":"https:\/\/www.cuervoysobrinos.com\/es\/wp-json\/wp\/v2\/media?parent=17538"}],"wp:term":[{"taxonomy":"product_brand","embeddable":true,"href":"https:\/\/www.cuervoysobrinos.com\/es\/wp-json\/wp\/v2\/product_brand?post=17538"},{"taxonomy":"product_cat","embeddable":true,"href":"https:\/\/www.cuervoysobrinos.com\/es\/wp-json\/wp\/v2\/product_cat?post=17538"},{"taxonomy":"product_tag","embeddable":true,"href":"https:\/\/www.cuervoysobrinos.com\/es\/wp-json\/wp\/v2\/product_tag?post=17538"}],"curies":[{"name":"wp","href":"https:\/\/api.w.org\/{rel}","templated":true}]}}