{"id":17655,"date":"2025-08-26T08:40:32","date_gmt":"2025-08-26T08:40:32","guid":{"rendered":"https:\/\/www.cuervoysobrinos.com\/swiss-watches\/sin%20categor\u00eda\/primera-dama-3\/"},"modified":"2026-04-17T12:41:03","modified_gmt":"2026-04-17T10:41:03","slug":"primera-dama-blancos","status":"publish","type":"product","link":"https:\/\/www.cuervoysobrinos.com\/es\/swiss-watches\/primera-dama\/primera-dama-blancos\/","title":{"rendered":"Primera Dama"},"content":{"rendered":"<p><strong>Funciones<br \/>\n<\/strong>Horas y minutos<\/p>\n<p><strong>Movimiento<\/strong><br \/>\nRonda 772, 73\/4\u00bb&#8217;, cuarzo, di\u00e1metro 17,2 mm, altura 2,5 mm, larga vida \u00fatil 34 meses, 5 rubis<\/p>\n<p><strong>Caso<\/strong><br \/>\nAcero inoxidable con tratamiento PVD, di\u00e1metro 36 mm, altura 7,8 mm, cristal de zafiro doble curvado con recubrimiento antirreflejante, resistente al agua hasta 5 ATM, atornillado con 4 tornillos<\/p>\n<p><strong>Dial<\/strong><br \/>\nN\u00e1car blanca con tres diamantes, vvs, 0.018 quilates, \u00edndices aplicados, emblema CyS aplicado<\/p>\n<p><strong>Manos<\/strong><br \/>\nHora y minutos con tratamiento para el DPV<\/p>\n<p><strong>Correa<\/strong><br \/>\nPulsera de cocodrilo de Luisiana y metal de acero inoxidable de alto brillo con tratamiento PVD<\/p>\n<p><strong>Hebilla<\/strong><br \/>\nAcero inoxidable con hebilla de pasador de tratamiento PVD grabada con el emblema CyS<\/p>\n<p><strong>Embalaje<\/strong><br \/>\nCaja peque\u00f1a de humidor &#8211; PE211<\/p>\n<p>&nbsp;<\/p>\n","protected":false},"excerpt":{"rendered":"<div class=\"product-description-short\">\n<p>El Cuervo y Sobrinos Historiador Primera Dama est\u00e1 inspirado en la Habana de los a\u00f1os 30, un mundo en el que el baile, la m\u00fasica y los placeres hedonistas eran la norma del d\u00eda. Femenino y elegante, este reloj de mujer, que presenta numerosos detalles llamativos, es adecuado para cualquier ocasi\u00f3n.<\/p>\n<\/div>\n","protected":false},"featured_media":17658,"comment_status":"open","ping_status":"closed","template":"","meta":{"_acf_changed":false},"product_brand":[],"product_cat":[88],"product_tag":[],"class_list":{"0":"post-17655","1":"product","2":"type-product","3":"status-publish","4":"has-post-thumbnail","6":"product_cat-primera-dama","8":"first","9":"instock","10":"shipping-taxable","11":"purchasable","12":"product-type-simple"},"acf":[],"yoast_head":"<!-- This site is optimized with the Yoast SEO plugin v27.3 - https:\/\/yoast.com\/product\/yoast-seo-wordpress\/ -->\n<title>Primera Dama - CUERVO Y SOBRINOS<\/title>\n<meta name=\"robots\" content=\"index, follow, max-snippet:-1, max-image-preview:large, max-video-preview:-1\" \/>\n<link rel=\"canonical\" href=\"https:\/\/www.cuervoysobrinos.com\/es\/swiss-watches\/primera-dama\/primera-dama-blancos\/\" \/>\n<meta property=\"og:locale\" content=\"es_ES\" \/>\n<meta property=\"og:type\" content=\"article\" \/>\n<meta property=\"og:title\" content=\"Primera Dama - CUERVO Y SOBRINOS\" \/>\n<meta property=\"og:description\" content=\"El Cuervo y Sobrinos Historiador Primera Dama est\u00e1 inspirado en la Habana de los a\u00f1os 30, un mundo en el que el baile, la m\u00fasica y los placeres hedonistas eran la norma del d\u00eda. Femenino y elegante, este reloj de mujer, que presenta numerosos detalles llamativos, es adecuado para cualquier ocasi\u00f3n.\" \/>\n<meta property=\"og:url\" content=\"https:\/\/www.cuervoysobrinos.com\/es\/swiss-watches\/primera-dama\/primera-dama-blancos\/\" \/>\n<meta property=\"og:site_name\" content=\"CUERVO Y SOBRINOS\" \/>\n<meta property=\"article:modified_time\" content=\"2026-04-17T10:41:03+00:00\" \/>\n<meta property=\"og:image\" content=\"https:\/\/www.cuervoysobrinos.com\/wp-content\/uploads\/2025\/08\/3113.7N-Soldier.png\" \/>\n\t<meta property=\"og:image:width\" content=\"1200\" \/>\n\t<meta property=\"og:image:height\" content=\"1200\" \/>\n\t<meta property=\"og:image:type\" content=\"image\/png\" \/>\n<meta name=\"twitter:card\" content=\"summary_large_image\" \/>\n<meta name=\"twitter:label1\" content=\"Tiempo de lectura\" \/>\n\t<meta name=\"twitter:data1\" content=\"1 minuto\" \/>\n<script type=\"application\/ld+json\" class=\"yoast-schema-graph\">{\"@context\":\"https:\\\/\\\/schema.org\",\"@graph\":[{\"@type\":\"WebPage\",\"@id\":\"https:\\\/\\\/www.cuervoysobrinos.com\\\/es\\\/swiss-watches\\\/primera-dama\\\/primera-dama-blancos\\\/\",\"url\":\"https:\\\/\\\/www.cuervoysobrinos.com\\\/es\\\/swiss-watches\\\/primera-dama\\\/primera-dama-blancos\\\/\",\"name\":\"Primera Dama - CUERVO Y SOBRINOS\",\"isPartOf\":{\"@id\":\"https:\\\/\\\/www.cuervoysobrinos.com\\\/#website\"},\"primaryImageOfPage\":{\"@id\":\"https:\\\/\\\/www.cuervoysobrinos.com\\\/es\\\/swiss-watches\\\/primera-dama\\\/primera-dama-blancos\\\/#primaryimage\"},\"image\":{\"@id\":\"https:\\\/\\\/www.cuervoysobrinos.com\\\/es\\\/swiss-watches\\\/primera-dama\\\/primera-dama-blancos\\\/#primaryimage\"},\"thumbnailUrl\":\"https:\\\/\\\/www.cuervoysobrinos.com\\\/wp-content\\\/uploads\\\/2025\\\/08\\\/3113.7N-Soldier.png\",\"datePublished\":\"2025-08-26T08:40:32+00:00\",\"dateModified\":\"2026-04-17T10:41:03+00:00\",\"breadcrumb\":{\"@id\":\"https:\\\/\\\/www.cuervoysobrinos.com\\\/es\\\/swiss-watches\\\/primera-dama\\\/primera-dama-blancos\\\/#breadcrumb\"},\"inLanguage\":\"es\",\"potentialAction\":[{\"@type\":\"ReadAction\",\"target\":[\"https:\\\/\\\/www.cuervoysobrinos.com\\\/es\\\/swiss-watches\\\/primera-dama\\\/primera-dama-blancos\\\/\"]}]},{\"@type\":\"ImageObject\",\"inLanguage\":\"es\",\"@id\":\"https:\\\/\\\/www.cuervoysobrinos.com\\\/es\\\/swiss-watches\\\/primera-dama\\\/primera-dama-blancos\\\/#primaryimage\",\"url\":\"https:\\\/\\\/www.cuervoysobrinos.com\\\/wp-content\\\/uploads\\\/2025\\\/08\\\/3113.7N-Soldier.png\",\"contentUrl\":\"https:\\\/\\\/www.cuervoysobrinos.com\\\/wp-content\\\/uploads\\\/2025\\\/08\\\/3113.7N-Soldier.png\",\"width\":1200,\"height\":1200},{\"@type\":\"BreadcrumbList\",\"@id\":\"https:\\\/\\\/www.cuervoysobrinos.com\\\/es\\\/swiss-watches\\\/primera-dama\\\/primera-dama-blancos\\\/#breadcrumb\",\"itemListElement\":[{\"@type\":\"ListItem\",\"position\":1,\"name\":\"Home\",\"item\":\"https:\\\/\\\/www.cuervoysobrinos.com\\\/es\\\/\"},{\"@type\":\"ListItem\",\"position\":2,\"name\":\"Tienda\",\"item\":\"https:\\\/\\\/www.cuervoysobrinos.com\\\/es\\\/tienda\\\/\"},{\"@type\":\"ListItem\",\"position\":3,\"name\":\"Primera Dama\"}]},{\"@type\":\"WebSite\",\"@id\":\"https:\\\/\\\/www.cuervoysobrinos.com\\\/#website\",\"url\":\"https:\\\/\\\/www.cuervoysobrinos.com\\\/\",\"name\":\"Cuervo y Sobrinos\",\"description\":\"\",\"publisher\":{\"@id\":\"https:\\\/\\\/www.cuervoysobrinos.com\\\/#organization\"},\"potentialAction\":[{\"@type\":\"SearchAction\",\"target\":{\"@type\":\"EntryPoint\",\"urlTemplate\":\"https:\\\/\\\/www.cuervoysobrinos.com\\\/?s={search_term_string}\"},\"query-input\":{\"@type\":\"PropertyValueSpecification\",\"valueRequired\":true,\"valueName\":\"search_term_string\"}}],\"inLanguage\":\"es\"},{\"@type\":\"Organization\",\"@id\":\"https:\\\/\\\/www.cuervoysobrinos.com\\\/#organization\",\"name\":\"Cuervo y Sobrinos\",\"url\":\"https:\\\/\\\/www.cuervoysobrinos.com\\\/\",\"logo\":{\"@type\":\"ImageObject\",\"inLanguage\":\"es\",\"@id\":\"https:\\\/\\\/www.cuervoysobrinos.com\\\/#\\\/schema\\\/logo\\\/image\\\/\",\"url\":\"https:\\\/\\\/www.cuervoysobrinos.com\\\/wp-content\\\/uploads\\\/2025\\\/07\\\/Logo.png\",\"contentUrl\":\"https:\\\/\\\/www.cuervoysobrinos.com\\\/wp-content\\\/uploads\\\/2025\\\/07\\\/Logo.png\",\"width\":614,\"height\":319,\"caption\":\"Cuervo y Sobrinos\"},\"image\":{\"@id\":\"https:\\\/\\\/www.cuervoysobrinos.com\\\/#\\\/schema\\\/logo\\\/image\\\/\"}}]}<\/script>\n<!-- \/ Yoast SEO plugin. -->","yoast_head_json":{"title":"Primera Dama - CUERVO Y SOBRINOS","robots":{"index":"index","follow":"follow","max-snippet":"max-snippet:-1","max-image-preview":"max-image-preview:large","max-video-preview":"max-video-preview:-1"},"canonical":"https:\/\/www.cuervoysobrinos.com\/es\/swiss-watches\/primera-dama\/primera-dama-blancos\/","og_locale":"es_ES","og_type":"article","og_title":"Primera Dama - CUERVO Y SOBRINOS","og_description":"El Cuervo y Sobrinos Historiador Primera Dama est\u00e1 inspirado en la Habana de los a\u00f1os 30, un mundo en el que el baile, la m\u00fasica y los placeres hedonistas eran la norma del d\u00eda. Femenino y elegante, este reloj de mujer, que presenta numerosos detalles llamativos, es adecuado para cualquier ocasi\u00f3n.","og_url":"https:\/\/www.cuervoysobrinos.com\/es\/swiss-watches\/primera-dama\/primera-dama-blancos\/","og_site_name":"CUERVO Y SOBRINOS","article_modified_time":"2026-04-17T10:41:03+00:00","og_image":[{"width":1200,"height":1200,"url":"https:\/\/www.cuervoysobrinos.com\/wp-content\/uploads\/2025\/08\/3113.7N-Soldier.png","type":"image\/png"}],"twitter_card":"summary_large_image","twitter_misc":{"Tiempo de lectura":"1 minuto"},"schema":{"@context":"https:\/\/schema.org","@graph":[{"@type":"WebPage","@id":"https:\/\/www.cuervoysobrinos.com\/es\/swiss-watches\/primera-dama\/primera-dama-blancos\/","url":"https:\/\/www.cuervoysobrinos.com\/es\/swiss-watches\/primera-dama\/primera-dama-blancos\/","name":"Primera Dama - CUERVO Y SOBRINOS","isPartOf":{"@id":"https:\/\/www.cuervoysobrinos.com\/#website"},"primaryImageOfPage":{"@id":"https:\/\/www.cuervoysobrinos.com\/es\/swiss-watches\/primera-dama\/primera-dama-blancos\/#primaryimage"},"image":{"@id":"https:\/\/www.cuervoysobrinos.com\/es\/swiss-watches\/primera-dama\/primera-dama-blancos\/#primaryimage"},"thumbnailUrl":"https:\/\/www.cuervoysobrinos.com\/wp-content\/uploads\/2025\/08\/3113.7N-Soldier.png","datePublished":"2025-08-26T08:40:32+00:00","dateModified":"2026-04-17T10:41:03+00:00","breadcrumb":{"@id":"https:\/\/www.cuervoysobrinos.com\/es\/swiss-watches\/primera-dama\/primera-dama-blancos\/#breadcrumb"},"inLanguage":"es","potentialAction":[{"@type":"ReadAction","target":["https:\/\/www.cuervoysobrinos.com\/es\/swiss-watches\/primera-dama\/primera-dama-blancos\/"]}]},{"@type":"ImageObject","inLanguage":"es","@id":"https:\/\/www.cuervoysobrinos.com\/es\/swiss-watches\/primera-dama\/primera-dama-blancos\/#primaryimage","url":"https:\/\/www.cuervoysobrinos.com\/wp-content\/uploads\/2025\/08\/3113.7N-Soldier.png","contentUrl":"https:\/\/www.cuervoysobrinos.com\/wp-content\/uploads\/2025\/08\/3113.7N-Soldier.png","width":1200,"height":1200},{"@type":"BreadcrumbList","@id":"https:\/\/www.cuervoysobrinos.com\/es\/swiss-watches\/primera-dama\/primera-dama-blancos\/#breadcrumb","itemListElement":[{"@type":"ListItem","position":1,"name":"Home","item":"https:\/\/www.cuervoysobrinos.com\/es\/"},{"@type":"ListItem","position":2,"name":"Tienda","item":"https:\/\/www.cuervoysobrinos.com\/es\/tienda\/"},{"@type":"ListItem","position":3,"name":"Primera Dama"}]},{"@type":"WebSite","@id":"https:\/\/www.cuervoysobrinos.com\/#website","url":"https:\/\/www.cuervoysobrinos.com\/","name":"Cuervo y Sobrinos","description":"","publisher":{"@id":"https:\/\/www.cuervoysobrinos.com\/#organization"},"potentialAction":[{"@type":"SearchAction","target":{"@type":"EntryPoint","urlTemplate":"https:\/\/www.cuervoysobrinos.com\/?s={search_term_string}"},"query-input":{"@type":"PropertyValueSpecification","valueRequired":true,"valueName":"search_term_string"}}],"inLanguage":"es"},{"@type":"Organization","@id":"https:\/\/www.cuervoysobrinos.com\/#organization","name":"Cuervo y Sobrinos","url":"https:\/\/www.cuervoysobrinos.com\/","logo":{"@type":"ImageObject","inLanguage":"es","@id":"https:\/\/www.cuervoysobrinos.com\/#\/schema\/logo\/image\/","url":"https:\/\/www.cuervoysobrinos.com\/wp-content\/uploads\/2025\/07\/Logo.png","contentUrl":"https:\/\/www.cuervoysobrinos.com\/wp-content\/uploads\/2025\/07\/Logo.png","width":614,"height":319,"caption":"Cuervo y Sobrinos"},"image":{"@id":"https:\/\/www.cuervoysobrinos.com\/#\/schema\/logo\/image\/"}}]}},"_links":{"self":[{"href":"https:\/\/www.cuervoysobrinos.com\/es\/wp-json\/wp\/v2\/product\/17655","targetHints":{"allow":["GET"]}}],"collection":[{"href":"https:\/\/www.cuervoysobrinos.com\/es\/wp-json\/wp\/v2\/product"}],"about":[{"href":"https:\/\/www.cuervoysobrinos.com\/es\/wp-json\/wp\/v2\/types\/product"}],"replies":[{"embeddable":true,"href":"https:\/\/www.cuervoysobrinos.com\/es\/wp-json\/wp\/v2\/comments?post=17655"}],"version-history":[{"count":2,"href":"https:\/\/www.cuervoysobrinos.com\/es\/wp-json\/wp\/v2\/product\/17655\/revisions"}],"predecessor-version":[{"id":17975,"href":"https:\/\/www.cuervoysobrinos.com\/es\/wp-json\/wp\/v2\/product\/17655\/revisions\/17975"}],"wp:featuredmedia":[{"embeddable":true,"href":"https:\/\/www.cuervoysobrinos.com\/es\/wp-json\/wp\/v2\/media\/17658"}],"wp:attachment":[{"href":"https:\/\/www.cuervoysobrinos.com\/es\/wp-json\/wp\/v2\/media?parent=17655"}],"wp:term":[{"taxonomy":"product_brand","embeddable":true,"href":"https:\/\/www.cuervoysobrinos.com\/es\/wp-json\/wp\/v2\/product_brand?post=17655"},{"taxonomy":"product_cat","embeddable":true,"href":"https:\/\/www.cuervoysobrinos.com\/es\/wp-json\/wp\/v2\/product_cat?post=17655"},{"taxonomy":"product_tag","embeddable":true,"href":"https:\/\/www.cuervoysobrinos.com\/es\/wp-json\/wp\/v2\/product_tag?post=17655"}],"curies":[{"name":"wp","href":"https:\/\/api.w.org\/{rel}","templated":true}]}}