{"id":17800,"date":"2025-08-25T13:29:13","date_gmt":"2025-08-25T13:29:13","guid":{"rendered":"https:\/\/www.cuervoysobrinos.com\/swiss-watches\/sin%20categor\u00eda\/hemingway-iconico-brown\/"},"modified":"2026-04-17T13:20:16","modified_gmt":"2026-04-17T11:20:16","slug":"hemingway-iconico-marron","status":"publish","type":"product","link":"https:\/\/www.cuervoysobrinos.com\/es\/swiss-watches\/bestsellers\/hemingway-iconico-marron\/","title":{"rendered":"Hemingway Ic\u00f3nico"},"content":{"rendered":"<p><strong>Funciones<br \/>\n<\/strong>Horas, minutos, fecha de puntero con corrector r\u00e1pido<\/p>\n<p><strong>Movimiento<\/strong><br \/>\nSellita 221-1, 11 1\/2\u00bb, autom\u00e1tica, di\u00e1metro: 26 mm, altura: 5,05 mm, Reserva de marcha: 38 horas, 26 rubios, 28800 A\/h, peso oscilante terminado con grabado<\/p>\n<p><strong>Dial<\/strong><br \/>\nCar\u00e1ter marr\u00f3n, \u00edndices Super-LumiNova\u00ae recubiertos, emblema CyS aplicado<\/p>\n<p><strong>Caso<\/strong><br \/>\nAcero inoxidable, di\u00e1metro 40 mm, altura 12,05 mm, cristal de zafiro doble curvado con recubrimiento antirreflectante, resistente al agua hasta 10 ATM, corona atornillada. Logotipo grabado de Hemingway en la parte trasera de la caja y placa de edici\u00f3n limitada en la caja lateral<\/p>\n<p><strong>Manos<\/strong><br \/>\nManecillas plateadas de las horas y los minutos con Super-Luminova\u00ae, manecilla de segundos de acero plateada y puntero rojo con forma de cola de pez<\/p>\n<p><strong>Correa<br \/>\n<\/strong>Correa de cuero marr\u00f3n oscuro<\/p>\n<p><strong>Hebilla<\/strong><br \/>\nHebilla plegable de acero inoxidable grabada con el emblema CyS<\/p>\n<p><strong>Edici\u00f3n<\/strong><br \/>\nLimitada882 piezas<\/p>\n<p><strong>Embalaje<\/strong><br \/>\nPE 107 &#8211; Caja de libros Hemingway<\/p>\n","protected":false},"excerpt":{"rendered":"<p>Cuervo y Sobrinos rinde homenaje a su cliente de toda la vida y fiel Ernest Hemingway, c\u00e9lebre escritor y aut\u00e9ntica leyenda del siglo XX, con el lanzamiento de una nueva colecci\u00f3n dedicada \u00edntegramente al escritor.<\/p>\n<p>Edici\u00f3n limitada de 882 piezas.<\/p>\n","protected":false},"featured_media":17812,"comment_status":"open","ping_status":"closed","template":"","meta":{"_acf_changed":false},"product_brand":[],"product_cat":[84,89],"product_tag":[],"class_list":{"0":"post-17800","1":"product","2":"type-product","3":"status-publish","4":"has-post-thumbnail","6":"product_cat-bestsellers","7":"product_cat-coleccion-hemingway","9":"first","10":"instock","11":"shipping-taxable","12":"purchasable","13":"product-type-simple"},"acf":[],"yoast_head":"<!-- This site is optimized with the Yoast SEO plugin v27.3 - https:\/\/yoast.com\/product\/yoast-seo-wordpress\/ -->\n<title>Hemingway Iconico: Reloj de car\u00e1ter marr\u00f3n, correa de cuero marr\u00f3n oscuro-<\/title>\n<meta name=\"description\" content=\"Descubre el reloj Hemingway Iconico con esfera marr\u00f3n y correa de cuero marr\u00f3n oscuro. Un reloj refinado fabricado en Suiza de Cuervo y Sobrinos.\" \/>\n<meta name=\"robots\" content=\"index, follow, max-snippet:-1, max-image-preview:large, max-video-preview:-1\" \/>\n<link rel=\"canonical\" href=\"https:\/\/www.cuervoysobrinos.com\/es\/swiss-watches\/bestsellers\/hemingway-iconico-marron\/\" \/>\n<meta property=\"og:locale\" content=\"es_ES\" \/>\n<meta property=\"og:type\" content=\"article\" \/>\n<meta property=\"og:title\" content=\"Hemingway Iconico: Reloj de car\u00e1ter marr\u00f3n, correa de cuero marr\u00f3n oscuro-\" \/>\n<meta property=\"og:description\" content=\"Descubre el reloj Hemingway Iconico con esfera marr\u00f3n y correa de cuero marr\u00f3n oscuro. Un reloj refinado fabricado en Suiza de Cuervo y Sobrinos.\" \/>\n<meta property=\"og:url\" content=\"https:\/\/www.cuervoysobrinos.com\/es\/swiss-watches\/bestsellers\/hemingway-iconico-marron\/\" \/>\n<meta property=\"og:site_name\" content=\"CUERVO Y SOBRINOS\" \/>\n<meta property=\"article:modified_time\" content=\"2026-04-17T11:20:16+00:00\" \/>\n<meta property=\"og:image\" content=\"https:\/\/www.cuervoysobrinos.com\/wp-content\/uploads\/2025\/08\/3190.1ICB.png\" \/>\n\t<meta property=\"og:image:width\" content=\"1200\" \/>\n\t<meta property=\"og:image:height\" content=\"1200\" \/>\n\t<meta property=\"og:image:type\" content=\"image\/png\" \/>\n<meta name=\"twitter:card\" content=\"summary_large_image\" \/>\n<meta name=\"twitter:label1\" content=\"Tiempo de lectura\" \/>\n\t<meta name=\"twitter:data1\" content=\"1 minuto\" \/>\n<script type=\"application\/ld+json\" class=\"yoast-schema-graph\">{\"@context\":\"https:\\\/\\\/schema.org\",\"@graph\":[{\"@type\":\"WebPage\",\"@id\":\"https:\\\/\\\/www.cuervoysobrinos.com\\\/es\\\/swiss-watches\\\/bestsellers\\\/hemingway-iconico-marron\\\/\",\"url\":\"https:\\\/\\\/www.cuervoysobrinos.com\\\/es\\\/swiss-watches\\\/bestsellers\\\/hemingway-iconico-marron\\\/\",\"name\":\"Hemingway Iconico: Reloj de car\u00e1ter marr\u00f3n, correa de cuero marr\u00f3n oscuro-\",\"isPartOf\":{\"@id\":\"https:\\\/\\\/www.cuervoysobrinos.com\\\/#website\"},\"primaryImageOfPage\":{\"@id\":\"https:\\\/\\\/www.cuervoysobrinos.com\\\/es\\\/swiss-watches\\\/bestsellers\\\/hemingway-iconico-marron\\\/#primaryimage\"},\"image\":{\"@id\":\"https:\\\/\\\/www.cuervoysobrinos.com\\\/es\\\/swiss-watches\\\/bestsellers\\\/hemingway-iconico-marron\\\/#primaryimage\"},\"thumbnailUrl\":\"https:\\\/\\\/www.cuervoysobrinos.com\\\/wp-content\\\/uploads\\\/2025\\\/08\\\/3190.1ICB.png\",\"datePublished\":\"2025-08-25T13:29:13+00:00\",\"dateModified\":\"2026-04-17T11:20:16+00:00\",\"description\":\"Descubre el reloj Hemingway Iconico con esfera marr\u00f3n y correa de cuero marr\u00f3n oscuro. Un reloj refinado fabricado en Suiza de Cuervo y Sobrinos.\",\"breadcrumb\":{\"@id\":\"https:\\\/\\\/www.cuervoysobrinos.com\\\/es\\\/swiss-watches\\\/bestsellers\\\/hemingway-iconico-marron\\\/#breadcrumb\"},\"inLanguage\":\"es\",\"potentialAction\":[{\"@type\":\"ReadAction\",\"target\":[\"https:\\\/\\\/www.cuervoysobrinos.com\\\/es\\\/swiss-watches\\\/bestsellers\\\/hemingway-iconico-marron\\\/\"]}]},{\"@type\":\"ImageObject\",\"inLanguage\":\"es\",\"@id\":\"https:\\\/\\\/www.cuervoysobrinos.com\\\/es\\\/swiss-watches\\\/bestsellers\\\/hemingway-iconico-marron\\\/#primaryimage\",\"url\":\"https:\\\/\\\/www.cuervoysobrinos.com\\\/wp-content\\\/uploads\\\/2025\\\/08\\\/3190.1ICB.png\",\"contentUrl\":\"https:\\\/\\\/www.cuervoysobrinos.com\\\/wp-content\\\/uploads\\\/2025\\\/08\\\/3190.1ICB.png\",\"width\":1200,\"height\":1200},{\"@type\":\"BreadcrumbList\",\"@id\":\"https:\\\/\\\/www.cuervoysobrinos.com\\\/es\\\/swiss-watches\\\/bestsellers\\\/hemingway-iconico-marron\\\/#breadcrumb\",\"itemListElement\":[{\"@type\":\"ListItem\",\"position\":1,\"name\":\"Home\",\"item\":\"https:\\\/\\\/www.cuervoysobrinos.com\\\/es\\\/\"},{\"@type\":\"ListItem\",\"position\":2,\"name\":\"Tienda\",\"item\":\"https:\\\/\\\/www.cuervoysobrinos.com\\\/es\\\/tienda\\\/\"},{\"@type\":\"ListItem\",\"position\":3,\"name\":\"Hemingway Ic\u00f3nico\"}]},{\"@type\":\"WebSite\",\"@id\":\"https:\\\/\\\/www.cuervoysobrinos.com\\\/#website\",\"url\":\"https:\\\/\\\/www.cuervoysobrinos.com\\\/\",\"name\":\"Cuervo y Sobrinos\",\"description\":\"\",\"publisher\":{\"@id\":\"https:\\\/\\\/www.cuervoysobrinos.com\\\/#organization\"},\"potentialAction\":[{\"@type\":\"SearchAction\",\"target\":{\"@type\":\"EntryPoint\",\"urlTemplate\":\"https:\\\/\\\/www.cuervoysobrinos.com\\\/?s={search_term_string}\"},\"query-input\":{\"@type\":\"PropertyValueSpecification\",\"valueRequired\":true,\"valueName\":\"search_term_string\"}}],\"inLanguage\":\"es\"},{\"@type\":\"Organization\",\"@id\":\"https:\\\/\\\/www.cuervoysobrinos.com\\\/#organization\",\"name\":\"Cuervo y Sobrinos\",\"url\":\"https:\\\/\\\/www.cuervoysobrinos.com\\\/\",\"logo\":{\"@type\":\"ImageObject\",\"inLanguage\":\"es\",\"@id\":\"https:\\\/\\\/www.cuervoysobrinos.com\\\/#\\\/schema\\\/logo\\\/image\\\/\",\"url\":\"https:\\\/\\\/www.cuervoysobrinos.com\\\/wp-content\\\/uploads\\\/2025\\\/07\\\/Logo.png\",\"contentUrl\":\"https:\\\/\\\/www.cuervoysobrinos.com\\\/wp-content\\\/uploads\\\/2025\\\/07\\\/Logo.png\",\"width\":614,\"height\":319,\"caption\":\"Cuervo y Sobrinos\"},\"image\":{\"@id\":\"https:\\\/\\\/www.cuervoysobrinos.com\\\/#\\\/schema\\\/logo\\\/image\\\/\"}}]}<\/script>\n<!-- \/ Yoast SEO plugin. -->","yoast_head_json":{"title":"Hemingway Iconico: Reloj de car\u00e1ter marr\u00f3n, correa de cuero marr\u00f3n oscuro-","description":"Descubre el reloj Hemingway Iconico con esfera marr\u00f3n y correa de cuero marr\u00f3n oscuro. Un reloj refinado fabricado en Suiza de Cuervo y Sobrinos.","robots":{"index":"index","follow":"follow","max-snippet":"max-snippet:-1","max-image-preview":"max-image-preview:large","max-video-preview":"max-video-preview:-1"},"canonical":"https:\/\/www.cuervoysobrinos.com\/es\/swiss-watches\/bestsellers\/hemingway-iconico-marron\/","og_locale":"es_ES","og_type":"article","og_title":"Hemingway Iconico: Reloj de car\u00e1ter marr\u00f3n, correa de cuero marr\u00f3n oscuro-","og_description":"Descubre el reloj Hemingway Iconico con esfera marr\u00f3n y correa de cuero marr\u00f3n oscuro. Un reloj refinado fabricado en Suiza de Cuervo y Sobrinos.","og_url":"https:\/\/www.cuervoysobrinos.com\/es\/swiss-watches\/bestsellers\/hemingway-iconico-marron\/","og_site_name":"CUERVO Y SOBRINOS","article_modified_time":"2026-04-17T11:20:16+00:00","og_image":[{"width":1200,"height":1200,"url":"https:\/\/www.cuervoysobrinos.com\/wp-content\/uploads\/2025\/08\/3190.1ICB.png","type":"image\/png"}],"twitter_card":"summary_large_image","twitter_misc":{"Tiempo de lectura":"1 minuto"},"schema":{"@context":"https:\/\/schema.org","@graph":[{"@type":"WebPage","@id":"https:\/\/www.cuervoysobrinos.com\/es\/swiss-watches\/bestsellers\/hemingway-iconico-marron\/","url":"https:\/\/www.cuervoysobrinos.com\/es\/swiss-watches\/bestsellers\/hemingway-iconico-marron\/","name":"Hemingway Iconico: Reloj de car\u00e1ter marr\u00f3n, correa de cuero marr\u00f3n oscuro-","isPartOf":{"@id":"https:\/\/www.cuervoysobrinos.com\/#website"},"primaryImageOfPage":{"@id":"https:\/\/www.cuervoysobrinos.com\/es\/swiss-watches\/bestsellers\/hemingway-iconico-marron\/#primaryimage"},"image":{"@id":"https:\/\/www.cuervoysobrinos.com\/es\/swiss-watches\/bestsellers\/hemingway-iconico-marron\/#primaryimage"},"thumbnailUrl":"https:\/\/www.cuervoysobrinos.com\/wp-content\/uploads\/2025\/08\/3190.1ICB.png","datePublished":"2025-08-25T13:29:13+00:00","dateModified":"2026-04-17T11:20:16+00:00","description":"Descubre el reloj Hemingway Iconico con esfera marr\u00f3n y correa de cuero marr\u00f3n oscuro. Un reloj refinado fabricado en Suiza de Cuervo y Sobrinos.","breadcrumb":{"@id":"https:\/\/www.cuervoysobrinos.com\/es\/swiss-watches\/bestsellers\/hemingway-iconico-marron\/#breadcrumb"},"inLanguage":"es","potentialAction":[{"@type":"ReadAction","target":["https:\/\/www.cuervoysobrinos.com\/es\/swiss-watches\/bestsellers\/hemingway-iconico-marron\/"]}]},{"@type":"ImageObject","inLanguage":"es","@id":"https:\/\/www.cuervoysobrinos.com\/es\/swiss-watches\/bestsellers\/hemingway-iconico-marron\/#primaryimage","url":"https:\/\/www.cuervoysobrinos.com\/wp-content\/uploads\/2025\/08\/3190.1ICB.png","contentUrl":"https:\/\/www.cuervoysobrinos.com\/wp-content\/uploads\/2025\/08\/3190.1ICB.png","width":1200,"height":1200},{"@type":"BreadcrumbList","@id":"https:\/\/www.cuervoysobrinos.com\/es\/swiss-watches\/bestsellers\/hemingway-iconico-marron\/#breadcrumb","itemListElement":[{"@type":"ListItem","position":1,"name":"Home","item":"https:\/\/www.cuervoysobrinos.com\/es\/"},{"@type":"ListItem","position":2,"name":"Tienda","item":"https:\/\/www.cuervoysobrinos.com\/es\/tienda\/"},{"@type":"ListItem","position":3,"name":"Hemingway Ic\u00f3nico"}]},{"@type":"WebSite","@id":"https:\/\/www.cuervoysobrinos.com\/#website","url":"https:\/\/www.cuervoysobrinos.com\/","name":"Cuervo y Sobrinos","description":"","publisher":{"@id":"https:\/\/www.cuervoysobrinos.com\/#organization"},"potentialAction":[{"@type":"SearchAction","target":{"@type":"EntryPoint","urlTemplate":"https:\/\/www.cuervoysobrinos.com\/?s={search_term_string}"},"query-input":{"@type":"PropertyValueSpecification","valueRequired":true,"valueName":"search_term_string"}}],"inLanguage":"es"},{"@type":"Organization","@id":"https:\/\/www.cuervoysobrinos.com\/#organization","name":"Cuervo y Sobrinos","url":"https:\/\/www.cuervoysobrinos.com\/","logo":{"@type":"ImageObject","inLanguage":"es","@id":"https:\/\/www.cuervoysobrinos.com\/#\/schema\/logo\/image\/","url":"https:\/\/www.cuervoysobrinos.com\/wp-content\/uploads\/2025\/07\/Logo.png","contentUrl":"https:\/\/www.cuervoysobrinos.com\/wp-content\/uploads\/2025\/07\/Logo.png","width":614,"height":319,"caption":"Cuervo y Sobrinos"},"image":{"@id":"https:\/\/www.cuervoysobrinos.com\/#\/schema\/logo\/image\/"}}]}},"_links":{"self":[{"href":"https:\/\/www.cuervoysobrinos.com\/es\/wp-json\/wp\/v2\/product\/17800","targetHints":{"allow":["GET"]}}],"collection":[{"href":"https:\/\/www.cuervoysobrinos.com\/es\/wp-json\/wp\/v2\/product"}],"about":[{"href":"https:\/\/www.cuervoysobrinos.com\/es\/wp-json\/wp\/v2\/types\/product"}],"replies":[{"embeddable":true,"href":"https:\/\/www.cuervoysobrinos.com\/es\/wp-json\/wp\/v2\/comments?post=17800"}],"version-history":[{"count":2,"href":"https:\/\/www.cuervoysobrinos.com\/es\/wp-json\/wp\/v2\/product\/17800\/revisions"}],"predecessor-version":[{"id":18139,"href":"https:\/\/www.cuervoysobrinos.com\/es\/wp-json\/wp\/v2\/product\/17800\/revisions\/18139"}],"wp:featuredmedia":[{"embeddable":true,"href":"https:\/\/www.cuervoysobrinos.com\/es\/wp-json\/wp\/v2\/media\/17812"}],"wp:attachment":[{"href":"https:\/\/www.cuervoysobrinos.com\/es\/wp-json\/wp\/v2\/media?parent=17800"}],"wp:term":[{"taxonomy":"product_brand","embeddable":true,"href":"https:\/\/www.cuervoysobrinos.com\/es\/wp-json\/wp\/v2\/product_brand?post=17800"},{"taxonomy":"product_cat","embeddable":true,"href":"https:\/\/www.cuervoysobrinos.com\/es\/wp-json\/wp\/v2\/product_cat?post=17800"},{"taxonomy":"product_tag","embeddable":true,"href":"https:\/\/www.cuervoysobrinos.com\/es\/wp-json\/wp\/v2\/product_tag?post=17800"}],"curies":[{"name":"wp","href":"https:\/\/api.w.org\/{rel}","templated":true}]}}