{"id":17817,"date":"2025-08-25T13:44:56","date_gmt":"2025-08-25T13:44:56","guid":{"rendered":"https:\/\/www.cuervoysobrinos.com\/swiss-watches\/sin%20categor\u00eda\/hemingway-iconico-the-fisherman\/"},"modified":"2026-04-17T12:31:57","modified_gmt":"2026-04-17T10:31:57","slug":"hemingway-iconico-the-fisherman","status":"publish","type":"product","link":"https:\/\/www.cuervoysobrinos.com\/es\/swiss-watches\/coleccion-hemingway\/hemingway-iconico-the-fisherman\/","title":{"rendered":"Hemingway Ic\u00f3nico &#8216;The Fisherman&#8217;"},"content":{"rendered":"<p><strong>Funciones<br \/>\n<\/strong>Horas, minutos, segundos centrales, fecha y GMT<\/p>\n<p><strong>Movimiento<\/strong><br \/>\nSoprod C125, autom\u00e1tico, di\u00e1metro: 26,2 mm, altura: 4,1 mm, Reserva de marcha: 42 horas, 26 piedras, 28800 A\/h, peso oscilante terminado con grabado<\/p>\n<p><strong>Caso<\/strong><br \/>\nAcero inoxidable, di\u00e1metro 40 mm, altura 12,15 mm, cristal de zafiro doble curvado con recubrimiento antirreflejante, resistente al agua hasta 10 ATM, corona atornillada. Parte trasera de la caja abierta con el logo de Hemingway Hemingway en el peso oscilante, y la placa de edici\u00f3n limitada en la caja lateral <\/p>\n<p><strong>Dial<\/strong><br \/>\nCar\u00e1ter azul oc\u00e9ano, \u00edndices Super-LumiNova\u00ae recubiertos, emblema CyS aplicado<\/p>\n<p><strong>Manos<\/strong><br \/>\nManecillas plateadas de horas y minutos con Super-Luminova\u00ae, manecilla blanca de los segundos y aguja azul GMT<\/p>\n<p><strong>Hebilla<\/strong><br \/>\nHebilla plegable cuadrada de acero inoxidable grabada con el emblema CyS<\/p>\n<p><strong>Correa<\/strong><br \/>\nPulsera de acero inoxidable y correa textil azul gris de cordura<\/p>\n<p><strong>Edici\u00f3n<\/strong><br \/>\n Limitada288 piezas<\/p>\n<p><strong>Embalaje<\/strong><br \/>\nPE107 &#8211; Caja de relojes Hemingway<\/p>\n","protected":false},"excerpt":{"rendered":"<p>Cuervo y Sobrinos rinde homenaje a su cliente de toda la vida y fiel Ernest Hemingway, c\u00e9lebre escritor y aut\u00e9ntica leyenda del siglo XX, con el lanzamiento de una nueva colecci\u00f3n dedicada \u00edntegramente al escritor.<\/p>\n<p>Edici\u00f3n limitada de 288 piezas.<\/p>\n","protected":false},"featured_media":17820,"comment_status":"open","ping_status":"closed","template":"","meta":{"_acf_changed":false},"product_brand":[],"product_cat":[89],"product_tag":[],"class_list":{"0":"post-17817","1":"product","2":"type-product","3":"status-publish","4":"has-post-thumbnail","6":"product_cat-coleccion-hemingway","8":"first","9":"instock","10":"shipping-taxable","11":"purchasable","12":"product-type-simple"},"acf":[],"yoast_head":"<!-- This site is optimized with the Yoast SEO plugin v27.3 - https:\/\/yoast.com\/product\/yoast-seo-wordpress\/ -->\n<title>Hemingway &#039;El Pescador&#039;: Correa textil de reloj azul con esfera azul en Cordura -<\/title>\n<meta name=\"description\" content=\"Descubre el Hemingway Iconico &quot;El Pescador&quot;, con una esfera azul y una correa resistente de cordura. Un reloj suizo inspirado en Ernest Hemingway\" \/>\n<meta name=\"robots\" content=\"index, follow, max-snippet:-1, max-image-preview:large, max-video-preview:-1\" \/>\n<link rel=\"canonical\" href=\"https:\/\/www.cuervoysobrinos.com\/es\/?post_type=product&p=17817\" \/>\n<meta property=\"og:locale\" content=\"es_ES\" \/>\n<meta property=\"og:type\" content=\"article\" \/>\n<meta property=\"og:title\" content=\"Hemingway &#039;El Pescador&#039;: Correa textil de reloj azul con esfera azul en Cordura -\" \/>\n<meta property=\"og:description\" content=\"Descubre el Hemingway Iconico &quot;El Pescador&quot;, con una esfera azul y una correa resistente de cordura. Un reloj suizo inspirado en Ernest Hemingway\" \/>\n<meta property=\"og:url\" content=\"https:\/\/www.cuervoysobrinos.com\/es\/?post_type=product&amp;p=17817\" \/>\n<meta property=\"og:site_name\" content=\"CUERVO Y SOBRINOS\" \/>\n<meta property=\"article:modified_time\" content=\"2026-04-17T10:31:57+00:00\" \/>\n<meta property=\"og:image\" content=\"https:\/\/www.cuervoysobrinos.com\/wp-content\/uploads\/2025\/08\/3192B.1B_soldier.png\" \/>\n\t<meta property=\"og:image:width\" content=\"1200\" \/>\n\t<meta property=\"og:image:height\" content=\"1200\" \/>\n\t<meta property=\"og:image:type\" content=\"image\/png\" \/>\n<meta name=\"twitter:card\" content=\"summary_large_image\" \/>\n<meta name=\"twitter:label1\" content=\"Tiempo de lectura\" \/>\n\t<meta name=\"twitter:data1\" content=\"1 minuto\" \/>\n<script type=\"application\/ld+json\" class=\"yoast-schema-graph\">{\"@context\":\"https:\\\/\\\/schema.org\",\"@graph\":[{\"@type\":\"WebPage\",\"@id\":\"https:\\\/\\\/www.cuervoysobrinos.com\\\/es\\\/?post_type=product&p=17817\",\"url\":\"https:\\\/\\\/www.cuervoysobrinos.com\\\/es\\\/?post_type=product&p=17817\",\"name\":\"Hemingway 'El Pescador': Correa textil de reloj azul con esfera azul en Cordura -\",\"isPartOf\":{\"@id\":\"https:\\\/\\\/www.cuervoysobrinos.com\\\/#website\"},\"primaryImageOfPage\":{\"@id\":\"https:\\\/\\\/www.cuervoysobrinos.com\\\/es\\\/?post_type=product&p=17817#primaryimage\"},\"image\":{\"@id\":\"https:\\\/\\\/www.cuervoysobrinos.com\\\/es\\\/?post_type=product&p=17817#primaryimage\"},\"thumbnailUrl\":\"https:\\\/\\\/www.cuervoysobrinos.com\\\/wp-content\\\/uploads\\\/2025\\\/08\\\/3192B.1B_soldier.png\",\"datePublished\":\"2025-08-25T13:44:56+00:00\",\"dateModified\":\"2026-04-17T10:31:57+00:00\",\"description\":\"Descubre el Hemingway Iconico \\\"El Pescador\\\", con una esfera azul y una correa resistente de cordura. Un reloj suizo inspirado en Ernest Hemingway\",\"breadcrumb\":{\"@id\":\"https:\\\/\\\/www.cuervoysobrinos.com\\\/es\\\/?post_type=product&p=17817#breadcrumb\"},\"inLanguage\":\"es\",\"potentialAction\":[{\"@type\":\"ReadAction\",\"target\":[\"https:\\\/\\\/www.cuervoysobrinos.com\\\/es\\\/?post_type=product&p=17817\"]}]},{\"@type\":\"ImageObject\",\"inLanguage\":\"es\",\"@id\":\"https:\\\/\\\/www.cuervoysobrinos.com\\\/es\\\/?post_type=product&p=17817#primaryimage\",\"url\":\"https:\\\/\\\/www.cuervoysobrinos.com\\\/wp-content\\\/uploads\\\/2025\\\/08\\\/3192B.1B_soldier.png\",\"contentUrl\":\"https:\\\/\\\/www.cuervoysobrinos.com\\\/wp-content\\\/uploads\\\/2025\\\/08\\\/3192B.1B_soldier.png\",\"width\":1200,\"height\":1200},{\"@type\":\"BreadcrumbList\",\"@id\":\"https:\\\/\\\/www.cuervoysobrinos.com\\\/es\\\/?post_type=product&p=17817#breadcrumb\",\"itemListElement\":[{\"@type\":\"ListItem\",\"position\":1,\"name\":\"Home\",\"item\":\"https:\\\/\\\/www.cuervoysobrinos.com\\\/es\\\/\"},{\"@type\":\"ListItem\",\"position\":2,\"name\":\"Tienda\",\"item\":\"https:\\\/\\\/www.cuervoysobrinos.com\\\/es\\\/tienda\\\/\"},{\"@type\":\"ListItem\",\"position\":3,\"name\":\"Hemingway Ic\u00f3nico &#8216;The Fisherman&#8217;\"}]},{\"@type\":\"WebSite\",\"@id\":\"https:\\\/\\\/www.cuervoysobrinos.com\\\/#website\",\"url\":\"https:\\\/\\\/www.cuervoysobrinos.com\\\/\",\"name\":\"Cuervo y Sobrinos\",\"description\":\"\",\"publisher\":{\"@id\":\"https:\\\/\\\/www.cuervoysobrinos.com\\\/#organization\"},\"potentialAction\":[{\"@type\":\"SearchAction\",\"target\":{\"@type\":\"EntryPoint\",\"urlTemplate\":\"https:\\\/\\\/www.cuervoysobrinos.com\\\/?s={search_term_string}\"},\"query-input\":{\"@type\":\"PropertyValueSpecification\",\"valueRequired\":true,\"valueName\":\"search_term_string\"}}],\"inLanguage\":\"es\"},{\"@type\":\"Organization\",\"@id\":\"https:\\\/\\\/www.cuervoysobrinos.com\\\/#organization\",\"name\":\"Cuervo y Sobrinos\",\"url\":\"https:\\\/\\\/www.cuervoysobrinos.com\\\/\",\"logo\":{\"@type\":\"ImageObject\",\"inLanguage\":\"es\",\"@id\":\"https:\\\/\\\/www.cuervoysobrinos.com\\\/#\\\/schema\\\/logo\\\/image\\\/\",\"url\":\"https:\\\/\\\/www.cuervoysobrinos.com\\\/wp-content\\\/uploads\\\/2025\\\/07\\\/Logo.png\",\"contentUrl\":\"https:\\\/\\\/www.cuervoysobrinos.com\\\/wp-content\\\/uploads\\\/2025\\\/07\\\/Logo.png\",\"width\":614,\"height\":319,\"caption\":\"Cuervo y Sobrinos\"},\"image\":{\"@id\":\"https:\\\/\\\/www.cuervoysobrinos.com\\\/#\\\/schema\\\/logo\\\/image\\\/\"}}]}<\/script>\n<!-- \/ Yoast SEO plugin. -->","yoast_head_json":{"title":"Hemingway 'El Pescador': Correa textil de reloj azul con esfera azul en Cordura -","description":"Descubre el Hemingway Iconico \"El Pescador\", con una esfera azul y una correa resistente de cordura. Un reloj suizo inspirado en Ernest Hemingway","robots":{"index":"index","follow":"follow","max-snippet":"max-snippet:-1","max-image-preview":"max-image-preview:large","max-video-preview":"max-video-preview:-1"},"canonical":"https:\/\/www.cuervoysobrinos.com\/es\/?post_type=product&p=17817","og_locale":"es_ES","og_type":"article","og_title":"Hemingway 'El Pescador': Correa textil de reloj azul con esfera azul en Cordura -","og_description":"Descubre el Hemingway Iconico \"El Pescador\", con una esfera azul y una correa resistente de cordura. Un reloj suizo inspirado en Ernest Hemingway","og_url":"https:\/\/www.cuervoysobrinos.com\/es\/?post_type=product&p=17817","og_site_name":"CUERVO Y SOBRINOS","article_modified_time":"2026-04-17T10:31:57+00:00","og_image":[{"width":1200,"height":1200,"url":"https:\/\/www.cuervoysobrinos.com\/wp-content\/uploads\/2025\/08\/3192B.1B_soldier.png","type":"image\/png"}],"twitter_card":"summary_large_image","twitter_misc":{"Tiempo de lectura":"1 minuto"},"schema":{"@context":"https:\/\/schema.org","@graph":[{"@type":"WebPage","@id":"https:\/\/www.cuervoysobrinos.com\/es\/?post_type=product&p=17817","url":"https:\/\/www.cuervoysobrinos.com\/es\/?post_type=product&p=17817","name":"Hemingway 'El Pescador': Correa textil de reloj azul con esfera azul en Cordura -","isPartOf":{"@id":"https:\/\/www.cuervoysobrinos.com\/#website"},"primaryImageOfPage":{"@id":"https:\/\/www.cuervoysobrinos.com\/es\/?post_type=product&p=17817#primaryimage"},"image":{"@id":"https:\/\/www.cuervoysobrinos.com\/es\/?post_type=product&p=17817#primaryimage"},"thumbnailUrl":"https:\/\/www.cuervoysobrinos.com\/wp-content\/uploads\/2025\/08\/3192B.1B_soldier.png","datePublished":"2025-08-25T13:44:56+00:00","dateModified":"2026-04-17T10:31:57+00:00","description":"Descubre el Hemingway Iconico \"El Pescador\", con una esfera azul y una correa resistente de cordura. Un reloj suizo inspirado en Ernest Hemingway","breadcrumb":{"@id":"https:\/\/www.cuervoysobrinos.com\/es\/?post_type=product&p=17817#breadcrumb"},"inLanguage":"es","potentialAction":[{"@type":"ReadAction","target":["https:\/\/www.cuervoysobrinos.com\/es\/?post_type=product&p=17817"]}]},{"@type":"ImageObject","inLanguage":"es","@id":"https:\/\/www.cuervoysobrinos.com\/es\/?post_type=product&p=17817#primaryimage","url":"https:\/\/www.cuervoysobrinos.com\/wp-content\/uploads\/2025\/08\/3192B.1B_soldier.png","contentUrl":"https:\/\/www.cuervoysobrinos.com\/wp-content\/uploads\/2025\/08\/3192B.1B_soldier.png","width":1200,"height":1200},{"@type":"BreadcrumbList","@id":"https:\/\/www.cuervoysobrinos.com\/es\/?post_type=product&p=17817#breadcrumb","itemListElement":[{"@type":"ListItem","position":1,"name":"Home","item":"https:\/\/www.cuervoysobrinos.com\/es\/"},{"@type":"ListItem","position":2,"name":"Tienda","item":"https:\/\/www.cuervoysobrinos.com\/es\/tienda\/"},{"@type":"ListItem","position":3,"name":"Hemingway Ic\u00f3nico &#8216;The Fisherman&#8217;"}]},{"@type":"WebSite","@id":"https:\/\/www.cuervoysobrinos.com\/#website","url":"https:\/\/www.cuervoysobrinos.com\/","name":"Cuervo y Sobrinos","description":"","publisher":{"@id":"https:\/\/www.cuervoysobrinos.com\/#organization"},"potentialAction":[{"@type":"SearchAction","target":{"@type":"EntryPoint","urlTemplate":"https:\/\/www.cuervoysobrinos.com\/?s={search_term_string}"},"query-input":{"@type":"PropertyValueSpecification","valueRequired":true,"valueName":"search_term_string"}}],"inLanguage":"es"},{"@type":"Organization","@id":"https:\/\/www.cuervoysobrinos.com\/#organization","name":"Cuervo y Sobrinos","url":"https:\/\/www.cuervoysobrinos.com\/","logo":{"@type":"ImageObject","inLanguage":"es","@id":"https:\/\/www.cuervoysobrinos.com\/#\/schema\/logo\/image\/","url":"https:\/\/www.cuervoysobrinos.com\/wp-content\/uploads\/2025\/07\/Logo.png","contentUrl":"https:\/\/www.cuervoysobrinos.com\/wp-content\/uploads\/2025\/07\/Logo.png","width":614,"height":319,"caption":"Cuervo y Sobrinos"},"image":{"@id":"https:\/\/www.cuervoysobrinos.com\/#\/schema\/logo\/image\/"}}]}},"_links":{"self":[{"href":"https:\/\/www.cuervoysobrinos.com\/es\/wp-json\/wp\/v2\/product\/17817","targetHints":{"allow":["GET"]}}],"collection":[{"href":"https:\/\/www.cuervoysobrinos.com\/es\/wp-json\/wp\/v2\/product"}],"about":[{"href":"https:\/\/www.cuervoysobrinos.com\/es\/wp-json\/wp\/v2\/types\/product"}],"replies":[{"embeddable":true,"href":"https:\/\/www.cuervoysobrinos.com\/es\/wp-json\/wp\/v2\/comments?post=17817"}],"version-history":[{"count":2,"href":"https:\/\/www.cuervoysobrinos.com\/es\/wp-json\/wp\/v2\/product\/17817\/revisions"}],"predecessor-version":[{"id":17968,"href":"https:\/\/www.cuervoysobrinos.com\/es\/wp-json\/wp\/v2\/product\/17817\/revisions\/17968"}],"wp:featuredmedia":[{"embeddable":true,"href":"https:\/\/www.cuervoysobrinos.com\/es\/wp-json\/wp\/v2\/media\/17820"}],"wp:attachment":[{"href":"https:\/\/www.cuervoysobrinos.com\/es\/wp-json\/wp\/v2\/media?parent=17817"}],"wp:term":[{"taxonomy":"product_brand","embeddable":true,"href":"https:\/\/www.cuervoysobrinos.com\/es\/wp-json\/wp\/v2\/product_brand?post=17817"},{"taxonomy":"product_cat","embeddable":true,"href":"https:\/\/www.cuervoysobrinos.com\/es\/wp-json\/wp\/v2\/product_cat?post=17817"},{"taxonomy":"product_tag","embeddable":true,"href":"https:\/\/www.cuervoysobrinos.com\/es\/wp-json\/wp\/v2\/product_tag?post=17817"}],"curies":[{"name":"wp","href":"https:\/\/api.w.org\/{rel}","templated":true}]}}