{"id":17862,"date":"2025-08-25T10:33:56","date_gmt":"2025-08-25T10:33:56","guid":{"rendered":"https:\/\/www.cuervoysobrinos.com\/swiss-watches\/sin%20categor\u00eda\/asturias-pequenos-segundos-cream\/"},"modified":"2026-04-17T12:57:18","modified_gmt":"2026-04-17T10:57:18","slug":"asturias-pequenos-segundos-crema","status":"publish","type":"product","link":"https:\/\/www.cuervoysobrinos.com\/es\/swiss-watches\/bestsellers\/asturias-pequenos-segundos-crema\/","title":{"rendered":"Asturias Peque\u00f1os Segundos"},"content":{"rendered":"<p><strong>Funciones<br \/>\n<\/strong>Horas, minutos, segundos peque\u00f1os<\/p>\n<p><strong>Movimiento<\/strong><br \/>\nSellita SW 261, 11 1\/2\u00bb, autom\u00e1tica, di\u00e1metro: 25,6 mm, altura: 5,6 mm, reserva de marcha 38 horas, 31 piedras, 28800 A\/h, peso oscilante terminado con grabado<\/p>\n<p><strong>Caso<\/strong><br \/>\nAcero inoxidable, di\u00e1metro 40 mm, altura 10,95 mm, cristal de zafiro doble curvado con recubrimiento antirreflejante, resistente al agua hasta 5 ATM, fondo de caja transparente atornillado con cristal de zafiro<\/p>\n<p><strong>Dial<\/strong><br \/>\nCrema, apliqu\u00e9 \u00edndices con tratamiento de rodio, apliqu\u00e9 el emblema CyS a las 12 horas<\/p>\n<p><strong>Manos<\/strong><br \/>\nManecillas de las horas y los minutos de losang\u00e9 de plata con manecilla de segundos peque\u00f1os en forma de bast\u00f3n<\/p>\n<p><strong>Correa<\/strong><br \/>\nPulsera de cocodrilo de Louisiana o acero inoxidable marr\u00f3n chocolate mate<\/p>\n<p><strong>Hebilla<\/strong><br \/>\nHebilla plegable de acero inoxidable grabada con el emblema CyS<\/p>\n<p><strong>Edici\u00f3n<\/strong><br \/>\nLimitada82 piezas, numeradas individualmente<\/p>\n<p><strong>Embalaje<\/strong><br \/>\nCaja peque\u00f1a de humidor &#8211; PE211-2020<\/p>\n","protected":false},"excerpt":{"rendered":"<p>Cuervo y Sobrinos fue fundada en 1882 por Cuervo y sus sobrinos. Este grupo de empresarios notables y orfebres altamente cualificados proced\u00eda de Asturias, una regi\u00f3n del noroeste de Espa\u00f1a.<\/p>\n<p>El Historiador Asturias honra a aquellos valientes emigrantes que, en el siglo XIX, navegaron hacia Am\u00e9rica en busca de la fortuna. Cuba result\u00f3 ser una elecci\u00f3n popular para los intr\u00e9pidos asturianos, ansiosos por descubrir un nuevo mundo y construir una vida mejor.<\/p>\n<p><strong>Edici\u00f3n limitada de 82 piezas, numeradas individualmente.<\/strong><\/p>\n","protected":false},"featured_media":17863,"comment_status":"closed","ping_status":"closed","template":"","meta":{"_acf_changed":false},"product_brand":[],"product_cat":[84,90],"product_tag":[],"class_list":{"0":"post-17862","1":"product","2":"type-product","3":"status-publish","4":"has-post-thumbnail","6":"product_cat-bestsellers","7":"product_cat-historiador","9":"first","10":"instock","11":"shipping-taxable","12":"purchasable","13":"product-type-variable"},"acf":[],"yoast_head":"<!-- This site is optimized with the Yoast SEO plugin v27.3 - https:\/\/yoast.com\/product\/yoast-seo-wordpress\/ -->\n<title>Asturias Peque\u00f1os Segundos - CUERVO Y SOBRINOS<\/title>\n<meta name=\"robots\" content=\"index, follow, max-snippet:-1, max-image-preview:large, max-video-preview:-1\" \/>\n<link rel=\"canonical\" href=\"https:\/\/www.cuervoysobrinos.com\/es\/swiss-watches\/bestsellers\/asturias-pequenos-segundos-crema\/\" \/>\n<meta property=\"og:locale\" content=\"es_ES\" \/>\n<meta property=\"og:type\" content=\"article\" \/>\n<meta property=\"og:title\" content=\"Asturias Peque\u00f1os Segundos - CUERVO Y SOBRINOS\" \/>\n<meta property=\"og:description\" content=\"Cuervo y Sobrinos fue fundada en 1882 por Cuervo y sus sobrinos. Este grupo de empresarios notables y orfebres altamente cualificados proced\u00eda de Asturias, una regi\u00f3n del noroeste de Espa\u00f1a.  El Historiador Asturias honra a aquellos valientes emigrantes que, en el siglo XIX, navegaron hacia Am\u00e9rica en busca de la fortuna. Cuba result\u00f3 ser una elecci\u00f3n popular para los intr\u00e9pidos asturianos, ansiosos por descubrir un nuevo mundo y construir una vida mejor.  Edici\u00f3n limitada de 82 piezas, numeradas individualmente.\" \/>\n<meta property=\"og:url\" content=\"https:\/\/www.cuervoysobrinos.com\/es\/swiss-watches\/bestsellers\/asturias-pequenos-segundos-crema\/\" \/>\n<meta property=\"og:site_name\" content=\"CUERVO Y SOBRINOS\" \/>\n<meta property=\"article:modified_time\" content=\"2026-04-17T10:57:18+00:00\" \/>\n<meta property=\"og:image\" content=\"https:\/\/www.cuervoysobrinos.com\/wp-content\/uploads\/2025\/08\/3102.1HLE-Soldier-Web.png\" \/>\n\t<meta property=\"og:image:width\" content=\"1200\" \/>\n\t<meta property=\"og:image:height\" content=\"1200\" \/>\n\t<meta property=\"og:image:type\" content=\"image\/png\" \/>\n<meta name=\"twitter:card\" content=\"summary_large_image\" \/>\n<meta name=\"twitter:label1\" content=\"Tiempo de lectura\" \/>\n\t<meta name=\"twitter:data1\" content=\"1 minuto\" \/>\n<script type=\"application\/ld+json\" class=\"yoast-schema-graph\">{\"@context\":\"https:\\\/\\\/schema.org\",\"@graph\":[{\"@type\":\"WebPage\",\"@id\":\"https:\\\/\\\/www.cuervoysobrinos.com\\\/es\\\/swiss-watches\\\/bestsellers\\\/asturias-pequenos-segundos-crema\\\/\",\"url\":\"https:\\\/\\\/www.cuervoysobrinos.com\\\/es\\\/swiss-watches\\\/bestsellers\\\/asturias-pequenos-segundos-crema\\\/\",\"name\":\"Asturias Peque\u00f1os Segundos - CUERVO Y SOBRINOS\",\"isPartOf\":{\"@id\":\"https:\\\/\\\/www.cuervoysobrinos.com\\\/#website\"},\"primaryImageOfPage\":{\"@id\":\"https:\\\/\\\/www.cuervoysobrinos.com\\\/es\\\/swiss-watches\\\/bestsellers\\\/asturias-pequenos-segundos-crema\\\/#primaryimage\"},\"image\":{\"@id\":\"https:\\\/\\\/www.cuervoysobrinos.com\\\/es\\\/swiss-watches\\\/bestsellers\\\/asturias-pequenos-segundos-crema\\\/#primaryimage\"},\"thumbnailUrl\":\"https:\\\/\\\/www.cuervoysobrinos.com\\\/wp-content\\\/uploads\\\/2025\\\/08\\\/3102.1HLE-Soldier-Web.png\",\"datePublished\":\"2025-08-25T10:33:56+00:00\",\"dateModified\":\"2026-04-17T10:57:18+00:00\",\"breadcrumb\":{\"@id\":\"https:\\\/\\\/www.cuervoysobrinos.com\\\/es\\\/swiss-watches\\\/bestsellers\\\/asturias-pequenos-segundos-crema\\\/#breadcrumb\"},\"inLanguage\":\"es\",\"potentialAction\":[{\"@type\":\"ReadAction\",\"target\":[\"https:\\\/\\\/www.cuervoysobrinos.com\\\/es\\\/swiss-watches\\\/bestsellers\\\/asturias-pequenos-segundos-crema\\\/\"]}]},{\"@type\":\"ImageObject\",\"inLanguage\":\"es\",\"@id\":\"https:\\\/\\\/www.cuervoysobrinos.com\\\/es\\\/swiss-watches\\\/bestsellers\\\/asturias-pequenos-segundos-crema\\\/#primaryimage\",\"url\":\"https:\\\/\\\/www.cuervoysobrinos.com\\\/wp-content\\\/uploads\\\/2025\\\/08\\\/3102.1HLE-Soldier-Web.png\",\"contentUrl\":\"https:\\\/\\\/www.cuervoysobrinos.com\\\/wp-content\\\/uploads\\\/2025\\\/08\\\/3102.1HLE-Soldier-Web.png\",\"width\":1200,\"height\":1200},{\"@type\":\"BreadcrumbList\",\"@id\":\"https:\\\/\\\/www.cuervoysobrinos.com\\\/es\\\/swiss-watches\\\/bestsellers\\\/asturias-pequenos-segundos-crema\\\/#breadcrumb\",\"itemListElement\":[{\"@type\":\"ListItem\",\"position\":1,\"name\":\"Home\",\"item\":\"https:\\\/\\\/www.cuervoysobrinos.com\\\/es\\\/\"},{\"@type\":\"ListItem\",\"position\":2,\"name\":\"Tienda\",\"item\":\"https:\\\/\\\/www.cuervoysobrinos.com\\\/es\\\/tienda\\\/\"},{\"@type\":\"ListItem\",\"position\":3,\"name\":\"Asturias Peque\u00f1os Segundos\"}]},{\"@type\":\"WebSite\",\"@id\":\"https:\\\/\\\/www.cuervoysobrinos.com\\\/#website\",\"url\":\"https:\\\/\\\/www.cuervoysobrinos.com\\\/\",\"name\":\"Cuervo y Sobrinos\",\"description\":\"\",\"publisher\":{\"@id\":\"https:\\\/\\\/www.cuervoysobrinos.com\\\/#organization\"},\"potentialAction\":[{\"@type\":\"SearchAction\",\"target\":{\"@type\":\"EntryPoint\",\"urlTemplate\":\"https:\\\/\\\/www.cuervoysobrinos.com\\\/?s={search_term_string}\"},\"query-input\":{\"@type\":\"PropertyValueSpecification\",\"valueRequired\":true,\"valueName\":\"search_term_string\"}}],\"inLanguage\":\"es\"},{\"@type\":\"Organization\",\"@id\":\"https:\\\/\\\/www.cuervoysobrinos.com\\\/#organization\",\"name\":\"Cuervo y Sobrinos\",\"url\":\"https:\\\/\\\/www.cuervoysobrinos.com\\\/\",\"logo\":{\"@type\":\"ImageObject\",\"inLanguage\":\"es\",\"@id\":\"https:\\\/\\\/www.cuervoysobrinos.com\\\/#\\\/schema\\\/logo\\\/image\\\/\",\"url\":\"https:\\\/\\\/www.cuervoysobrinos.com\\\/wp-content\\\/uploads\\\/2025\\\/07\\\/Logo.png\",\"contentUrl\":\"https:\\\/\\\/www.cuervoysobrinos.com\\\/wp-content\\\/uploads\\\/2025\\\/07\\\/Logo.png\",\"width\":614,\"height\":319,\"caption\":\"Cuervo y Sobrinos\"},\"image\":{\"@id\":\"https:\\\/\\\/www.cuervoysobrinos.com\\\/#\\\/schema\\\/logo\\\/image\\\/\"}}]}<\/script>\n<!-- \/ Yoast SEO plugin. -->","yoast_head_json":{"title":"Asturias Peque\u00f1os Segundos - CUERVO Y SOBRINOS","robots":{"index":"index","follow":"follow","max-snippet":"max-snippet:-1","max-image-preview":"max-image-preview:large","max-video-preview":"max-video-preview:-1"},"canonical":"https:\/\/www.cuervoysobrinos.com\/es\/swiss-watches\/bestsellers\/asturias-pequenos-segundos-crema\/","og_locale":"es_ES","og_type":"article","og_title":"Asturias Peque\u00f1os Segundos - CUERVO Y SOBRINOS","og_description":"Cuervo y Sobrinos fue fundada en 1882 por Cuervo y sus sobrinos. Este grupo de empresarios notables y orfebres altamente cualificados proced\u00eda de Asturias, una regi\u00f3n del noroeste de Espa\u00f1a.  El Historiador Asturias honra a aquellos valientes emigrantes que, en el siglo XIX, navegaron hacia Am\u00e9rica en busca de la fortuna. Cuba result\u00f3 ser una elecci\u00f3n popular para los intr\u00e9pidos asturianos, ansiosos por descubrir un nuevo mundo y construir una vida mejor.  Edici\u00f3n limitada de 82 piezas, numeradas individualmente.","og_url":"https:\/\/www.cuervoysobrinos.com\/es\/swiss-watches\/bestsellers\/asturias-pequenos-segundos-crema\/","og_site_name":"CUERVO Y SOBRINOS","article_modified_time":"2026-04-17T10:57:18+00:00","og_image":[{"width":1200,"height":1200,"url":"https:\/\/www.cuervoysobrinos.com\/wp-content\/uploads\/2025\/08\/3102.1HLE-Soldier-Web.png","type":"image\/png"}],"twitter_card":"summary_large_image","twitter_misc":{"Tiempo de lectura":"1 minuto"},"schema":{"@context":"https:\/\/schema.org","@graph":[{"@type":"WebPage","@id":"https:\/\/www.cuervoysobrinos.com\/es\/swiss-watches\/bestsellers\/asturias-pequenos-segundos-crema\/","url":"https:\/\/www.cuervoysobrinos.com\/es\/swiss-watches\/bestsellers\/asturias-pequenos-segundos-crema\/","name":"Asturias Peque\u00f1os Segundos - CUERVO Y SOBRINOS","isPartOf":{"@id":"https:\/\/www.cuervoysobrinos.com\/#website"},"primaryImageOfPage":{"@id":"https:\/\/www.cuervoysobrinos.com\/es\/swiss-watches\/bestsellers\/asturias-pequenos-segundos-crema\/#primaryimage"},"image":{"@id":"https:\/\/www.cuervoysobrinos.com\/es\/swiss-watches\/bestsellers\/asturias-pequenos-segundos-crema\/#primaryimage"},"thumbnailUrl":"https:\/\/www.cuervoysobrinos.com\/wp-content\/uploads\/2025\/08\/3102.1HLE-Soldier-Web.png","datePublished":"2025-08-25T10:33:56+00:00","dateModified":"2026-04-17T10:57:18+00:00","breadcrumb":{"@id":"https:\/\/www.cuervoysobrinos.com\/es\/swiss-watches\/bestsellers\/asturias-pequenos-segundos-crema\/#breadcrumb"},"inLanguage":"es","potentialAction":[{"@type":"ReadAction","target":["https:\/\/www.cuervoysobrinos.com\/es\/swiss-watches\/bestsellers\/asturias-pequenos-segundos-crema\/"]}]},{"@type":"ImageObject","inLanguage":"es","@id":"https:\/\/www.cuervoysobrinos.com\/es\/swiss-watches\/bestsellers\/asturias-pequenos-segundos-crema\/#primaryimage","url":"https:\/\/www.cuervoysobrinos.com\/wp-content\/uploads\/2025\/08\/3102.1HLE-Soldier-Web.png","contentUrl":"https:\/\/www.cuervoysobrinos.com\/wp-content\/uploads\/2025\/08\/3102.1HLE-Soldier-Web.png","width":1200,"height":1200},{"@type":"BreadcrumbList","@id":"https:\/\/www.cuervoysobrinos.com\/es\/swiss-watches\/bestsellers\/asturias-pequenos-segundos-crema\/#breadcrumb","itemListElement":[{"@type":"ListItem","position":1,"name":"Home","item":"https:\/\/www.cuervoysobrinos.com\/es\/"},{"@type":"ListItem","position":2,"name":"Tienda","item":"https:\/\/www.cuervoysobrinos.com\/es\/tienda\/"},{"@type":"ListItem","position":3,"name":"Asturias Peque\u00f1os Segundos"}]},{"@type":"WebSite","@id":"https:\/\/www.cuervoysobrinos.com\/#website","url":"https:\/\/www.cuervoysobrinos.com\/","name":"Cuervo y Sobrinos","description":"","publisher":{"@id":"https:\/\/www.cuervoysobrinos.com\/#organization"},"potentialAction":[{"@type":"SearchAction","target":{"@type":"EntryPoint","urlTemplate":"https:\/\/www.cuervoysobrinos.com\/?s={search_term_string}"},"query-input":{"@type":"PropertyValueSpecification","valueRequired":true,"valueName":"search_term_string"}}],"inLanguage":"es"},{"@type":"Organization","@id":"https:\/\/www.cuervoysobrinos.com\/#organization","name":"Cuervo y Sobrinos","url":"https:\/\/www.cuervoysobrinos.com\/","logo":{"@type":"ImageObject","inLanguage":"es","@id":"https:\/\/www.cuervoysobrinos.com\/#\/schema\/logo\/image\/","url":"https:\/\/www.cuervoysobrinos.com\/wp-content\/uploads\/2025\/07\/Logo.png","contentUrl":"https:\/\/www.cuervoysobrinos.com\/wp-content\/uploads\/2025\/07\/Logo.png","width":614,"height":319,"caption":"Cuervo y Sobrinos"},"image":{"@id":"https:\/\/www.cuervoysobrinos.com\/#\/schema\/logo\/image\/"}}]}},"_links":{"self":[{"href":"https:\/\/www.cuervoysobrinos.com\/es\/wp-json\/wp\/v2\/product\/17862","targetHints":{"allow":["GET"]}}],"collection":[{"href":"https:\/\/www.cuervoysobrinos.com\/es\/wp-json\/wp\/v2\/product"}],"about":[{"href":"https:\/\/www.cuervoysobrinos.com\/es\/wp-json\/wp\/v2\/types\/product"}],"replies":[{"embeddable":true,"href":"https:\/\/www.cuervoysobrinos.com\/es\/wp-json\/wp\/v2\/comments?post=17862"}],"version-history":[{"count":2,"href":"https:\/\/www.cuervoysobrinos.com\/es\/wp-json\/wp\/v2\/product\/17862\/revisions"}],"predecessor-version":[{"id":18077,"href":"https:\/\/www.cuervoysobrinos.com\/es\/wp-json\/wp\/v2\/product\/17862\/revisions\/18077"}],"wp:featuredmedia":[{"embeddable":true,"href":"https:\/\/www.cuervoysobrinos.com\/es\/wp-json\/wp\/v2\/media\/17863"}],"wp:attachment":[{"href":"https:\/\/www.cuervoysobrinos.com\/es\/wp-json\/wp\/v2\/media?parent=17862"}],"wp:term":[{"taxonomy":"product_brand","embeddable":true,"href":"https:\/\/www.cuervoysobrinos.com\/es\/wp-json\/wp\/v2\/product_brand?post=17862"},{"taxonomy":"product_cat","embeddable":true,"href":"https:\/\/www.cuervoysobrinos.com\/es\/wp-json\/wp\/v2\/product_cat?post=17862"},{"taxonomy":"product_tag","embeddable":true,"href":"https:\/\/www.cuervoysobrinos.com\/es\/wp-json\/wp\/v2\/product_tag?post=17862"}],"curies":[{"name":"wp","href":"https:\/\/api.w.org\/{rel}","templated":true}]}}